{"id":107,"date":"2019-03-19T11:26:27","date_gmt":"2019-03-19T10:26:27","guid":{"rendered":"https:\/\/albert.przemyska.pl\/?page_id=107"},"modified":"2019-03-19T12:00:08","modified_gmt":"2019-03-19T11:00:08","slug":"ogolnie-o-parafii","status":"publish","type":"page","link":"https:\/\/albert.przemyska.pl\/?page_id=107","title":{"rendered":"Og\u00f3lnie o parafii"},"content":{"rendered":"\n<h3 class=\"wp-block-heading\"><strong>PATRON:<\/strong><\/h3>\n\n\n\n<p><strong><em>\u015awi\u0119ty Brat Albert Chmielowski<\/em><\/strong><\/p>\n\n\n\n<h3 class=\"wp-block-heading\"><strong>ODPUST PARAFIALNY:<\/strong><\/h3>\n\n\n\n<p><strong><em>Wspomnienie \u015awi\u0119tego Brata Alberta &#8211; 17 czerwca<\/em><\/strong><\/p>\n\n\n\n<h3 class=\"wp-block-heading\"><strong>ERYGOWANA:<\/strong><\/h3>\n\n\n\n<p><strong><em>22 czerwca 1984 r. przez Abpa Ignacego Tokarczuka<\/em><\/strong><\/p>\n\n\n\n<h3 class=\"wp-block-heading\"><strong>UROCZYSTE POBO\u0141OGOS\u0141AWIENIE NOWEGO KO\u015aCIO\u0141A:<\/strong><\/h3>\n\n\n\n<p><em><strong>19 czerwca 1999 r. przez Abpa J\u00f3zefa Michalika<\/strong><\/em><\/p>\n\n\n\n<h3 class=\"wp-block-heading\"><strong>UROCZYSTE PO\u015aWI\u0118CENIE \u015aWI\u0104TYNI:<\/strong><\/h3>\n\n\n\n<p><strong><em>08 listopada 2009 r. przez Abpa J\u00f3zefa Michalika<br><\/em><\/strong><\/p>\n\n\n\n<h3 class=\"wp-block-heading\"><strong>DIECEZJA:<\/strong><\/h3>\n\n\n\n<p><strong><em>Archidiecezja Przemyska<\/em><\/strong><\/p>\n\n\n\n<h3 class=\"wp-block-heading\"><strong>ARCHIPREZBITERAT:<\/strong><\/h3>\n\n\n\n<p><strong><em>przemyski<\/em><\/strong><\/p>\n\n\n\n<h3 class=\"wp-block-heading\"><strong>DEKANAT:<\/strong><\/h3>\n\n\n\n<p><strong><em>Przemy\u015bl II<\/em><\/strong><\/p>\n\n\n\n<h3 class=\"wp-block-heading\"><strong>LICZBA WIERNYCH:<\/strong><\/h3>\n\n\n\n<p><strong><em>ok. 3 200<\/em><\/strong><\/p>\n\n\n\n<h3 class=\"wp-block-heading\"><strong>INNE KO\u015aCIO\u0141Y NA TERENIE PARAFII:<\/strong><\/h3>\n\n\n\n<p><strong><em>1.&nbsp;Kaplica pw. Podwy\u017cszenia Krzy\u017ca \u015awi\u0119tego w Domu Opieki Spo\u0142ecznej przy ul. \u015aw. Brata Alberta 1 (Msze \u015bwi\u0119te tylko dla pensjonariuszy)<br>2.&nbsp;Kaplica na terenie dawnego szpitala&nbsp;przy ul. Rogozi\u0144skiego (aktualnie ju\u017c nieczynna)<br>3. Kaplica w Miejskim Domu Pomocy Spo\u0142ecznej&nbsp;<\/em><\/strong><strong><em>(Msze \u015bwi\u0119te tylko dla pensjonariuszy)<\/em><\/strong><\/p>\n","protected":false},"excerpt":{"rendered":"<p>PATRON: \u015awi\u0119ty Brat Albert Chmielowski ODPUST PARAFIALNY: Wspomnienie \u015awi\u0119tego Brata Alberta &#8211; 17 czerwca ERYGOWANA: 22 czerwca 1984 r. przez Abpa Ignacego Tokarczuka UROCZYSTE POBO\u0141OGOS\u0141AWIENIE NOWEGO KO\u015aCIO\u0141A: 19 czerwca 1999 r. przez Abpa J\u00f3zefa Michalika UROCZYSTE PO\u015aWI\u0118CENIE \u015aWI\u0104TYNI: 08 listopada 2009 r. przez Abpa J\u00f3zefa Michalika DIECEZJA: Archidiecezja Przemyska ARCHIPREZBITERAT: przemyski DEKANAT: Przemy\u015bl II LICZBA &hellip; <\/p>\n<p class=\"link-more\"><a href=\"https:\/\/albert.przemyska.pl\/?page_id=107\" class=\"more-link\">Czytaj dalej<span class=\"screen-reader-text\"> \u201eOg\u00f3lnie o parafii\u201d<\/span><\/a><\/p>\n","protected":false},"author":1,"featured_media":108,"parent":97,"menu_order":0,"comment_status":"closed","ping_status":"closed","template":"","meta":{"footnotes":""},"class_list":["post-107","page","type-page","status-publish","has-post-thumbnail","hentry"],"_links":{"self":[{"href":"https:\/\/albert.przemyska.pl\/index.php?rest_route=\/wp\/v2\/pages\/107","targetHints":{"allow":["GET"]}}],"collection":[{"href":"https:\/\/albert.przemyska.pl\/index.php?rest_route=\/wp\/v2\/pages"}],"about":[{"href":"https:\/\/albert.przemyska.pl\/index.php?rest_route=\/wp\/v2\/types\/page"}],"author":[{"embeddable":true,"href":"https:\/\/albert.przemyska.pl\/index.php?rest_route=\/wp\/v2\/users\/1"}],"replies":[{"embeddable":true,"href":"https:\/\/albert.przemyska.pl\/index.php?rest_route=%2Fwp%2Fv2%2Fcomments&post=107"}],"version-history":[{"count":1,"href":"https:\/\/albert.przemyska.pl\/index.php?rest_route=\/wp\/v2\/pages\/107\/revisions"}],"predecessor-version":[{"id":109,"href":"https:\/\/albert.przemyska.pl\/index.php?rest_route=\/wp\/v2\/pages\/107\/revisions\/109"}],"up":[{"embeddable":true,"href":"https:\/\/albert.przemyska.pl\/index.php?rest_route=\/wp\/v2\/pages\/97"}],"wp:featuredmedia":[{"embeddable":true,"href":"https:\/\/albert.przemyska.pl\/index.php?rest_route=\/wp\/v2\/media\/108"}],"wp:attachment":[{"href":"https:\/\/albert.przemyska.pl\/index.php?rest_route=%2Fwp%2Fv2%2Fmedia&parent=107"}],"curies":[{"name":"wp","href":"https:\/\/api.w.org\/{rel}","templated":true}]}}