{"id":111,"date":"2019-03-19T11:28:35","date_gmt":"2019-03-19T10:28:35","guid":{"rendered":"https:\/\/albert.przemyska.pl\/?page_id=111"},"modified":"2019-03-19T11:30:45","modified_gmt":"2019-03-19T10:30:45","slug":"zasieg-terytorialny-naszej-parafii","status":"publish","type":"page","link":"https:\/\/albert.przemyska.pl\/?page_id=111","title":{"rendered":"Zasi\u0119g terytorialny naszej parafii"},"content":{"rendered":"\n<p><strong>&#8211; \u015bw. Brata Alberta,<br>&#8211; Astronaut\u00f3w,<br>&#8211; Barcewicza,<br>&#8211; Borelowskiego (tylko prawa strona &#8211; numery parzyste),<br>&#8211; Brodzi\u0144skiego,<br>&#8211; Ceramiczna,<br>&#8211; Chod\u017aki,<br>&#8211; Chrobrego,<br>&#8211; Gliniana,<br>&#8211; Graniczna,<br>&#8211; Focha,<br>&#8211; Idzikowskiego,<br>&#8211; Kad\u0142ubka,<br>&#8211; Ko\u017amiana,<br>&#8211; Lenartowicza,<br>&#8211; 29 Listopada (tylko numery od 16-32),<br>&#8211; Ma\u0142achowskiego,<br>&#8211; Obywatelska,<br>&#8211; Ordona,<br>&#8211; Orzeszkowej,<br>&#8211; Plater,<br>&#8211; Podg\u00f3rska,<br>&#8211; Pogodna,<br>&#8211; Rodziewicz\u00f3wny,<br>&#8211; Rogozi\u0144skiego,<br>&#8211; R\u00f3wna,<br>&#8211; Stanis\u0142awa Augusta (tylko prawa strona &#8211; numery parzyste),<br>&#8211; Tarnawskiego,<br>&#8211; Wybickiego,<br>&#8211; Wyspia\u0144skiego,<br>&#8211; Zadw\u00f3rza\u0144ska<\/strong><\/p>\n\n\n\n<figure class=\"wp-block-image\"><img loading=\"lazy\" decoding=\"async\" width=\"453\" height=\"427\" src=\"https:\/\/albert.przemyska.pl\/wp-content\/uploads\/2019\/03\/mapa_przemysl_2008.jpg\" alt=\"\" class=\"wp-image-114\" srcset=\"https:\/\/albert.przemyska.pl\/wp-content\/uploads\/2019\/03\/mapa_przemysl_2008.jpg 453w, https:\/\/albert.przemyska.pl\/wp-content\/uploads\/2019\/03\/mapa_przemysl_2008-300x283.jpg 300w\" sizes=\"auto, (max-width: 453px) 100vw, 453px\" \/><\/figure>\n","protected":false},"excerpt":{"rendered":"<p>&#8211; \u015bw. Brata Alberta,&#8211; Astronaut\u00f3w,&#8211; Barcewicza,&#8211; Borelowskiego (tylko prawa strona &#8211; numery parzyste),&#8211; Brodzi\u0144skiego,&#8211; Ceramiczna,&#8211; Chod\u017aki,&#8211; Chrobrego,&#8211; Gliniana,&#8211; Graniczna,&#8211; Focha,&#8211; Idzikowskiego,&#8211; Kad\u0142ubka,&#8211; Ko\u017amiana,&#8211; Lenartowicza,&#8211; 29 Listopada (tylko numery od 16-32),&#8211; Ma\u0142achowskiego,&#8211; Obywatelska,&#8211; Ordona,&#8211; Orzeszkowej,&#8211; Plater,&#8211; Podg\u00f3rska,&#8211; Pogodna,&#8211; Rodziewicz\u00f3wny,&#8211; Rogozi\u0144skiego,&#8211; R\u00f3wna,&#8211; Stanis\u0142awa Augusta (tylko prawa strona &#8211; numery parzyste),&#8211; Tarnawskiego,&#8211; Wybickiego,&#8211; Wyspia\u0144skiego,&#8211; Zadw\u00f3rza\u0144ska<\/p>\n","protected":false},"author":1,"featured_media":0,"parent":97,"menu_order":0,"comment_status":"closed","ping_status":"closed","template":"","meta":{"footnotes":""},"class_list":["post-111","page","type-page","status-publish","hentry"],"_links":{"self":[{"href":"https:\/\/albert.przemyska.pl\/index.php?rest_route=\/wp\/v2\/pages\/111","targetHints":{"allow":["GET"]}}],"collection":[{"href":"https:\/\/albert.przemyska.pl\/index.php?rest_route=\/wp\/v2\/pages"}],"about":[{"href":"https:\/\/albert.przemyska.pl\/index.php?rest_route=\/wp\/v2\/types\/page"}],"author":[{"embeddable":true,"href":"https:\/\/albert.przemyska.pl\/index.php?rest_route=\/wp\/v2\/users\/1"}],"replies":[{"embeddable":true,"href":"https:\/\/albert.przemyska.pl\/index.php?rest_route=%2Fwp%2Fv2%2Fcomments&post=111"}],"version-history":[{"count":2,"href":"https:\/\/albert.przemyska.pl\/index.php?rest_route=\/wp\/v2\/pages\/111\/revisions"}],"predecessor-version":[{"id":115,"href":"https:\/\/albert.przemyska.pl\/index.php?rest_route=\/wp\/v2\/pages\/111\/revisions\/115"}],"up":[{"embeddable":true,"href":"https:\/\/albert.przemyska.pl\/index.php?rest_route=\/wp\/v2\/pages\/97"}],"wp:attachment":[{"href":"https:\/\/albert.przemyska.pl\/index.php?rest_route=%2Fwp%2Fv2%2Fmedia&parent=111"}],"curies":[{"name":"wp","href":"https:\/\/api.w.org\/{rel}","templated":true}]}}