{"id":116,"date":"2019-03-19T11:33:04","date_gmt":"2019-03-19T10:33:04","guid":{"rendered":"https:\/\/albert.przemyska.pl\/?page_id=116"},"modified":"2019-03-19T12:00:25","modified_gmt":"2019-03-19T11:00:25","slug":"parafialne-konto-bankowe","status":"publish","type":"page","link":"https:\/\/albert.przemyska.pl\/?page_id=116","title":{"rendered":"Parafialne Konto Bankowe"},"content":{"rendered":"\n<p><strong>Wszelkie wp\u0142aty na konto naszej parafii<br>mo\u017cna dokonywa\u0107 na podany ni\u017cej numer konta:<\/strong><\/p>\n\n\n\n<figure class=\"wp-block-image\"><img loading=\"lazy\" decoding=\"async\" width=\"640\" height=\"400\" src=\"https:\/\/albert.przemyska.pl\/wp-content\/uploads\/2019\/03\/ofiara1.jpg\" alt=\"\" class=\"wp-image-117\" srcset=\"https:\/\/albert.przemyska.pl\/wp-content\/uploads\/2019\/03\/ofiara1.jpg 640w, https:\/\/albert.przemyska.pl\/wp-content\/uploads\/2019\/03\/ofiara1-300x188.jpg 300w\" sizes=\"auto, (max-width: 640px) 100vw, 640px\" \/><\/figure>\n\n\n\n<h3 class=\"wp-block-heading\"><strong>PARAFIA RZYM.-KAT. \u015aW. BRATA ALBERTA W PRZEMY\u015aLU<\/strong><br><strong>UL. \u015aW. BRATA ALBERTA 6<\/strong><br><strong>37-700 PRZEMY\u015aL<\/strong><\/h3>\n\n\n\n<h3 class=\"wp-block-heading\"><strong>14 1240 2568 1111 0010 6458 2068<\/strong><\/h3>\n\n\n\n<h3 class=\"wp-block-heading\"><strong>Tytu\u0142em:&nbsp;&#8222;<em>Darowizna na potrzeby parafii&#8221;<br>BANK PEKAO SA o\/Przemy\u015bl<\/em><\/strong><\/h3>\n\n\n\n<h3 class=\"wp-block-heading\"><strong>Przypominamy, \u017ce taca mszalna na potrzeby naszej parafii zbierana jest<br>we wszystkie drugie niedziele ka\u017cdego miesi\u0105ca.<\/strong><\/h3>\n","protected":false},"excerpt":{"rendered":"<p>Wszelkie wp\u0142aty na konto naszej parafiimo\u017cna dokonywa\u0107 na podany ni\u017cej numer konta: PARAFIA RZYM.-KAT. \u015aW. BRATA ALBERTA W PRZEMY\u015aLUUL. \u015aW. BRATA ALBERTA 637-700 PRZEMY\u015aL 14 1240 2568 1111 0010 6458 2068 Tytu\u0142em:&nbsp;&#8222;Darowizna na potrzeby parafii&#8221;BANK PEKAO SA o\/Przemy\u015bl Przypominamy, \u017ce taca mszalna na potrzeby naszej parafii zbierana jestwe wszystkie drugie niedziele ka\u017cdego miesi\u0105ca.<\/p>\n","protected":false},"author":1,"featured_media":0,"parent":97,"menu_order":0,"comment_status":"closed","ping_status":"closed","template":"","meta":{"footnotes":""},"class_list":["post-116","page","type-page","status-publish","hentry"],"_links":{"self":[{"href":"https:\/\/albert.przemyska.pl\/index.php?rest_route=\/wp\/v2\/pages\/116","targetHints":{"allow":["GET"]}}],"collection":[{"href":"https:\/\/albert.przemyska.pl\/index.php?rest_route=\/wp\/v2\/pages"}],"about":[{"href":"https:\/\/albert.przemyska.pl\/index.php?rest_route=\/wp\/v2\/types\/page"}],"author":[{"embeddable":true,"href":"https:\/\/albert.przemyska.pl\/index.php?rest_route=\/wp\/v2\/users\/1"}],"replies":[{"embeddable":true,"href":"https:\/\/albert.przemyska.pl\/index.php?rest_route=%2Fwp%2Fv2%2Fcomments&post=116"}],"version-history":[{"count":1,"href":"https:\/\/albert.przemyska.pl\/index.php?rest_route=\/wp\/v2\/pages\/116\/revisions"}],"predecessor-version":[{"id":118,"href":"https:\/\/albert.przemyska.pl\/index.php?rest_route=\/wp\/v2\/pages\/116\/revisions\/118"}],"up":[{"embeddable":true,"href":"https:\/\/albert.przemyska.pl\/index.php?rest_route=\/wp\/v2\/pages\/97"}],"wp:attachment":[{"href":"https:\/\/albert.przemyska.pl\/index.php?rest_route=%2Fwp%2Fv2%2Fmedia&parent=116"}],"curies":[{"name":"wp","href":"https:\/\/api.w.org\/{rel}","templated":true}]}}