{"id":119,"date":"2019-03-19T11:34:42","date_gmt":"2019-03-19T10:34:42","guid":{"rendered":"https:\/\/albert.przemyska.pl\/?page_id=119"},"modified":"2019-03-19T12:00:34","modified_gmt":"2019-03-19T11:00:34","slug":"uroczyste-poswiecenie-naszej-swiatyni-08-11-2009-r","status":"publish","type":"page","link":"https:\/\/albert.przemyska.pl\/?page_id=119","title":{"rendered":"Uroczyste po\u015bwi\u0119cenie naszej \u015bwi\u0105tyni 08.11.2009 r."},"content":{"rendered":"\n<figure class=\"wp-block-image\"><img loading=\"lazy\" decoding=\"async\" width=\"500\" height=\"331\" src=\"https:\/\/albert.przemyska.pl\/wp-content\/uploads\/2019\/03\/konsekracja2.jpg\" alt=\"\" class=\"wp-image-120\" srcset=\"https:\/\/albert.przemyska.pl\/wp-content\/uploads\/2019\/03\/konsekracja2.jpg 500w, https:\/\/albert.przemyska.pl\/wp-content\/uploads\/2019\/03\/konsekracja2-300x199.jpg 300w\" sizes=\"auto, (max-width: 500px) 100vw, 500px\" \/><\/figure>\n\n\n\n<p><strong>8 listopada 2009 o godzinie 11:30<\/strong><\/p>\n\n\n\n<p><strong>J.E. ks. Abp J\u00f3zef Michalik, Metropolita Przemyski<\/strong><\/p>\n\n\n\n<p><br><strong>dokona\u0142 uroczystego aktu po\u015bwi\u0119cenia naszej \u015bwi\u0105tyni parafialnej. Akt ten \u0142\u0105czy si\u0119 zawsze z umieszczeniem i po\u015bwi\u0119ceniem w czasie specjalnych obrz\u0119d\u00f3w w danej \u015bwi\u0105tyni sta\u0142ego (tzn. przytwierdzonego na sta\u0142e do pod\u0142ogi) O\u0142tarza S\u0142owa Bo\u017cego (ambony) oraz O\u0142tarza Eucharystycznego, gdzie zwyk\u0142y chleb przemienia si\u0119 w Naj\u015bwi\u0119tsze Cia\u0142o Jezusa Chrystusa, a zwyk\u0142e wino z wod\u0105 w Jego Przenaj\u015bwi\u0119tsz\u0105 Krew.<\/strong><br><strong>By\u0142a to niew\u0105tpliwie historyczna chwila i zarazem wielkie \u015bwi\u0119to dla naszej wsp\u00f3lnoty parafialnej.<\/strong><br><br><strong>&#8222;Po\u015bwi\u0119cenie tej \u015bwi\u0105tyni to wa\u017cny moment w \u017cyciu parafii&#8230;&#8221; te lub podobne s\u0142owa cz\u0119sto pada\u0142y w dniu 8 listopada 2009 r. kiedy to J.E. ks. Abp J\u00f3zef Michalik przyby\u0142 do naszej \u015bwi\u0105tyni, aby dokona\u0107 aktu po\u015bwi\u0119cenia, czyli oddania tej budowli przez namaszczenie o\u0142tarza i jej \u015bcian na w\u0142asno\u015b\u0107 Panu Bogu. By\u0142o to wielkie \u015bwi\u0119to naszej wsp\u00f3lnoty. Warto do niego powraca\u0107, wspomina\u0107 i ci\u0105gle szuka\u0107 przes\u0142ania dla siebie.<\/strong><\/p>\n","protected":false},"excerpt":{"rendered":"<p>8 listopada 2009 o godzinie 11:30 J.E. ks. Abp J\u00f3zef Michalik, Metropolita Przemyski dokona\u0142 uroczystego aktu po\u015bwi\u0119cenia naszej \u015bwi\u0105tyni parafialnej. Akt ten \u0142\u0105czy si\u0119 zawsze z umieszczeniem i po\u015bwi\u0119ceniem w czasie specjalnych obrz\u0119d\u00f3w w danej \u015bwi\u0105tyni sta\u0142ego (tzn. przytwierdzonego na sta\u0142e do pod\u0142ogi) O\u0142tarza S\u0142owa Bo\u017cego (ambony) oraz O\u0142tarza Eucharystycznego, gdzie zwyk\u0142y chleb przemienia si\u0119 &hellip; <\/p>\n<p class=\"link-more\"><a href=\"https:\/\/albert.przemyska.pl\/?page_id=119\" class=\"more-link\">Czytaj dalej<span class=\"screen-reader-text\"> \u201eUroczyste po\u015bwi\u0119cenie naszej \u015bwi\u0105tyni 08.11.2009 r.\u201d<\/span><\/a><\/p>\n","protected":false},"author":1,"featured_media":0,"parent":97,"menu_order":0,"comment_status":"closed","ping_status":"closed","template":"","meta":{"footnotes":""},"class_list":["post-119","page","type-page","status-publish","hentry"],"_links":{"self":[{"href":"https:\/\/albert.przemyska.pl\/index.php?rest_route=\/wp\/v2\/pages\/119","targetHints":{"allow":["GET"]}}],"collection":[{"href":"https:\/\/albert.przemyska.pl\/index.php?rest_route=\/wp\/v2\/pages"}],"about":[{"href":"https:\/\/albert.przemyska.pl\/index.php?rest_route=\/wp\/v2\/types\/page"}],"author":[{"embeddable":true,"href":"https:\/\/albert.przemyska.pl\/index.php?rest_route=\/wp\/v2\/users\/1"}],"replies":[{"embeddable":true,"href":"https:\/\/albert.przemyska.pl\/index.php?rest_route=%2Fwp%2Fv2%2Fcomments&post=119"}],"version-history":[{"count":1,"href":"https:\/\/albert.przemyska.pl\/index.php?rest_route=\/wp\/v2\/pages\/119\/revisions"}],"predecessor-version":[{"id":121,"href":"https:\/\/albert.przemyska.pl\/index.php?rest_route=\/wp\/v2\/pages\/119\/revisions\/121"}],"up":[{"embeddable":true,"href":"https:\/\/albert.przemyska.pl\/index.php?rest_route=\/wp\/v2\/pages\/97"}],"wp:attachment":[{"href":"https:\/\/albert.przemyska.pl\/index.php?rest_route=%2Fwp%2Fv2%2Fmedia&parent=119"}],"curies":[{"name":"wp","href":"https:\/\/api.w.org\/{rel}","templated":true}]}}