{"id":122,"date":"2019-03-19T11:37:23","date_gmt":"2019-03-19T10:37:23","guid":{"rendered":"https:\/\/albert.przemyska.pl\/?page_id=122"},"modified":"2019-03-19T11:59:32","modified_gmt":"2019-03-19T10:59:32","slug":"katechezy-przedmalzenskie","status":"publish","type":"page","link":"https:\/\/albert.przemyska.pl\/?page_id=122","title":{"rendered":"Katechezy przedma\u0142\u017ce\u0144skie"},"content":{"rendered":"\n<h3 class=\"wp-block-heading\">Katechezy przygotowuj\u0105ce do sakramentu ma\u0142\u017ce\u0144stwa w przemyskich parafiach:<\/h3>\n\n\n\n<table class=\"wp-block-table\"><tbody><tr><td><strong>Miesi\u0105c<\/strong><\/td><td><strong>Parafia<\/strong><\/td><td><strong>Kontakt<\/strong><\/td><\/tr><tr><td>&nbsp;<strong>Stycze\u0144<\/strong><\/td><td>&nbsp;<strong>NMP Nieustaj\u0105cej Pomocy &#8211; B\u0142onie<\/strong>&nbsp;<\/td><td>&nbsp;<strong>tel. 016 675 06 70<\/strong><\/td><\/tr><tr><td>&nbsp;<strong>Luty<\/strong><\/td><td>&nbsp;<strong>\u015awi\u0119tego Jana Chrzciciela &#8211; Archikatedra<\/strong>&nbsp;<\/td><td>&nbsp;<strong>tel. 016 678 70 54<\/strong><\/td><\/tr><tr><td>&nbsp;<strong>Marzec<\/strong><\/td><td>&nbsp;<strong>\u015awi\u0119tych Benedykta, Cyryla i Metodego &#8211; Kazan\u00f3w<\/strong>&nbsp;<\/td><td>&nbsp;<strong>tel. 016 670 03 12<\/strong><\/td><\/tr><tr><td>&nbsp;<strong>Kwiecie\u0144<\/strong><\/td><td>&nbsp;<strong>\u015awi\u0119tego Brata Alberta<\/strong>&nbsp;<\/td><td>&nbsp;<strong>tel. 016 677 94 20<\/strong><\/td><\/tr><tr><td>&nbsp;<strong>Maj<\/strong><\/td><td>&nbsp;<strong>\u015awi\u0119tego Jana z Dukli<\/strong>&nbsp;<\/td><td>&nbsp;<strong>tel. 016 676 97 60<\/strong><\/td><\/tr><tr><td>&nbsp;<strong>Czerwiec<\/strong><\/td><td>&nbsp;<strong>\u015awi\u0119tego J\u00f3zefa &#8211; Salezjanie<\/strong>&nbsp;<\/td><td>&nbsp;<strong>tel. 016 670 25 25<\/strong><\/td><\/tr><tr><td>&nbsp;<strong>Lipiec<\/strong><\/td><td>&nbsp;<strong>OO. Karmelici<\/strong>&nbsp;<\/td><td>&nbsp;<strong>tel. 016 678 60 14<\/strong><\/td><\/tr><tr><td>&nbsp;<strong>Wrzesie\u0144<\/strong><\/td><td>&nbsp;<strong>OO. Reformaci<\/strong>&nbsp;<\/td><td>&nbsp;<strong>tel. 016 678 57 40<\/strong><\/td><\/tr><tr><td>&nbsp;<strong>Pa\u017adziernik<\/strong><\/td><td>&nbsp;<strong>Tr\u00f3jcy \u015awi\u0119tej<\/strong>&nbsp;<\/td><td>&nbsp;<strong>tel. 016 677 06 90<\/strong><\/td><\/tr><tr><td>&nbsp;<strong>Listopad<\/strong><\/td><td>&nbsp;<strong>OO. Franciszkanie<\/strong>&nbsp;<\/td><td>&nbsp;<strong>tel. 016 678 24 60<\/strong><\/td><\/tr><tr><td>&nbsp;<strong>Grudzie\u0144<\/strong><\/td><td>&nbsp;<strong>NMP Kr\u00f3lowej Polski &#8211; Kmiecie<\/strong>&nbsp;<\/td><td>&nbsp;<strong>tel. 016 670 66 68<\/strong><\/td><\/tr><\/tbody><\/table>\n","protected":false},"excerpt":{"rendered":"<p>Katechezy przygotowuj\u0105ce do sakramentu ma\u0142\u017ce\u0144stwa w przemyskich parafiach: Miesi\u0105c Parafia Kontakt &nbsp;Stycze\u0144 &nbsp;NMP Nieustaj\u0105cej Pomocy &#8211; B\u0142onie&nbsp; &nbsp;tel. 016 675 06 70 &nbsp;Luty &nbsp;\u015awi\u0119tego Jana Chrzciciela &#8211; Archikatedra&nbsp; &nbsp;tel. 016 678 70 54 &nbsp;Marzec &nbsp;\u015awi\u0119tych Benedykta, Cyryla i Metodego &#8211; Kazan\u00f3w&nbsp; &nbsp;tel. 016 670 03 12 &nbsp;Kwiecie\u0144 &nbsp;\u015awi\u0119tego Brata Alberta&nbsp; &nbsp;tel. 016 677 94 20 &hellip; <\/p>\n<p class=\"link-more\"><a href=\"https:\/\/albert.przemyska.pl\/?page_id=122\" class=\"more-link\">Czytaj dalej<span class=\"screen-reader-text\"> \u201eKatechezy przedma\u0142\u017ce\u0144skie\u201d<\/span><\/a><\/p>\n","protected":false},"author":1,"featured_media":0,"parent":97,"menu_order":0,"comment_status":"closed","ping_status":"closed","template":"","meta":{"footnotes":""},"class_list":["post-122","page","type-page","status-publish","hentry"],"_links":{"self":[{"href":"https:\/\/albert.przemyska.pl\/index.php?rest_route=\/wp\/v2\/pages\/122","targetHints":{"allow":["GET"]}}],"collection":[{"href":"https:\/\/albert.przemyska.pl\/index.php?rest_route=\/wp\/v2\/pages"}],"about":[{"href":"https:\/\/albert.przemyska.pl\/index.php?rest_route=\/wp\/v2\/types\/page"}],"author":[{"embeddable":true,"href":"https:\/\/albert.przemyska.pl\/index.php?rest_route=\/wp\/v2\/users\/1"}],"replies":[{"embeddable":true,"href":"https:\/\/albert.przemyska.pl\/index.php?rest_route=%2Fwp%2Fv2%2Fcomments&post=122"}],"version-history":[{"count":3,"href":"https:\/\/albert.przemyska.pl\/index.php?rest_route=\/wp\/v2\/pages\/122\/revisions"}],"predecessor-version":[{"id":128,"href":"https:\/\/albert.przemyska.pl\/index.php?rest_route=\/wp\/v2\/pages\/122\/revisions\/128"}],"up":[{"embeddable":true,"href":"https:\/\/albert.przemyska.pl\/index.php?rest_route=\/wp\/v2\/pages\/97"}],"wp:attachment":[{"href":"https:\/\/albert.przemyska.pl\/index.php?rest_route=%2Fwp%2Fv2%2Fmedia&parent=122"}],"curies":[{"name":"wp","href":"https:\/\/api.w.org\/{rel}","templated":true}]}}