{"id":132,"date":"2019-03-19T11:57:44","date_gmt":"2019-03-19T10:57:44","guid":{"rendered":"https:\/\/albert.przemyska.pl\/?page_id=132"},"modified":"2019-03-19T11:59:43","modified_gmt":"2019-03-19T10:59:43","slug":"modlitewnik","status":"publish","type":"page","link":"https:\/\/albert.przemyska.pl\/?page_id=132","title":{"rendered":"Modlitewnik"},"content":{"rendered":"\n<h3 class=\"wp-block-heading\"><strong>Ojcze nasz<\/strong><\/h3>\n\n\n\n<p><strong>Ojcze nasz, kt\u00f3ry\u015b jest w niebie: \u015bwi\u0119\u0107 si\u0119 imi\u0119 Twoje, przyjd\u017a Kr\u00f3lestwo Twoje, b\u0105d\u017a wola Twoja jako w niebie, tak i na ziemi. Chleba naszego powszedniego daj nam dzisiaj. I odpu\u015b\u0107 nam nasze winy, jako i my odpuszczamy naszym winowajcom. I nie w\u00f3d\u017a nas na pokuszenie, ale nas zbaw ode z\u0142ego. Amen.<\/strong><br><br><\/p>\n\n\n\n<hr class=\"wp-block-separator\"\/>\n\n\n\n<h3 class=\"wp-block-heading\"><strong>Zdrowa\u015b Maryjo<\/strong><\/h3>\n\n\n\n<p><strong>Zdrowa\u015b Maryjo, \u0142aski pe\u0142na, Pan z Tob\u0105, b\u0142ogos\u0142awiona\u015b Ty mi\u0119dzy niewiastami i b\u0142ogos\u0142awiony owoc \u017cywota Twojego, Jezus. \u015awi\u0119ta Maryjo, Matko Bo\u017ca, m\u00f3dl si\u0119 za nami grzesznymi teraz i w godzin\u0119 \u015bmierci naszej. Amen.<\/strong><br><br><\/p>\n\n\n\n<hr class=\"wp-block-separator\"\/>\n\n\n\n<h3 class=\"wp-block-heading\"><strong>Wyznanie wiary &#8211; Credo<\/strong><\/h3>\n\n\n\n<p><strong>Wierz\u0119 w jednego Boga, Ojca Wszechmog\u0105cego, Stworzyciela nieba i ziemi, wszystkich rzeczy widzialnych i niewidzialnych. I w jednego Pana Jezusa Chrystusa, Syna Bo\u017cego Jednorodzonego, kt\u00f3ry z Ojca jest zrodzony przed wszystkimi wiekami. B\u00f3g z Boga, \u015awiat\u0142o\u015b\u0107 ze \u015awiat\u0142o\u015bci, B\u00f3g prawdziwy z Boga prawdziwego. Zrodzony a nie stworzony, wsp\u00f3\u0142istotny Ojcu, a przez Niego wszystko si\u0119 sta\u0142o. On to dla nas ludzi i dla naszego zbawienia zst\u0105pi\u0142 z nieba. I za spraw\u0105 Ducha \u015awi\u0119tego przyj\u0105\u0142 cia\u0142o z Maryi Dziewicy i sta\u0142 si\u0119 cz\u0142owiekiem. Ukrzy\u017cowany r\u00f3wnie\u017c za nas, pod Poncjuszem Pi\u0142atem zosta\u0142 um\u0119czony i pogrzebany. I zmartwychwsta\u0142 dnia trzeciego, jak oznajmia Pismo. I wst\u0105pi\u0142 do nieba; siedzi po prawicy Ojca. I powt\u00f3rnie przyjdzie w chwale s\u0105dzi\u0107 \u017cywych i umar\u0142ych, a Kr\u00f3lestwu Jego nie b\u0119dzie ko\u0144ca. Wierz\u0119 w Ducha \u015awi\u0119tego, Pana i O\u017cywiciela, kt\u00f3ry od Ojca i Syna pochodzi. Kt\u00f3ry z Ojcem i Synem wsp\u00f3lnie odbiera uwielbienie i chwa\u0142\u0119 kt\u00f3ry m\u00f3wi\u0142 przez Prorok\u00f3w. Wierz\u0119 w jeden, \u015awi\u0119ty, powszechny i apostolski Ko\u015bci\u00f3\u0142. Wyznaj\u0119 jeden chrzest na odpuszczenie grzech\u00f3w. I oczekuj\u0119 wskrzeszenia umar\u0142ych. I \u017cycia wiecznego w przysz\u0142ym \u015bwiecie. Amen.<\/strong><br><br><\/p>\n\n\n\n<hr class=\"wp-block-separator\"\/>\n\n\n\n<h3 class=\"wp-block-heading\"><strong>Wyznanie wiary &#8211; Sk\u0142ad Apostolski<\/strong><\/h3>\n\n\n\n<p><strong>Wierz\u0119 w Boga Ojca Wszechmog\u0105cego, Stworzyciela nieba i ziemi, i w Jezusa Chrystusa, Syna Jego Jedynego, Pana naszego, kt\u00f3ry si\u0119 pocz\u0105\u0142 z Ducha \u015bwi\u0119tego, narodzi\u0142 si\u0119 z Maryi Panny, um\u0119czon pod Ponckim Pi\u0142atem, ukrzy\u017cowan, umar\u0142 i pogrzebion, zst\u0105pi\u0142 do piekie\u0142, trzeciego dnia zmartwychwsta\u0142, wst\u0105pi\u0142 na niebiosa, siedzi po prawicy Boga Ojca Wszechmog\u0105cego, stamt\u0105d przyjdzie s\u0105dzi\u0107 \u017cywych i umar\u0142ych. Wierz\u0119 w Ducha \u015awi\u0119tego, \u015bwi\u0119ty Ko\u015bci\u00f3\u0142 powszechny, \u015bwi\u0119tych obcowanie, grzech\u00f3w odpuszczenie, cia\u0142a zmartwychwstanie, \u017cywot wieczny. Amen.<\/strong><\/p>\n\n\n\n<hr class=\"wp-block-separator\"\/>\n\n\n\n<h3 class=\"wp-block-heading\"><strong>Akty<\/strong><\/h3>\n\n\n\n<p><strong>Wierz\u0119 w Ciebie, Bo\u017ce \u017cywy,<br>W Tr\u00f3jcy jedyny, prawdziwy<br>Wierz\u0119 w co\u015b Objawi\u0142 Bo\u017ce,<br>Twe s\u0142owo myli\u0107 nie mo\u017ce<\/strong><\/p>\n\n\n\n<p><strong>Ufam Tobie, bo\u015b Ty wierny,<br>Wszechmocny i mi\u0142osierny<br>Dasz mi grzech\u00f3w odpuszczenie,<br>\u0141ask\u0119 i wieczne zbawienie.<\/strong><\/p>\n\n\n\n<p><strong>Bo\u017ce, cho\u0107 Ci\u0119 nie pojmuj\u0119,<br>Jednak nad wszystko mi\u0142uj\u0119.<br>Nad wszystko, co jest stworzone,<br>Bo\u015b Ty dobro niesko\u0144czone.<\/strong><\/p>\n\n\n\n<p><strong>Ach, \u017ca\u0142uj\u0119 za me z\u0142o\u015bci<br>Jedynie dla Twej mi\u0142o\u015bci<br>B\u0105d\u017a mi\u0142o\u015bciw mnie grzesznemu,<br>Dla Ciebie odpuszczam bli\u017aniemu.<\/strong><br><br><\/p>\n\n\n\n<hr class=\"wp-block-separator\"\/>\n\n\n\n<h3 class=\"wp-block-heading\"><strong>Anio\u0142 Pa\u0144ski<\/strong><\/h3>\n\n\n\n<p><strong>P.: Anio\u0142 Pa\u0144ski zwiastowa\u0142 Pannie Maryi.<br>W.: I pocz\u0119\u0142a z Ducha \u015awi\u0119tego.<br>Zdrowa\u015b Maryjo, \u0142aski pe\u0142na, Pan z Tob\u0105. B\u0142ogos\u0142awiona\u015b Ty mi\u0119dzy niewiastami i b\u0142ogos\u0142awiony owoc \u017cywota Twojego, Jezus. \u015awi\u0119ta Maryjo, Matko Bo\u017ca, m\u00f3dl si\u0119 za nami grzesznymi, teraz i w godzinie \u015bmierci naszej. Amen.<br>P.: Oto ja, s\u0142u\u017cebnica Pa\u0144ska.<br>W.: Niech mi si\u0119 stanie wed\u0142ug s\u0142owa Twego.<br>Zdrowa\u015b Maryjo\u2026<br>P.: A S\u0142owo sta\u0142o si\u0119 cia\u0142em.<br>W.: I mieszka\u0142o mi\u0119dzy nami.<br>Zdrowa\u015b Maryjo\u2026<br>P.: M\u00f3dl si\u0119 za nami, \u015bwi\u0119ta Bo\u017ca Rodzicielko.<br>W.: Aby\u015bmy si\u0119 stali godnymi obietnic Chrystusowych.<br>P.: M\u00f3dlmy si\u0119: \u0141ask\u0119 Twoj\u0105 prosimy Ci\u0119, Panie, racz wla\u0107 w serca nasze, aby\u015bmy kt\u00f3rzy za zwiastowaniem anielskim Wcielenie Chrystusa, Syna Twego poznali, przez M\u0119k\u0119 Jego i Krzy\u017c do chwa\u0142y zmartwychwstania byli doprowadzeni. Przez Chrystusa Pana naszego.<br>W.: Amen.<br>P.: Chwa\u0142a Ojcu i Synowi, i Duchowi \u015awi\u0119temu.<br>W.: Jak by\u0142a na pocz\u0105tku, teraz i zawsze, i na wieki wiek\u00f3w.<br>Amen.<br>P.: Wieczny odpoczynek racz im da\u0107, Panie.<br>W.: A \u015bwiat\u0142o\u015b\u0107 wiekuista niechaj im \u015bwieci.<br>P:. Niech odpoczywaj\u0105 w pokoju.<br>W.: Amen.<\/strong><br><br><\/p>\n\n\n\n<hr class=\"wp-block-separator\"\/>\n\n\n\n<h3 class=\"wp-block-heading\"><strong>Kr\u00f3lowo nieba<\/strong><\/h3>\n\n\n\n<p><strong>K.:Kr\u00f3lowo nieba, wesel si\u0119.<\/strong><\/p>\n\n\n\n<p><strong>W.: Alleluja.<br>K.:Bo Ten, kt\u00f3rego\u015b nosi\u0142a.<br>W.: Alleluja.<br>K.:Zmartwychwsta\u0142 jak powiedzia\u0142.<br>W.: Alleluja.<br>K.:M\u00f3dl si\u0119 za nami do Boga.<br>W.: Alleluja.<\/strong><\/p>\n\n\n\n<p><strong>K.: Raduj si\u0119 i wesel, Panno Maryjo, alleluja.<\/strong><\/p>\n\n\n\n<p><strong>W.: Bo zmartwychwsta\u0142 Pan prawdziwie, alleluja.<\/strong><\/p>\n\n\n\n<p><strong>K.: M\u00f3dlmy si\u0119:&nbsp;Bo\u017ce, kt\u00f3ry\u015b przez zmartwychwstanie Syna swojego, Pana naszego Jezusa Chrystusa \u015bwiat uweseli\u0107 raczy\u0142, daj nam, prosimy, aby\u015bmy przez Jego Rodzicielk\u0119 Pann\u0119 Maryj\u0119 dost\u0105pili rado\u015bci \u017cycia wiecznego. Przez tego\u017c Chrystusa Pana naszego.<\/strong><\/p>\n\n\n\n<p><strong>W.: Amen.<\/strong><\/p>\n\n\n\n<hr class=\"wp-block-separator\"\/>\n\n\n\n<h3 class=\"wp-block-heading\"><strong>Witaj Kr\u00f3lowo<\/strong><\/h3>\n\n\n\n<p><strong>Witaj, Kr\u00f3lowo, Matko mi\u0142osierdzia, \u017cycia, s\u0142odyczy i nadziejo nasza, witaj! Do Ciebie wo\u0142amy wygna\u0144cy, synowie Ewy; do Ciebie wzdychamy j\u0119cz\u0105c i p\u0142acz\u0105c na tym \u0142ez padole. Przeto, Or\u0119downiczko nasza, one mi\u0142osierne oczy Twoje na nas zwr\u00f3\u0107, a Jezusa, b\u0142ogos\u0142awiony owoc \u017cywota Twojego, po tym wygnaniu nam oka\u017c. O \u0142askawa, o lito\u015bciwa, o s\u0142odka Panno Maryjo!<\/strong><br><br><\/p>\n\n\n\n<hr class=\"wp-block-separator\"\/>\n\n\n\n<h3 class=\"wp-block-heading\"><strong>Pod Twoj\u0105 obron\u0119<\/strong><\/h3>\n\n\n\n<p><strong>Pod Twoj\u0105 obron\u0119 uciekamy si\u0119, \u015bwi\u0119ta Bo\u017ca Rodzicielko, naszymi pro\u015bbami racz nie gardzi\u0107 w potrzebach naszych, ale od wszelakich z\u0142ych przyg\u00f3d racz nas zawsze wybawia\u0107, Panno chwalebna i b\u0142ogos\u0142awiona. O Pani nasza, Or\u0119downiczko nasza, Po\u015bredniczko nasza, Pocieszycielko nasza. Z Synem swoim nas pojednaj, Synowi swojemu nas polecaj, swojemu Synowi nas oddawaj. Amen.<\/strong><br><br><\/p>\n\n\n\n<hr class=\"wp-block-separator\"\/>\n\n\n\n<h3 class=\"wp-block-heading\"><strong>Aniele Bo\u017cy<\/strong><\/h3>\n\n\n\n<p><strong>Aniele Bo\u017cy, str\u00f3\u017cu m\u00f3j, Ty zawsze przy mnie st\u00f3j. Rano, wiecz\u00f3r, we dnie, w nocy, b\u0105d\u017a mi zawsze ku pomocy, strze\u017c duszy, cia\u0142a mego, zaprowad\u017a mnie do \u017cywota wiecznego. Amen.<\/strong><br><br><\/p>\n\n\n\n<hr class=\"wp-block-separator\"\/>\n\n\n\n<h3 class=\"wp-block-heading\"><strong>Modlitwa do \u015bw. Micha\u0142a Archanio\u0142a<\/strong><\/h3>\n\n\n\n<p><strong>\u015awi\u0119ty Michale Archaniele, bro\u0144 nas w walce. Przeciw niegodziwo\u015bci i zasadzkom z\u0142ego ducha b\u0105d\u017a nam obron\u0105. Niech mu rozka\u017ce B\u00f3g, pokornie prosimy, a Ty, Ksi\u0105\u017c\u0119 wojska niebieskiego, szatana i inne duchy z\u0142e, kt\u00f3re na zgub\u0119 dusz kr\u0105\u017c\u0105 po \u015bwiecie, Moc\u0105 Bo\u017c\u0105 str\u0105\u0107 do piek\u0142a. Amen.<\/strong><br><br><\/p>\n\n\n\n<hr class=\"wp-block-separator\"\/>\n\n\n\n<h3 class=\"wp-block-heading\"><strong>Przed jedzeniem<\/strong><\/h3>\n\n\n\n<p><strong>B\u0105d\u017a pochwalony, Panie Bo\u017ce nasz, za te dary kt\u00f3re z Twej dobroci spo\u017cywa\u0107 mamy. Przez Chrystusa Pana naszego. Amen.<\/strong><\/p>\n\n\n\n<p><strong>Bo\u017ce, dzi\u0119ki Ci sk\u0142adamy za to, co po\u017cywa\u0107 mamy. Ty nas \u017cywi\u0107 nie przestajesz, b\u0105d\u017a pochwalon za to, co nam dajesz. Amen.<\/strong><\/p>\n\n\n\n<p><strong>Pob\u0142ogos\u0142aw Panie Bo\u017ce nas, pob\u0142ogos\u0142aw ten posi\u0142ek, tych, kt\u00f3rzy go przygotowali i naucz nas dzieli\u0107 si\u0119 chlebem i rado\u015bci\u0105 ze wszystkimi. Amen.<\/strong><br><br><\/p>\n\n\n\n<hr class=\"wp-block-separator\"\/>\n\n\n\n<h3 class=\"wp-block-heading\"><strong>Po jedzeniu<\/strong><\/h3>\n\n\n\n<p><strong>Za ten posi\u0142ek i wszystkie dary Twej dobroci chwalimy Ciebie Bo\u017ce przez Chrystusa Pana naszego. Amen.<\/strong><\/p>\n\n\n\n<p><strong>Dzi\u0119kujemy Ci, Bo\u017ce, za te dary, kt\u00f3re\u015bmy z dobroci Twojej po\u017cywali. Przez Chrystusa Pana naszego. Amen.<\/strong><\/p>\n\n\n\n<p><strong>Chwa\u0142a Tobie, cze\u015b\u0107 i dzi\u0119ki za posi\u0142ek z Twojej r\u0119ki. Dobry Bo\u017ce dzi\u0119ki masz za to, co po\u017cywa\u0107 dasz. Amen.<\/strong><br><br><\/p>\n\n\n\n<hr class=\"wp-block-separator\"\/>\n\n\n\n<h3 class=\"wp-block-heading\"><strong>Przed nauk\u0105<\/strong><\/h3>\n\n\n\n<p><strong>Duchu \u015awi\u0119ty, kt\u00f3ry o\u015bwiecasz serca i umys\u0142y nasze, dodaj nam ochoty i zdolno\u015bci, by nasza nauka by\u0142a dla nas po\u017cytkiem doczesnym i wiecznym. Przez Chrystusa, Pana naszego. Amen.<\/strong><br><br><\/p>\n\n\n\n<hr class=\"wp-block-separator\"\/>\n\n\n\n<h3 class=\"wp-block-heading\"><strong>Po nauce<\/strong><\/h3>\n\n\n\n<p><strong>Dzi\u0119ki Ci Bo\u017ce za \u015bwiat\u0142o tej nauki, pragniemy, aby\u015bmy ni\u0105 o\u015bwieceni, mogli Ci\u0119 zawsze wielbi\u0107 i wol\u0119 Twoj\u0105 wype\u0142nia\u0107. Przez Chrystusa, Pana naszego. Amen.<\/strong><\/p>\n","protected":false},"excerpt":{"rendered":"<p>Ojcze nasz Ojcze nasz, kt\u00f3ry\u015b jest w niebie: \u015bwi\u0119\u0107 si\u0119 imi\u0119 Twoje, przyjd\u017a Kr\u00f3lestwo Twoje, b\u0105d\u017a wola Twoja jako w niebie, tak i na ziemi. Chleba naszego powszedniego daj nam dzisiaj. I odpu\u015b\u0107 nam nasze winy, jako i my odpuszczamy naszym winowajcom. I nie w\u00f3d\u017a nas na pokuszenie, ale nas zbaw ode z\u0142ego. Amen. Zdrowa\u015b &hellip; <\/p>\n<p class=\"link-more\"><a href=\"https:\/\/albert.przemyska.pl\/?page_id=132\" class=\"more-link\">Czytaj dalej<span class=\"screen-reader-text\"> \u201eModlitewnik\u201d<\/span><\/a><\/p>\n","protected":false},"author":1,"featured_media":0,"parent":97,"menu_order":0,"comment_status":"closed","ping_status":"closed","template":"","meta":{"footnotes":""},"class_list":["post-132","page","type-page","status-publish","hentry"],"_links":{"self":[{"href":"https:\/\/albert.przemyska.pl\/index.php?rest_route=\/wp\/v2\/pages\/132","targetHints":{"allow":["GET"]}}],"collection":[{"href":"https:\/\/albert.przemyska.pl\/index.php?rest_route=\/wp\/v2\/pages"}],"about":[{"href":"https:\/\/albert.przemyska.pl\/index.php?rest_route=\/wp\/v2\/types\/page"}],"author":[{"embeddable":true,"href":"https:\/\/albert.przemyska.pl\/index.php?rest_route=\/wp\/v2\/users\/1"}],"replies":[{"embeddable":true,"href":"https:\/\/albert.przemyska.pl\/index.php?rest_route=%2Fwp%2Fv2%2Fcomments&post=132"}],"version-history":[{"count":1,"href":"https:\/\/albert.przemyska.pl\/index.php?rest_route=\/wp\/v2\/pages\/132\/revisions"}],"predecessor-version":[{"id":133,"href":"https:\/\/albert.przemyska.pl\/index.php?rest_route=\/wp\/v2\/pages\/132\/revisions\/133"}],"up":[{"embeddable":true,"href":"https:\/\/albert.przemyska.pl\/index.php?rest_route=\/wp\/v2\/pages\/97"}],"wp:attachment":[{"href":"https:\/\/albert.przemyska.pl\/index.php?rest_route=%2Fwp%2Fv2%2Fmedia&parent=132"}],"curies":[{"name":"wp","href":"https:\/\/api.w.org\/{rel}","templated":true}]}}