{"id":178,"date":"2019-03-21T08:21:51","date_gmt":"2019-03-21T07:21:51","guid":{"rendered":"https:\/\/albert.przemyska.pl\/?page_id=178"},"modified":"2019-03-21T08:22:10","modified_gmt":"2019-03-21T07:22:10","slug":"nowenna-dziewieciodniowa-do-swietego-brata-alberta%ef%bb%bf","status":"publish","type":"page","link":"https:\/\/albert.przemyska.pl\/?page_id=178","title":{"rendered":"Nowenna dziewi\u0119ciodniowa do \u015awi\u0119tego Brata Alberta\ufeff"},"content":{"rendered":"\n<p><br><strong><em>Wst\u0119p:<\/em><\/strong><br><strong>W. Bo\u017ce wejrzyj ku wspomo\u017ceniu memu.<br>O. Panie pospiesz ku ratunkowi memu.<br>W. Chwa\u0142a Ojcu&#8230;<br>O. Jak by\u0142a na pocz\u0105tku&#8230;<br><br><em>(Wst\u0119p odmawia si\u0119 na pocz\u0105tku, w ka\u017cdym dniu nowenny)<\/em><\/strong><br><br><\/p>\n\n\n\n<h3 class=\"wp-block-heading\"><strong>Dzie\u0144 pierwszy<\/strong><\/h3>\n\n\n\n<p><strong>\u015awi\u0119ty Bracie Albercie, kt\u00f3rego B\u00f3g da\u0142 naszym czasom za patrona i or\u0119downika w codziennych zmaganiach o byt materialny oraz o kszta\u0142towanie naszej to\u017csamo\u015bci religijnej i narodowej; przychodzimy do Ciebie, by nauczy\u0107 si\u0119 wielkiej sztuki umiej\u0119tnego korzystania z daru \u017cycia i poszanowania prawa do \u017cycia od pocz\u0119cia a\u017c do naturalnej \u015bmierci, prawa wolno\u015bci i ludzkiej godno\u015bci.<br><br>Ty, kt\u00f3ry w ka\u017cdym cz\u0142owieku widzia\u0142e\u015b obraz Bo\u017cy i cz\u0142onka wielkiej rodziny ludzkiej, upro\u015b nam ducha jedno\u015bci i wsp\u00f3\u0142odpowiedzialno\u015bci, by\u015bmy uznaj\u0105c Boga za wsp\u00f3lnego nam Ojca, wype\u0142niali Jego Naj\u015bwi\u0119tsz\u0105 Wol\u0119, a mi\u0142uj\u0105c si\u0119 wzajemnie, zd\u0105\u017cali do obiecanego nam szcz\u0119\u015bcia w niebie.<br><br><em>Ojcze nasz&#8230; Zdrowa\u015b Maryjo&#8230; Chwa\u0142a Ojcu&#8230;<br>Wezwanie:<\/em><\/strong><br><strong>W. M\u00f3dl si\u0119 za nami \u015bw. Bracie Albercie,<br>O. Aby\u015bmy si\u0119 stali godnymi obietnic Chrystusowych.&nbsp;<\/strong><br><br><strong><em>M\u00f3dlmy si\u0119:<br>Bo\u017ce bogaty w mi\u0142osierdzie, Ty sprawi\u0142e\u015b, \u017ce \u015bw. Brat Albert dostrzeg\u0142 w najbardziej wydziedziczonych zniewa\u017cone Oblicze Twego Syna, spraw \u0142askawie, aby\u015bmy za Jego przyk\u0142adem stali si\u0119 bra\u0107mi wszystkich potrzebuj\u0105cych, s\u0142u\u017c\u0105c im mi\u0142osiernym czynem. Przez Chrystusa Pana naszego. Amen.<\/em><\/strong><br><br><\/p>\n\n\n\n<h3 class=\"wp-block-heading\"><strong>Dzie\u0144 drugi<\/strong><\/h3>\n\n\n\n<p><strong>\u015awi\u0119ty Bracie Albercie, kt\u00f3ry we wszystkich trudno\u015bciach ufa\u0142e\u015b bezgranicznie Bo\u017cej Opatrzno\u015bci i nigdy nie dozna\u0142e\u015b zawodu, ucz nas ufnego zawierzenia Bogu naszego trudnego dzi\u015b i niepewnego jutra. Umacniaj w nas wiar\u0119 w niesko\u0144czon\u0105 Wszechmoc i Mi\u0142osierdzie Bo\u017ce, kt\u00f3re ogarnia wszystkich ludzi i ca\u0142y wszech\u015bwiat.<br>Wstawiaj si\u0119 za nami, by\u015bmy w ka\u017cdym cierpieniu i w do\u015bwiadczeniach duszy i cia\u0142a zwracali si\u0119 do Chrystusa Mi\u0142osiernego z ufnym wezwaniem: Jezu ufam Tobie, pewni, \u017ce zostaniemy wys\u0142uchani.&nbsp;<br><br><em>Ojcze nasz&#8230; Zdrowa\u015b Maryjo&#8230; Chwa\u0142a Ojcu&#8230;<br>Wezwanie:<\/em><br>W. M\u00f3dl si\u0119 za nami \u015bw. Bracie Albercie,<br>O. Aby\u015bmy si\u0119 stali godnymi obietnic Chrystusowych.<br><br><em>M\u00f3dlmy si\u0119:<br>Bo\u017ce bogaty w mi\u0142osierdzie, Ty sprawi\u0142e\u015b, \u017ce \u015bw. Brat Albert dostrzeg\u0142 w najbardziej wydziedziczonych zniewa\u017cone Oblicze Twego Syna, spraw \u0142askawie, aby\u015bmy za Jego przyk\u0142adem stali si\u0119 bra\u0107mi wszystkich potrzebuj\u0105cych, s\u0142u\u017c\u0105c im mi\u0142osiernym czynem. Przez Chrystusa Pana naszego. Amen.<\/em><br><br><\/strong><\/p>\n\n\n\n<h3 class=\"wp-block-heading\"><strong>Dzie\u0144 trzeci<\/strong><\/h3>\n\n\n\n<p><strong>\u015awi\u0119ty Bracie Albercie, polecamy Ci Ko\u015bci\u00f3\u0142 \u015bwi\u0119ty i tych, kt\u00f3rzy z woli Bo\u017cej kieruj\u0105 nim na ziemi. Wspieraj swym wstawiennictwem Ojca \u015awi\u0119tego, biskup\u00f3w, kap\u0142an\u00f3w oraz osoby konsekrowane, aby m\u0119\u017cnie i nieugi\u0119cie stali na stra\u017cy prawa mi\u0142o\u015bci Boga i bli\u017aniego.<br>Wypraszaj nam wszystkim \u0142ask\u0119, by\u015bmy byli \u017cywymi cz\u0142onkami Ko\u015bcio\u0142a Chrystusowego, gotowymi odda\u0107 swe \u017cycie za wiar\u0119. Niech Ewangelia g\u0142oszona b\u0119dzie wsz\u0119dzie s\u0142owem i czynem ogarniaj\u0105c swym zasi\u0119giem ludzi \u017cyj\u0105cych w nie\u015bwiadomo\u015bci religijnej, poni\u017ceniu i opuszczeniu oraz dyskryminacji spo\u0142ecznej.&nbsp;<br><br><em>Ojcze nasz&#8230; Zdrowa\u015b Maryjo&#8230; Chwa\u0142a Ojcu&#8230;<br>Wezwanie:<\/em><br>W. M\u00f3dl si\u0119 za nami \u015bw. Bracie Albercie,<br>O. Aby\u015bmy si\u0119 stali godnymi obietnic Chrystusowych.<br><br><em>M\u00f3dlmy si\u0119:<br>Bo\u017ce bogaty w mi\u0142osierdzie, Ty sprawi\u0142e\u015b, \u017ce \u015bw. Brat Albert dostrzeg\u0142 w najbardziej wydziedziczonych zniewa\u017cone Oblicze Twego Syna, spraw \u0142askawie, aby\u015bmy za Jego przyk\u0142adem stali si\u0119 bra\u0107mi wszystkich potrzebuj\u0105cych, s\u0142u\u017c\u0105c im mi\u0142osiernym czynem. Przez Chrystusa Pana naszego. Amen.<\/em><br><br><\/strong><\/p>\n\n\n\n<h3 class=\"wp-block-heading\"><strong>Dzie\u0144czwarty<\/strong><\/h3>\n\n\n\n<p><strong>\u015awi\u0119ty Bracie Albercie, Ojcze ubogich i bezdomnych, kt\u00f3ry talent artysty-malarza po\u015bwi\u0119ci\u0142e\u015b odnawianiu zniewa\u017conego w ludziach&nbsp;<em>Chrystusa Ecce Homo<\/em>, dopom\u00f3\u017c nam dostrzega\u0107 w ka\u017cdym cz\u0142owieku Chrystusa i s\u0142u\u017cy\u0107 mu mi\u0142osiernym czynem. Przyczyniaj si\u0119 za nami, by\u015bmy pomni na s\u0142owa Chrystusa:&nbsp;<em>Wszystko, co uczynili\u015bcie jednemu z tych braci Moich najmniejszych, Mnie\u015bcie uczynili<\/em>&nbsp;\/Mt 25, 40\/, wyzwalali si\u0119 z egoizmu i otwierali oczy oraz serca na potrzeby bli\u017anich.&nbsp;<br><br><em>Ojcze nasz&#8230; Zdrowa\u015b Maryjo&#8230; Chwa\u0142a Ojcu&#8230;<br>Wezwanie:<\/em><br>W. M\u00f3dl si\u0119 za nami \u015bw. Bracie Albercie,<br>O. Aby\u015bmy si\u0119 stali godnymi obietnic Chrystusowych.<br><br><em>M\u00f3dlmy si\u0119:<br>Bo\u017ce bogaty w mi\u0142osierdzie, Ty sprawi\u0142e\u015b, \u017ce \u015bw. Brat Albert dostrzeg\u0142 w najbardziej wydziedziczonych zniewa\u017cone Oblicze Twego Syna, spraw \u0142askawie, aby\u015bmy za Jego przyk\u0142adem stali si\u0119 bra\u0107mi wszystkich potrzebuj\u0105cych, s\u0142u\u017c\u0105c im mi\u0142osiernym czynem. Przez Chrystusa Pana naszego. Amen.<\/em><br><br><\/strong><\/p>\n\n\n\n<h3 class=\"wp-block-heading\"><strong>Dzie\u0144 pi\u0105ty<\/strong><\/h3>\n\n\n\n<p><strong>\u015awi\u0119ty Bracie Albercie, kt\u00f3ry w dzieci\u0144stwie zazna\u0142e\u015b niedoli sieroctwa, polecamy ci trosk\u0119 o nasze rodziny. Czuwaj nad trwa\u0142o\u015bci\u0105 ma\u0142\u017ce\u0144stw i nad odpowiedzialnym rodzicielstwem. Upro\u015b rodzinom, zw\u0142aszcza wielodzietnym, godne warunki \u017cycia i rozwoju, by mog\u0142y swym dzieciom zapewni\u0107 nale\u017cyte przygotowanie do pe\u0142nienia przysz\u0142ych zada\u0144.<br>M\u00f3dl si\u0119 do Boga, by dzieci by\u0142y wychowywane w zdrowej atmosferze mi\u0142o\u015bci rodzicielskiej i aby z domu rodzinnego wynios\u0142y mocne i trwa\u0142e zasady \u017cycia chrze\u015bcija\u0144skiego i przynale\u017cno\u015bci do Ko\u015bcio\u0142a \u015bwi\u0119tego.&nbsp;<br><br><em>Ojcze nasz&#8230; Zdrowa\u015b Maryjo&#8230; Chwa\u0142a Ojcu&#8230;<br>Wezwanie:<\/em><br>W. M\u00f3dl si\u0119 za nami \u015bw. Bracie Albercie,<br>O. Aby\u015bmy si\u0119 stali godnymi obietnic Chrystusowych.<br><br><em>M\u00f3dlmy si\u0119:<br>Bo\u017ce bogaty w mi\u0142osierdzie, Ty sprawi\u0142e\u015b, \u017ce \u015bw. Brat Albert dostrzeg\u0142 w najbardziej wydziedziczonych zniewa\u017cone Oblicze Twego Syna, spraw \u0142askawie, aby\u015bmy za Jego przyk\u0142adem stali si\u0119 bra\u0107mi wszystkich potrzebuj\u0105cych, s\u0142u\u017c\u0105c im mi\u0142osiernym czynem. Przez Chrystusa Pana naszego. Amen.<\/em><br><br><\/strong><\/p>\n\n\n\n<h3 class=\"wp-block-heading\"><strong>Dzie\u0144 sz\u00f3sty<\/strong><\/h3>\n\n\n\n<p><strong>\u015awi\u0119ty Bracie Albercie, kt\u00f3ry walcz\u0105c w szeregach powsta\u0144czych wykaza\u0142e\u015b niez\u0142omn\u0105 wol\u0119, odwag\u0119 i m\u0119stwo, Twemu wstawiennictwu polecamy m\u0142odzie\u017c; b\u0105d\u017a dla niej wzorem nieugi\u0119tej postawy w opieraniu si\u0119 z\u0142ym wp\u0142ywom wsp\u00f3\u0142czesnego \u015bwiata. Pomagaj m\u0142odym w dokonywaniu s\u0142usznych wybor\u00f3w \u017cyciowych, by umieli na co dzie\u0144 dawa\u0107 \u015bwiadectwo o prawdziwych warto\u015bciach, jakimi s\u0105: umi\u0142owanie prawdy, dobra, mi\u0142o\u015bci i pi\u0119kna.<br>Niech w sercach m\u0142odzie\u017cy wzrasta mi\u0142o\u015b\u0107 do Ko\u015bcio\u0142a \u015bwi\u0119tego oraz duch zdrowego patriotyzmu.&nbsp;<br><br><em>Ojcze nasz&#8230; Zdrowa\u015b Maryjo&#8230; Chwa\u0142a Ojcu&#8230;<br>Wezwanie:<\/em><br>W. M\u00f3dl si\u0119 za nami \u015bw. Bracie Albercie,<br>O. Aby\u015bmy si\u0119 stali godnymi obietnic Chrystusowych.<br><br><em>M\u00f3dlmy si\u0119:<br>Bo\u017ce bogaty w mi\u0142osierdzie, Ty sprawi\u0142e\u015b, \u017ce \u015bw. Brat Albert dostrzeg\u0142 w najbardziej wydziedziczonych zniewa\u017cone Oblicze Twego Syna, spraw \u0142askawie, aby\u015bmy za Jego przyk\u0142adem stali si\u0119 bra\u0107mi wszystkich potrzebuj\u0105cych, s\u0142u\u017c\u0105c im mi\u0142osiernym czynem. Przez Chrystusa Pana naszego. Amen.<\/em><br><br><\/strong><\/p>\n\n\n\n<h3 class=\"wp-block-heading\"><strong>Dzie\u0144 si\u00f3dmy<\/strong><\/h3>\n\n\n\n<p><strong>\u015awi\u0119ty Bracie Albercie, wierny na\u015bladowco \u015bw. Franciszka z Asy\u017cu, prowad\u017a nas ewangeliczn\u0105 drog\u0105 ub\u00f3stwa, by\u015bmy umieli by\u0107 solidarni z tymi, kt\u00f3rzy cierpi\u0105 braki. Niech dobra doczesne nie przes\u0142aniaj\u0105 nam prawdziwych warto\u015bci, kt\u00f3re swe \u017ar\u00f3d\u0142o maj\u0105 w Bogu.<br>M\u00f3dl si\u0119, by\u015bmy przez na\u015bladowanie Pana Jezusa w Jego ub\u00f3stwie i czynienie wszystkim dobrze byli g\u0142osicielami or\u0119dzia Chrystusowego b\u0142ogos\u0142awie\u0144stwa, przyobiecanego&nbsp;<em>ubogim w duchu<\/em>&nbsp;<br><br><em>Ojcze nasz&#8230; Zdrowa\u015b Maryjo&#8230; Chwa\u0142a Ojcu&#8230;<br>Wezwanie:<\/em><br>W. M\u00f3dl si\u0119 za nami \u015bw. Bracie Albercie,<br>O. Aby\u015bmy si\u0119 stali godnymi obietnic Chrystusowych.<br><br><em>M\u00f3dlmy si\u0119:<br>Bo\u017ce bogaty w mi\u0142osierdzie, Ty sprawi\u0142e\u015b, \u017ce \u015bw. Brat Albert dostrzeg\u0142 w najbardziej wydziedziczonych zniewa\u017cone Oblicze Twego Syna, spraw \u0142askawie, aby\u015bmy za Jego przyk\u0142adem stali si\u0119 bra\u0107mi wszystkich potrzebuj\u0105cych, s\u0142u\u017c\u0105c im mi\u0142osiernym czynem. Przez Chrystusa Pana naszego. Amen.<\/em><br><br><\/strong><\/p>\n\n\n\n<h3 class=\"wp-block-heading\"><strong>Dzie\u0144 \u00f3smy<\/strong><\/h3>\n\n\n\n<p><strong>\u015awi\u0119ty Bracie Albercie, wielki synu polskiej ziemi, kt\u00f3ry broni\u0105c Ojczyzny sta\u0142e\u015b si\u0119 kalek\u0105, a przez trud pos\u0142uguj\u0105cej mi\u0142o\u015bci wzgl\u0119dem najbiedniejszych d\u017awiga\u0142e\u015b Nar\u00f3d z n\u0119dzy duchowej i materialnej, wzbudzaj w nas g\u0142\u0119bok\u0105 mi\u0142o\u015b\u0107 do Ojczyzny, by\u015bmy odpowiedzialnie budowali jej przysz\u0142o\u015b\u0107, opart\u0105 na zasadach wiary, \u017cycia moralnego i braterskiej mi\u0142o\u015bci.<br>Pro\u015b za tymi, kt\u00f3rzy rz\u0105dz\u0105 naszym krajem, by kierowali si\u0119 zawsze sprawiedliwo\u015bci\u0105 spo\u0142eczn\u0105 i dobrem ca\u0142ego Narodu.&nbsp;<br><br><em>Ojcze nasz&#8230; Zdrowa\u015b Maryjo&#8230; Chwa\u0142a Ojcu&#8230;<br>Wezwanie:<\/em><br>W. M\u00f3dl si\u0119 za nami \u015bw. Bracie Albercie,<br>O. Aby\u015bmy si\u0119 stali godnymi obietnic Chrystusowych.<br><br><em>M\u00f3dlmy si\u0119:<br>Bo\u017ce bogaty w mi\u0142osierdzie, Ty sprawi\u0142e\u015b, \u017ce \u015bw. Brat Albert dostrzeg\u0142 w najbardziej wydziedziczonych zniewa\u017cone Oblicze Twego Syna, spraw \u0142askawie, aby\u015bmy za Jego przyk\u0142adem stali si\u0119 bra\u0107mi wszystkich potrzebuj\u0105cych, s\u0142u\u017c\u0105c im mi\u0142osiernym czynem. Przez Chrystusa Pana naszego. Amen.<\/em><br><br><\/strong><\/p>\n\n\n\n<h3 class=\"wp-block-heading\"><strong>Dzie\u0144 dziewi\u0105ty<\/strong><\/h3>\n\n\n\n<p><strong>\u015awi\u0119ty Bracie Albercie, kt\u00f3ry uczy\u0142e\u015b, \u017ce&nbsp;<em>bez mi\u0142o\u015bci grosz jest szorstki, strawa podana niesmaczna, opieka najlepsza niemi\u0142a<\/em>. Wypraszaj nam dobro\u0107 serca, by\u015bmy nios\u0105c ka\u017cdemu cz\u0142owiekowi bratersk\u0105 pomoc, \u017cyczliwe s\u0142owo, serdeczne wsp\u00f3\u0142czucie i dar modlitwy przyczyniali si\u0119 do zmniejszenia cierpie\u0144 naszych bli\u017anich.<br>Wyjednaj nam \u0142ask\u0119 ewangelicznej mi\u0142o\u015bci, kt\u00f3ra nas zbli\u017cy do siebie i pomo\u017ce tworzy\u0107 rodzin\u0119 dzieci Bo\u017cych.&nbsp;<br><br><em>Ojcze nasz&#8230; Zdrowa\u015b Maryjo&#8230; Chwa\u0142a Ojcu&#8230;<br>Wezwanie:<\/em><br>W. M\u00f3dl si\u0119 za nami \u015bw. Bracie Albercie,<br>O. Aby\u015bmy si\u0119 stali godnymi obietnic Chrystusowych.<br><br><em>M\u00f3dlmy si\u0119:<br>Bo\u017ce bogaty w mi\u0142osierdzie, Ty sprawi\u0142e\u015b, \u017ce \u015bw. Brat Albert dostrzeg\u0142 w najbardziej wydziedziczonych zniewa\u017cone Oblicze Twego Syna, spraw \u0142askawie, aby\u015bmy za Jego przyk\u0142adem stali si\u0119 bra\u0107mi wszystkich potrzebuj\u0105cych, s\u0142u\u017c\u0105c im mi\u0142osiernym czynem. Przez Chrystusa Pana naszego. Amen.<\/em><\/strong><\/p>\n","protected":false},"excerpt":{"rendered":"<p>Wst\u0119p:W. Bo\u017ce wejrzyj ku wspomo\u017ceniu memu.O. Panie pospiesz ku ratunkowi memu.W. Chwa\u0142a Ojcu&#8230;O. Jak by\u0142a na pocz\u0105tku&#8230; (Wst\u0119p odmawia si\u0119 na pocz\u0105tku, w ka\u017cdym dniu nowenny) Dzie\u0144 pierwszy \u015awi\u0119ty Bracie Albercie, kt\u00f3rego B\u00f3g da\u0142 naszym czasom za patrona i or\u0119downika w codziennych zmaganiach o byt materialny oraz o kszta\u0142towanie naszej to\u017csamo\u015bci religijnej i narodowej; przychodzimy &hellip; <\/p>\n<p class=\"link-more\"><a href=\"https:\/\/albert.przemyska.pl\/?page_id=178\" class=\"more-link\">Czytaj dalej<span class=\"screen-reader-text\"> \u201eNowenna dziewi\u0119ciodniowa do \u015awi\u0119tego Brata Alberta\ufeff\u201d<\/span><\/a><\/p>\n","protected":false},"author":1,"featured_media":180,"parent":169,"menu_order":0,"comment_status":"closed","ping_status":"closed","template":"","meta":{"footnotes":""},"class_list":["post-178","page","type-page","status-publish","has-post-thumbnail","hentry"],"_links":{"self":[{"href":"https:\/\/albert.przemyska.pl\/index.php?rest_route=\/wp\/v2\/pages\/178","targetHints":{"allow":["GET"]}}],"collection":[{"href":"https:\/\/albert.przemyska.pl\/index.php?rest_route=\/wp\/v2\/pages"}],"about":[{"href":"https:\/\/albert.przemyska.pl\/index.php?rest_route=\/wp\/v2\/types\/page"}],"author":[{"embeddable":true,"href":"https:\/\/albert.przemyska.pl\/index.php?rest_route=\/wp\/v2\/users\/1"}],"replies":[{"embeddable":true,"href":"https:\/\/albert.przemyska.pl\/index.php?rest_route=%2Fwp%2Fv2%2Fcomments&post=178"}],"version-history":[{"count":1,"href":"https:\/\/albert.przemyska.pl\/index.php?rest_route=\/wp\/v2\/pages\/178\/revisions"}],"predecessor-version":[{"id":181,"href":"https:\/\/albert.przemyska.pl\/index.php?rest_route=\/wp\/v2\/pages\/178\/revisions\/181"}],"up":[{"embeddable":true,"href":"https:\/\/albert.przemyska.pl\/index.php?rest_route=\/wp\/v2\/pages\/169"}],"wp:featuredmedia":[{"embeddable":true,"href":"https:\/\/albert.przemyska.pl\/index.php?rest_route=\/wp\/v2\/media\/180"}],"wp:attachment":[{"href":"https:\/\/albert.przemyska.pl\/index.php?rest_route=%2Fwp%2Fv2%2Fmedia&parent=178"}],"curies":[{"name":"wp","href":"https:\/\/api.w.org\/{rel}","templated":true}]}}