{"id":182,"date":"2019-03-21T08:23:26","date_gmt":"2019-03-21T07:23:26","guid":{"rendered":"https:\/\/albert.przemyska.pl\/?page_id=182"},"modified":"2019-03-21T08:23:26","modified_gmt":"2019-03-21T07:23:26","slug":"litania-do-swietego-brata-alberta","status":"publish","type":"page","link":"https:\/\/albert.przemyska.pl\/?page_id=182","title":{"rendered":"Litania do \u015awi\u0119tego Brata Alberta"},"content":{"rendered":"\n<h3 class=\"wp-block-heading\">Litania do \u015awi\u0119tego Brata Alberta<\/h3>\n\n\n\n<p><br><strong>Kyrie eleison, Chryste eleison, Kyrie eleison<\/strong><br><strong>Chryste us\u0142ysz nas,&nbsp;<em>Chryste wys\u0142uchaj nas<\/em><\/strong><br><strong>Ojcze z nieba, Bo\u017ce,&nbsp;<em>zmi\u0142uj si\u0119 nad nami<\/em><\/strong><br><strong>Synu, Odkupicielu \u015bwiata, Bo\u017ce,&nbsp;<em>zmi\u0142uj si\u0119 nad nami<\/em><\/strong><br><strong>Duchu \u015awi\u0119ty, Bo\u017ce,<em>&nbsp;zmi\u0142uj si\u0119 nad nami<\/em><\/strong><br><strong>\u015awi\u0119ta Tr\u00f3jco, jedyny Bo\u017ce,&nbsp;<em>zmi\u0142uj si\u0119 nad nami<\/em><\/strong><br><strong>\u015awi\u0119ta Maryjo,&nbsp;<em>m\u00f3dl si\u0119 za nami<\/em><\/strong><br><strong>\u015awi\u0119ty Bracie Albercie,&nbsp;<em>m\u00f3dl si\u0119 za nami<\/em><\/strong><\/p>\n\n\n\n<p><strong>Ojcze ubogich,&nbsp;<em>m\u00f3dl si\u0119 za nami<\/em><br>Opiekunie bezdomnych,&nbsp;<\/strong><strong><em>m\u00f3dl si\u0119 za nami<\/em><\/strong><br><strong>Bracie odrzuconych,&nbsp;<\/strong><strong><em>m\u00f3dl si\u0119 za nami<\/em><\/strong><br><strong>Or\u0119downiku opuszczonych,&nbsp;<\/strong><strong><em>m\u00f3dl si\u0119 za nami<\/em><\/strong><br><strong>Przyjacielu poszukuj\u0105cych,&nbsp;<\/strong><strong><em>m\u00f3dl si\u0119 za nami<\/em><\/strong><br><strong>Powierniku strapionych,&nbsp;<\/strong><strong><em>m\u00f3dl si\u0119 za nami<\/em><\/strong><br><strong>\u017barliwy mi\u0142o\u015bniku Chrystusa,&nbsp;<\/strong><strong><em>m\u00f3dl si\u0119 za nami<\/em><\/strong><br><strong>Wierny czcicielu Bo\u017cej Matki,&nbsp;<\/strong><strong><em>m\u00f3dl si\u0119 za nami<\/em><\/strong><br><strong>NIestrudzony na\u015bladowco \u015bw. Franciszka,&nbsp;<\/strong><strong><em>m\u00f3dl si\u0119 za nami<\/em><\/strong><br><strong>Duchowy synu \u015bw. Jana od Krzy\u017ca,&nbsp;<\/strong><strong><em>m\u00f3dl si\u0119 za nami<\/em><\/strong><br><strong>Bracie Albercie, gor\u0105co kochaj\u0105cy Ojczyzn\u0119,&nbsp;<\/strong><strong><em>m\u00f3dl si\u0119 za nami<\/em><\/strong><br><strong>Bracie Albercie, poszukuj\u0105cy prawdy i pi\u0119kna,&nbsp;<\/strong><strong><em>m\u00f3dl si\u0119 za nami<\/em><\/strong><br><strong>Bracie Albercie, wzorze cn\u00f3t chrze\u015bcija\u0144skich,&nbsp;<\/strong><strong><em>m\u00f3dl si\u0119 za nami<\/em><\/strong><br><strong>Bracie Albercie, wra\u017cliwy na ludzkie cierpienie,&nbsp;<\/strong><strong><em>m\u00f3dl si\u0119 za nami<\/em><\/strong><br><strong>Bracie Albercie, pos\u0142uszny Bo\u017cym wezwaniom,&nbsp;<\/strong><strong><em>m\u00f3dl si\u0119 za nami<\/em><\/strong><br><strong>Bracie Albercie, kontempluj\u0105cy Bo\u017ce mi\u0142osierdzie,&nbsp;<\/strong><strong><em>m\u00f3dl si\u0119 za nami<\/em><\/strong><br><strong>Bracie Albercie, pe\u0142en wdzi\u0119czno\u015bci za m\u0119k\u0119 Syna Bo\u017cego,&nbsp;<\/strong><strong><em>m\u00f3dl si\u0119 za nami<\/em><\/strong><br><strong>Bracie Albercie, g\u0142osz\u0105cy Chrystusow\u0105 mi\u0142o\u015b\u0107 w obrazie Ecce Homo,&nbsp;<\/strong><strong><em>m\u00f3dl si\u0119 za nami<\/em><\/strong><br><strong>Bracie Albercie, przej\u0119ty dobroci\u0105 Jezusa w Eucharystii,&nbsp;<\/strong><strong><em>m\u00f3dl si\u0119 za nami<\/em><\/strong><br><strong>Bracie Albercie, porzucaj\u0105cy sztuk\u0119, by s\u0142u\u017cy\u0107 najmniejszym braciom Chrystusa,&nbsp;<\/strong><strong><em>m\u00f3dl si\u0119 za nami<\/em><\/strong><br><strong>Bracie Albercie, ubogi dla ubogich,&nbsp;<\/strong><strong><em>m\u00f3dl si\u0119 za nami<\/em><\/strong><br><strong>Bracie Albercie, odkrywaj\u0105cy w najbiedniejszym godno\u015b\u0107 Bo\u017cego dziecka,&nbsp;<\/strong><strong><em>m\u00f3dl si\u0119 za nami<\/em><\/strong><br><strong>Bracie Albercie, odnawiaj\u0105cy zatarty obraz Chrystusa we wzgardzonych i grzesznych,&nbsp;<\/strong><strong><em>m\u00f3dl si\u0119 za nami<\/em><\/strong><br><strong>Bracie Albercie, d\u017awigaj\u0105cy upadaj\u0105cych i s\u0142abych,&nbsp;<\/strong><strong><em>m\u00f3dl si\u0119 za nami<\/em><\/strong><br><strong>Bracie Albercie, s\u0142u\u017c\u0105cy bli\u017anim jak Chrystusowi,&nbsp;<\/strong><strong><em>m\u00f3dl si\u0119 za nami<\/em><\/strong><br><strong>Bracie Albercie, dobry jak chleb, kt\u00f3rym ka\u017cdy g\u0142odny mo\u017ce si\u0119 nakarmi\u0107,&nbsp;<\/strong><strong><em>m\u00f3dl si\u0119 za nami<\/em><\/strong><br><strong>Bracie Albercie, ufaj\u0105cy Bo\u017cej opatrzno\u015bci,&nbsp;<\/strong><strong><em>m\u00f3dl si\u0119 za nami<\/em><\/strong><br><strong>Bracie Albercie, wytrwa\u0142y w modlitwie,<\/strong><strong><em>&nbsp;m\u00f3dl si\u0119 za nami<\/em><\/strong><br><strong>Bracie Albercie, wierny duchowi pokuty,&nbsp;<\/strong><strong><em>m\u00f3dl si\u0119 za nami<\/em><\/strong><br><strong>Bracie Albercie, rozmi\u0142owany w Bogu,&nbsp;<\/strong><strong><em>m\u00f3dl si\u0119 za nami<\/em><\/strong><br><strong>Bracie Albercie, wspomagaj\u0105cy wszystkich, kt\u00f3rzy id\u0105 Twoimi \u015bladami,&nbsp;<\/strong><strong><em>m\u00f3dl si\u0119 za nami<\/em><\/strong><\/p>\n\n\n\n<p><strong>Baranku Bo\u017cy, kt\u00f3ry g\u0142adzisz grzechy \u015bwiata,<em>&nbsp;przepu\u015b\u0107 nam, Panie<\/em><br>Baranku Bo\u017cy, kt\u00f3ry g\u0142adzisz grzechy \u015bwiata,<em>&nbsp;wys\u0142uchaj nas, Panie<\/em><br>Baranku Bo\u017cy, kt\u00f3ry g\u0142adzisz grzechy \u015bwiata<em>, zmi\u0142uj si\u0119 nad nami<\/em><\/strong><br><br><strong><em>M\u00f3dl si\u0119 za nami, \u015bw. Bracie Albercie,<br>&#8211; aby\u015bmy si\u0119 stali godnymi obietnic Chrystusowych.<\/em><\/strong><br><br><strong>M\u00f3dlmy si\u0119:<br>Bo\u017ce bogaty w mi\u0142osierdzie, Ty natchn\u0105\u0142e\u015b \u015bw. Brata Alberta, aby dostrzeg\u0142 w najbardziej ubogich i opuszczonych zniewa\u017cone oblicze Twojego Syna. Spraw \u0142askawie, aby\u015bmy spe\u0142niaj\u0105c dzie\u0142a mi\u0142osierdzia, za jego przyk\u0142adem umieli by\u0107 bra\u0107mi wszystkich potrzebuj\u0105cych. Przez Chrystusa, Pana naszego. Amen.<\/strong><\/p>\n","protected":false},"excerpt":{"rendered":"<p>Litania do \u015awi\u0119tego Brata Alberta Kyrie eleison, Chryste eleison, Kyrie eleisonChryste us\u0142ysz nas,&nbsp;Chryste wys\u0142uchaj nasOjcze z nieba, Bo\u017ce,&nbsp;zmi\u0142uj si\u0119 nad namiSynu, Odkupicielu \u015bwiata, Bo\u017ce,&nbsp;zmi\u0142uj si\u0119 nad namiDuchu \u015awi\u0119ty, Bo\u017ce,&nbsp;zmi\u0142uj si\u0119 nad nami\u015awi\u0119ta Tr\u00f3jco, jedyny Bo\u017ce,&nbsp;zmi\u0142uj si\u0119 nad nami\u015awi\u0119ta Maryjo,&nbsp;m\u00f3dl si\u0119 za nami\u015awi\u0119ty Bracie Albercie,&nbsp;m\u00f3dl si\u0119 za nami Ojcze ubogich,&nbsp;m\u00f3dl si\u0119 za namiOpiekunie bezdomnych,&nbsp;m\u00f3dl si\u0119 za &hellip; <\/p>\n<p class=\"link-more\"><a href=\"https:\/\/albert.przemyska.pl\/?page_id=182\" class=\"more-link\">Czytaj dalej<span class=\"screen-reader-text\"> \u201eLitania do \u015awi\u0119tego Brata Alberta\u201d<\/span><\/a><\/p>\n","protected":false},"author":1,"featured_media":184,"parent":169,"menu_order":0,"comment_status":"closed","ping_status":"closed","template":"","meta":{"footnotes":""},"class_list":["post-182","page","type-page","status-publish","has-post-thumbnail","hentry"],"_links":{"self":[{"href":"https:\/\/albert.przemyska.pl\/index.php?rest_route=\/wp\/v2\/pages\/182","targetHints":{"allow":["GET"]}}],"collection":[{"href":"https:\/\/albert.przemyska.pl\/index.php?rest_route=\/wp\/v2\/pages"}],"about":[{"href":"https:\/\/albert.przemyska.pl\/index.php?rest_route=\/wp\/v2\/types\/page"}],"author":[{"embeddable":true,"href":"https:\/\/albert.przemyska.pl\/index.php?rest_route=\/wp\/v2\/users\/1"}],"replies":[{"embeddable":true,"href":"https:\/\/albert.przemyska.pl\/index.php?rest_route=%2Fwp%2Fv2%2Fcomments&post=182"}],"version-history":[{"count":1,"href":"https:\/\/albert.przemyska.pl\/index.php?rest_route=\/wp\/v2\/pages\/182\/revisions"}],"predecessor-version":[{"id":185,"href":"https:\/\/albert.przemyska.pl\/index.php?rest_route=\/wp\/v2\/pages\/182\/revisions\/185"}],"up":[{"embeddable":true,"href":"https:\/\/albert.przemyska.pl\/index.php?rest_route=\/wp\/v2\/pages\/169"}],"wp:featuredmedia":[{"embeddable":true,"href":"https:\/\/albert.przemyska.pl\/index.php?rest_route=\/wp\/v2\/media\/184"}],"wp:attachment":[{"href":"https:\/\/albert.przemyska.pl\/index.php?rest_route=%2Fwp%2Fv2%2Fmedia&parent=182"}],"curies":[{"name":"wp","href":"https:\/\/api.w.org\/{rel}","templated":true}]}}