{"id":186,"date":"2019-03-21T08:24:50","date_gmt":"2019-03-21T07:24:50","guid":{"rendered":"https:\/\/albert.przemyska.pl\/?page_id=186"},"modified":"2019-03-21T08:24:50","modified_gmt":"2019-03-21T07:24:50","slug":"piesn-do-swietego-brata-alberta","status":"publish","type":"page","link":"https:\/\/albert.przemyska.pl\/?page_id=186","title":{"rendered":"Pie\u015b\u0144 do \u015awi\u0119tego Brata Alberta"},"content":{"rendered":"\n<h3 class=\"wp-block-heading\" style=\"text-align:center\"><strong>Bracie Albercie, Ojcze najbiedniejszych<\/strong><\/h3>\n\n\n\n<div class=\"wp-block-image\"><figure class=\"aligncenter\"><img loading=\"lazy\" decoding=\"async\" width=\"300\" height=\"446\" src=\"https:\/\/albert.przemyska.pl\/wp-content\/uploads\/2019\/03\/albert5.jpg\" alt=\"\" class=\"wp-image-188\" srcset=\"https:\/\/albert.przemyska.pl\/wp-content\/uploads\/2019\/03\/albert5.jpg 300w, https:\/\/albert.przemyska.pl\/wp-content\/uploads\/2019\/03\/albert5-202x300.jpg 202w\" sizes=\"auto, (max-width: 300px) 100vw, 300px\" \/><\/figure><\/div>\n\n\n\n<p><strong>1. Bracie Albercie, Ojcze najbiedniejszych<\/strong><br><strong>Wzgardzonych, smutnych, samotnych i grzesznych,<\/strong><br><strong>Ty\u015b M\u0119k\u0119 Pana- obraz Ecce Homo<\/strong><br><strong>Ujrza\u0142 w ich twarzach i prze\u017cy\u0142 na nowo.<\/strong><br><br><em><strong>Ref.: \u015awi\u0119ty Albercie, Bracie nasz<br>M\u00f3dl si\u0119 za nami<br>Wspieraj w ka\u017cdy czas.<\/strong><\/em><br><br><strong>2. Za mi\u0142o\u015b\u0107 Boga w s\u0142u\u017cbie cz\u0142owiekowi<\/strong><br><strong>Chrystus Ci\u0119 daje w darze Ko\u015bcio\u0142owi,<\/strong><br><strong>\u015awi\u0119ty Patronie z chlebem dobra w d\u0142oni<\/strong><br><strong>Niech Twa opieka \u015bwiat przed z\u0142em ochroni.<\/strong><\/p>\n\n\n\n<p><em><strong>Ref.: \u015awi\u0119ty Albercie, Bracie nasz<br>M\u00f3dl si\u0119 za nami<br>Wspieraj w ka\u017cdy czas.<\/strong><\/em><br><br><strong>3. Bezdomnym upro\u015b dom u swego Ojca<\/strong><br><strong>G\u0142odnym chleb \u017cycia co karmi do ko\u0144ca,<\/strong><br><strong>A oddalonym od Boga w ciemno\u015bci,<\/strong><br><strong>Wska\u017c \u015bwiat\u0142o Wiary, Nadziei, Mi\u0142o\u015bci.<\/strong><br><br><em><strong>Ref.: \u015awi\u0119ty Albercie, Bracie nasz<br>M\u00f3dl si\u0119 za nami<br>Wspieraj w ka\u017cdy czas.<\/strong><\/em><br><br><strong>4. Bro\u0144 w ca\u0142ym \u015bwiecie najbardziej skrzywdzonych<\/strong><br><strong>Ratuj najmniejszych- chro\u0144 nienarodzonych.<\/strong><br><strong>Rodziny scalaj ogniwem wierno\u015bci,<\/strong><br><strong>M\u0142odzie\u017cy uka\u017c dar ludzkiej godno\u015bci.<\/strong><br><br><em><strong>Ref.: \u015awi\u0119ty Albercie, Bracie nasz<br>M\u00f3dl si\u0119 za nami<br>Wspieraj w ka\u017cdy czas.<\/strong><\/em><br><br><strong>5. Twoje \u015bwiadectwo s\u0142u\u017cby i oddania,<\/strong><br><strong>W sercu Ko\u015bcio\u0142a niech mi\u0142o\u015b\u0107 ods\u0142ania<\/strong><br><strong>Ojca \u015bwi\u0119tego wspieraj d\u0142ugie lata,<\/strong><br><strong>By Ewangeli\u0105 z\u0142\u0105czy\u0142 ludzko\u015b\u0107 \u015bwiata.<\/strong><br><br><em><strong>Ref.: \u015awi\u0119ty Albercie, Bracie nasz<br>M\u00f3dl si\u0119 za nami<br>Wspieraj w ka\u017cdy czas.<\/strong><\/em><br><br><strong>6. Ojczy\u017anie upro\u015b dar bratniej jedno\u015bci,<\/strong><br><strong>Zwyci\u0119stwo wiary, prawdy i wolno\u015bci,<\/strong><br><strong>ucz nas mi\u0142owa\u0107 Boga i Bli\u017aniego,<\/strong><br><strong>Ucisz b\u00f3l, skarg\u0119 \u015bwiata dzisiejszego.<\/strong><br><br><em><strong>Ref.: \u015awi\u0119ty Albercie, Bracie nasz<br>M\u00f3dl si\u0119 za nami<br>Wspieraj w ka\u017cdy czas.<\/strong><\/em><br><br><strong>7. Oddany Synu jasnog\u00f3rskiej Pani<\/strong><br><strong>Przed Jej Obliczem wstawiaj sie za nami<\/strong><br><strong>Aby pod krzy\u017cem dzi\u015b z nami stan\u0119\u0142a,<\/strong><br><strong>Znekany nar\u00f3d pod opiek\u0119 wzi\u0119\u0142a.<\/strong><br><br><em><strong>Ref.: \u015awi\u0119ty Albercie, Bracie nasz<br>M\u00f3dl si\u0119 za nami<br>Wspieraj w ka\u017cdy czas.<\/strong><\/em><em>(S\u0142owa: s.Miros\u0142awa Korpi\u0144ska; Muzyka: ks.Wincenty W\u0119grzyn)<\/em><\/p>\n","protected":false},"excerpt":{"rendered":"<p>Bracie Albercie, Ojcze najbiedniejszych 1. Bracie Albercie, Ojcze najbiedniejszychWzgardzonych, smutnych, samotnych i grzesznych,Ty\u015b M\u0119k\u0119 Pana- obraz Ecce HomoUjrza\u0142 w ich twarzach i prze\u017cy\u0142 na nowo. Ref.: \u015awi\u0119ty Albercie, Bracie naszM\u00f3dl si\u0119 za namiWspieraj w ka\u017cdy czas. 2. Za mi\u0142o\u015b\u0107 Boga w s\u0142u\u017cbie cz\u0142owiekowiChrystus Ci\u0119 daje w darze Ko\u015bcio\u0142owi,\u015awi\u0119ty Patronie z chlebem dobra w d\u0142oniNiech Twa &hellip; <\/p>\n<p class=\"link-more\"><a href=\"https:\/\/albert.przemyska.pl\/?page_id=186\" class=\"more-link\">Czytaj dalej<span class=\"screen-reader-text\"> \u201ePie\u015b\u0144 do \u015awi\u0119tego Brata Alberta\u201d<\/span><\/a><\/p>\n","protected":false},"author":1,"featured_media":0,"parent":169,"menu_order":0,"comment_status":"closed","ping_status":"closed","template":"","meta":{"footnotes":""},"class_list":["post-186","page","type-page","status-publish","hentry"],"_links":{"self":[{"href":"https:\/\/albert.przemyska.pl\/index.php?rest_route=\/wp\/v2\/pages\/186","targetHints":{"allow":["GET"]}}],"collection":[{"href":"https:\/\/albert.przemyska.pl\/index.php?rest_route=\/wp\/v2\/pages"}],"about":[{"href":"https:\/\/albert.przemyska.pl\/index.php?rest_route=\/wp\/v2\/types\/page"}],"author":[{"embeddable":true,"href":"https:\/\/albert.przemyska.pl\/index.php?rest_route=\/wp\/v2\/users\/1"}],"replies":[{"embeddable":true,"href":"https:\/\/albert.przemyska.pl\/index.php?rest_route=%2Fwp%2Fv2%2Fcomments&post=186"}],"version-history":[{"count":1,"href":"https:\/\/albert.przemyska.pl\/index.php?rest_route=\/wp\/v2\/pages\/186\/revisions"}],"predecessor-version":[{"id":189,"href":"https:\/\/albert.przemyska.pl\/index.php?rest_route=\/wp\/v2\/pages\/186\/revisions\/189"}],"up":[{"embeddable":true,"href":"https:\/\/albert.przemyska.pl\/index.php?rest_route=\/wp\/v2\/pages\/169"}],"wp:attachment":[{"href":"https:\/\/albert.przemyska.pl\/index.php?rest_route=%2Fwp%2Fv2%2Fmedia&parent=186"}],"curies":[{"name":"wp","href":"https:\/\/api.w.org\/{rel}","templated":true}]}}