{"id":190,"date":"2019-03-21T08:25:33","date_gmt":"2019-03-21T07:25:33","guid":{"rendered":"https:\/\/albert.przemyska.pl\/?page_id=190"},"modified":"2019-03-21T08:25:33","modified_gmt":"2019-03-21T07:25:33","slug":"talent-malarski-swietego-brata-alberta%ef%bb%bf","status":"publish","type":"page","link":"https:\/\/albert.przemyska.pl\/?page_id=190","title":{"rendered":"Talent malarski \u015awi\u0119tego Brata Alberta\ufeff"},"content":{"rendered":"\n<p><strong>Wybrane dzie\u0142a malarskie Adama Chmielowskiego<\/strong><\/p>\n\n\n\n<p><strong>Prezentujemy wi\u0119kszo\u015b\u0107 zachowanych obraz\u00f3w olejnych i akwarel oraz 4 rysunki.<\/strong><br><strong>W opisie uwzgl\u0119dniono: nazw\u0119 obrazu (z pomini\u0119ciem innych nazw tego samego obrazu), wymiary w centymetrach, rok powstania (tam, gdzie uda\u0142o si\u0119 go okre\u015bli\u0107).<\/strong><\/p>\n\n\n\n<p><br><strong>Pe\u0142ny zbi\u00f3r tw\u00f3rczo\u015bci Adama Chmielowskiego &#8211; \u015aw. Brata Alberta to:<\/strong><br><strong>&#8211; 61 obraz\u00f3w olejnych<\/strong><br><strong>&#8211; 22 akwarele<\/strong><br><strong>&#8211; 15 rysunk\u00f3w<\/strong><br><strong>&#8211; 5 dzie\u0142 w\u0105tpliwych<\/strong><br><strong>&#8211; 6 szkicownik\u00f3w.<\/strong><\/p>\n\n\n\n<p><br><strong>Powy\u017csze dane podajemy za: S. Magdalena Kaczmarzyk, Trudna mi\u0142o\u015b\u0107, Krak\u00f3w 1990 r. W tej pozycji zamieszczony jest katalog dzie\u0142 malarskich Adama Chmielowskiego, gdzie mo\u017cna znale\u017a\u0107 pe\u0142niejszy opis obraz\u00f3w (nazwy, wystawy, publikacje, miejsce przechowywania).<\/strong><\/p>\n","protected":false},"excerpt":{"rendered":"<p>Wybrane dzie\u0142a malarskie Adama Chmielowskiego Prezentujemy wi\u0119kszo\u015b\u0107 zachowanych obraz\u00f3w olejnych i akwarel oraz 4 rysunki.W opisie uwzgl\u0119dniono: nazw\u0119 obrazu (z pomini\u0119ciem innych nazw tego samego obrazu), wymiary w centymetrach, rok powstania (tam, gdzie uda\u0142o si\u0119 go okre\u015bli\u0107). Pe\u0142ny zbi\u00f3r tw\u00f3rczo\u015bci Adama Chmielowskiego &#8211; \u015aw. Brata Alberta to:&#8211; 61 obraz\u00f3w olejnych&#8211; 22 akwarele&#8211; 15 rysunk\u00f3w&#8211; 5 &hellip; <\/p>\n<p class=\"link-more\"><a href=\"https:\/\/albert.przemyska.pl\/?page_id=190\" class=\"more-link\">Czytaj dalej<span class=\"screen-reader-text\"> \u201eTalent malarski \u015awi\u0119tego Brata Alberta\ufeff\u201d<\/span><\/a><\/p>\n","protected":false},"author":1,"featured_media":0,"parent":169,"menu_order":0,"comment_status":"closed","ping_status":"closed","template":"","meta":{"footnotes":""},"class_list":["post-190","page","type-page","status-publish","hentry"],"_links":{"self":[{"href":"https:\/\/albert.przemyska.pl\/index.php?rest_route=\/wp\/v2\/pages\/190","targetHints":{"allow":["GET"]}}],"collection":[{"href":"https:\/\/albert.przemyska.pl\/index.php?rest_route=\/wp\/v2\/pages"}],"about":[{"href":"https:\/\/albert.przemyska.pl\/index.php?rest_route=\/wp\/v2\/types\/page"}],"author":[{"embeddable":true,"href":"https:\/\/albert.przemyska.pl\/index.php?rest_route=\/wp\/v2\/users\/1"}],"replies":[{"embeddable":true,"href":"https:\/\/albert.przemyska.pl\/index.php?rest_route=%2Fwp%2Fv2%2Fcomments&post=190"}],"version-history":[{"count":1,"href":"https:\/\/albert.przemyska.pl\/index.php?rest_route=\/wp\/v2\/pages\/190\/revisions"}],"predecessor-version":[{"id":192,"href":"https:\/\/albert.przemyska.pl\/index.php?rest_route=\/wp\/v2\/pages\/190\/revisions\/192"}],"up":[{"embeddable":true,"href":"https:\/\/albert.przemyska.pl\/index.php?rest_route=\/wp\/v2\/pages\/169"}],"wp:attachment":[{"href":"https:\/\/albert.przemyska.pl\/index.php?rest_route=%2Fwp%2Fv2%2Fmedia&parent=190"}],"curies":[{"name":"wp","href":"https:\/\/api.w.org\/{rel}","templated":true}]}}