{"id":193,"date":"2019-03-21T08:26:30","date_gmt":"2019-03-21T07:26:30","guid":{"rendered":"https:\/\/albert.przemyska.pl\/?page_id=193"},"modified":"2019-03-21T08:26:30","modified_gmt":"2019-03-21T07:26:30","slug":"powiedzieli-o-swietym-bracie-albercie","status":"publish","type":"page","link":"https:\/\/albert.przemyska.pl\/?page_id=193","title":{"rendered":"Powiedzieli o \u015awi\u0119tym Bracie Albercie"},"content":{"rendered":"\n<p><br><br><strong>Nie by\u0142o to \u015bwiadectwo rewolucji,<\/strong><br><strong>nie by\u0142o to \u015bwiadectwo protestu;<br>by\u0142o to \u015bwiadectwo mi\u0142o\u015bci,<br>s\u0142u\u017cby i oddania bez reszty.<\/strong><strong><em>Kard. K. Wojty\u0142a (Krak\u00f3w, 23 XI 1973)<\/em><\/strong><\/p>\n\n\n\n<hr class=\"wp-block-separator\"\/>\n\n\n\n<p><strong>Jeste\u015b jednak\u017ce straszliwie niepodobny do tego, kt\u00f3rym jeste\u015b<br>Natrudzi\u0142e\u015b si\u0119 w ka\u017cdym z nich.<br>Zm\u0119czy\u0142e\u015b si\u0119 \u015bmiertelnie.<br>Wyniszczyli Ci\u0119 &#8211;<br>To si\u0119 nazywa mi\u0142osierdzie.<br>Przy tym pozosta\u0142e\u015b pi\u0119kny.<br>Najpi\u0119kniejszy z syn\u00f3w ludzkich.<br>Takie pi\u0119kno nie powt\u00f3rzy\u0142o si\u0119 ju\u017c nigdy p\u00f3\u017aniej &#8211;<br>O, jakie\u017c trudne pi\u0119kno, jak trudne.<br>Takie pi\u0119kno nazywa si\u0119 Mi\u0142osierdzie.<\/strong><strong><em>Karol Wojty\u0142a, &#8222;Brat naszego Boga&#8221;.<\/em><\/strong><\/p>\n\n\n\n<hr class=\"wp-block-separator\"\/>\n\n\n\n<p><strong>Ta posta\u0107 wci\u0105\u017c daje wielkie \u015bwiadectwo, nie dezaktualizuje si\u0119, wci\u0105\u017c trwa to wielkie \u015bwiadectwo jego \u017cycia, jego trudu, jego pos\u0142annictwa.<\/strong><br><strong><em>Kard. K. Wojty\u0142a (Krak\u00f3w, 15 IX 1967)<\/em><\/strong><\/p>\n\n\n\n<hr class=\"wp-block-separator\"\/>\n\n\n\n<p><strong>Brat Albert (&#8230;) G\u0142\u0119boko rozumia\u0142 t\u0119 prawd\u0119, kt\u00f3ra jest w\u0142a\u015bciwo\u015bci\u0105 i w\u0142asno\u015bci\u0105 samego Chrystusa; trzeba by\u0107 ubogim, a\u017ceby innych ubogaca\u0107. Trzeba nie mie\u0107, nie posiada\u0107, a\u017ceby innych obdarza\u0107&#8230;<\/strong><br><strong><em>Kard. K. Wojty\u0142a (Krak\u00f3w, 10 IV 1970)<\/em><\/strong><\/p>\n\n\n\n<hr class=\"wp-block-separator\"\/>\n\n\n\n<p><strong>Na\u015bladowca \u015bw. Franciszka z Asy\u017cu, jak to zreszt\u0105 potwierdzaj\u0105 dokumenty procesu rzym-skiego, cz\u0142owiek niezwyk\u0142ej duchowej g\u0142\u0119bi, poniek\u0105d duchowy syn \u015bw. Jana od Krzy\u017ca, a nade wszystko s\u0142uga ubogich, najbardziej upo\u015bledzonych. Szary Brat przeszed\u0142 ulicami Kra-kowa dobrze czyni\u0105c, daj\u0105c \u015bwiadectwo Ewangelii Jezusa Chrystusa, opowiadaj\u0105c ca\u0142ym swoim \u017cyciem osiem b\u0142ogos\u0142awie\u0144stw &#8211; nie s\u0142owami, ale \u017cyciem.<\/strong><br><strong><em>Kard. K. Wojty\u0142a (Krak\u00f3w, 1 II 1977)<\/em><\/strong><\/p>\n\n\n\n<hr class=\"wp-block-separator\"\/>\n\n\n\n<p><strong>Jest w tej postaci co\u015b, co g\u0142\u0119boko odpowiada trudno\u015bciom i niepokojom naszych czas\u00f3w. Jest jakie\u015b \u015bwiadectwo dane Chrystusowi, Jego Ewangelii, dane cz\u0142owiekowi, na kt\u00f3re te w\u0142a\u015bnie czasy w szczeg\u00f3lny spos\u00f3b czekaj\u0105.<\/strong><br><strong><em>Kard. K. Wojty\u0142a (Krak\u00f3w, 1 II 1977)<\/em><\/strong><\/p>\n\n\n\n<hr class=\"wp-block-separator\"\/>\n\n\n\n<p><strong>Adam Chmielowski by\u0142 uczniem gotowym na ka\u017cde wezwanie swego Mistrza i Pana.&nbsp;<\/strong><\/p>\n\n\n\n<p><strong><em>Ojciec \u015awi\u0119ty Jan Pawe\u0142 II (Rzym12 XI 1989)<\/em><\/strong><\/p>\n\n\n\n<hr class=\"wp-block-separator\"\/>\n\n\n\n<p><strong>W tej niestrudzonej, heroicznej pos\u0142udze na rzecz najbardziej upo\u015bledzonych i wydziedziczo-nych, znalaz\u0142 ostatecznie sw\u0105 drog\u0119. Znalaz\u0142 Chrystusa. Przyj\u0105\u0142 Jego jarzmo i brzemi\u0119. Nie by\u0142 tylko &#8222;mi\u0142osiernikiem&#8221;. Sta\u0142 si\u0119 jednym z tych, kt\u00f3rym s\u0142u\u017cy\u0142. Ich bratem. Szary brat.&nbsp;<\/strong><\/p>\n\n\n\n<p><strong><em>Ojciec \u015awi\u0119ty Jan Pawe\u0142 II (Rzym12 XI 1989)<\/em><\/strong><\/p>\n\n\n\n<hr class=\"wp-block-separator\"\/>\n\n\n\n<p><strong>Czy ten, kt\u00f3ry &#8211; id\u0105c za Chrystusem &#8211; pomaga\u0142 ludziom d\u017awiga\u0107 si\u0119, odzyskiwa\u0107 ludzk\u0105 godno\u015b\u0107 i podmiotowo\u015b\u0107, stawa\u0107 si\u0119 wsp\u00f3\u0142tw\u00f3rcami wsp\u00f3lnego dobra spo\u0142ecze\u0144stwa &#8211; nie jest nam dany jako znak i jako patron tego trudnego prze\u0142omu?&nbsp;<\/strong><\/p>\n\n\n\n<p><strong><em>Ojciec \u015awi\u0119ty Jan Pawe\u0142 II (Rzym12 XI 1989)<\/em><\/strong><\/p>\n\n\n\n<hr class=\"wp-block-separator\"\/>\n\n\n\n<p><strong>\u017bycz\u0119, aby ten \u015bwi\u0119ty,<br>kt\u00f3ry by\u0142 dla wszystkich &#8222;dobry jak chleb&#8221;,<br>dopom\u00f3g\u0142 wszystkim Polakom<br>do odzyskania wzajemnej dobroci.<\/strong><\/p>\n\n\n\n<p><strong><em>Ojciec \u015awi\u0119ty Jan Pawe\u0142 II (Rzym, 12 XI 1989)<\/em><\/strong><\/p>\n\n\n\n<hr class=\"wp-block-separator\"\/>\n\n\n\n<p><strong>W dziejach polskiej duchowo\u015bci \u015bw. Brat Albert posiada wyj\u0105tkowe miejsce. Dla mnie jego posta\u0107 mia\u0142a znaczenie decyduj\u0105ce, poniewa\u017c w okresie mojego w\u0142asnego odchodzenia od sztuki, od literatury i od teatru, znalaz\u0142em w nim szczeg\u00f3lne duchowe oparcie i wz\u00f3r radykal-nego wyboru drogi powo\u0142ania&nbsp;<br><br><\/strong><strong><em>Jan Pawe\u0142 II, &#8222;Dar i Tajemnica&#8221; Krak\u00f3w 1996<\/em><\/strong><\/p>\n","protected":false},"excerpt":{"rendered":"<p>Nie by\u0142o to \u015bwiadectwo rewolucji,nie by\u0142o to \u015bwiadectwo protestu;by\u0142o to \u015bwiadectwo mi\u0142o\u015bci,s\u0142u\u017cby i oddania bez reszty.Kard. K. Wojty\u0142a (Krak\u00f3w, 23 XI 1973) Jeste\u015b jednak\u017ce straszliwie niepodobny do tego, kt\u00f3rym jeste\u015bNatrudzi\u0142e\u015b si\u0119 w ka\u017cdym z nich.Zm\u0119czy\u0142e\u015b si\u0119 \u015bmiertelnie.Wyniszczyli Ci\u0119 &#8211;To si\u0119 nazywa mi\u0142osierdzie.Przy tym pozosta\u0142e\u015b pi\u0119kny.Najpi\u0119kniejszy z syn\u00f3w ludzkich.Takie pi\u0119kno nie powt\u00f3rzy\u0142o si\u0119 ju\u017c nigdy p\u00f3\u017aniej &hellip; <\/p>\n<p class=\"link-more\"><a href=\"https:\/\/albert.przemyska.pl\/?page_id=193\" class=\"more-link\">Czytaj dalej<span class=\"screen-reader-text\"> \u201ePowiedzieli o \u015awi\u0119tym Bracie Albercie\u201d<\/span><\/a><\/p>\n","protected":false},"author":1,"featured_media":0,"parent":169,"menu_order":0,"comment_status":"closed","ping_status":"closed","template":"","meta":{"footnotes":""},"class_list":["post-193","page","type-page","status-publish","hentry"],"_links":{"self":[{"href":"https:\/\/albert.przemyska.pl\/index.php?rest_route=\/wp\/v2\/pages\/193","targetHints":{"allow":["GET"]}}],"collection":[{"href":"https:\/\/albert.przemyska.pl\/index.php?rest_route=\/wp\/v2\/pages"}],"about":[{"href":"https:\/\/albert.przemyska.pl\/index.php?rest_route=\/wp\/v2\/types\/page"}],"author":[{"embeddable":true,"href":"https:\/\/albert.przemyska.pl\/index.php?rest_route=\/wp\/v2\/users\/1"}],"replies":[{"embeddable":true,"href":"https:\/\/albert.przemyska.pl\/index.php?rest_route=%2Fwp%2Fv2%2Fcomments&post=193"}],"version-history":[{"count":1,"href":"https:\/\/albert.przemyska.pl\/index.php?rest_route=\/wp\/v2\/pages\/193\/revisions"}],"predecessor-version":[{"id":195,"href":"https:\/\/albert.przemyska.pl\/index.php?rest_route=\/wp\/v2\/pages\/193\/revisions\/195"}],"up":[{"embeddable":true,"href":"https:\/\/albert.przemyska.pl\/index.php?rest_route=\/wp\/v2\/pages\/169"}],"wp:attachment":[{"href":"https:\/\/albert.przemyska.pl\/index.php?rest_route=%2Fwp%2Fv2%2Fmedia&parent=193"}],"curies":[{"name":"wp","href":"https:\/\/api.w.org\/{rel}","templated":true}]}}