{"id":202,"date":"2019-03-21T13:09:04","date_gmt":"2019-03-21T12:09:04","guid":{"rendered":"https:\/\/albert.przemyska.pl\/?page_id=202"},"modified":"2024-10-09T15:58:52","modified_gmt":"2024-10-09T13:58:52","slug":"godziny-mszy","status":"publish","type":"page","link":"https:\/\/albert.przemyska.pl\/?page_id=202","title":{"rendered":"GODZINY MSZY"},"content":{"rendered":"\r\n<h2 class=\"wp-block-heading\"><strong><em>MSZE \u015aWI\u0118TE<br \/><\/em><\/strong><em><strong>w naszej parafii:<\/strong><\/em><\/h2>\r\n\r\n\r\n\r\n<h2 class=\"wp-block-heading\"><strong><em>*<\/em><\/strong><strong><em>\u00a0Niedzielne:<\/em><\/strong><\/h2>\r\n\r\n\r\n\r\n<p><strong>&#8211; w ka\u017cd\u0105 sobot\u0119 Msza \u015awi\u0119ta z oficjum niedzielnego o godzinie 18:00<br \/><\/strong><br \/><strong>&#8211; 8:00<br \/>&#8211; 10:00<br \/>&#8211; 11:30<br \/>&#8211; 18:00<\/strong><\/p>\r\n\r\n\r\n<hr class=\"wp-block-separator\" \/>\r\n\r\n\r\n<h2 class=\"wp-block-heading\"><strong><em>*<\/em><\/strong><strong><em>w \u015bwi\u0119ta:<\/em><\/strong><\/h2>\r\n\r\n\r\n\r\n<p><strong>&#8211;\u00a08:00<br \/>&#8211;\u00a010:00 lub 16:00<br \/>&#8211;\u00a018:00<\/strong><\/p>\r\n\r\n\r\n<hr class=\"wp-block-separator\" \/>\r\n\r\n\r\n<h2 class=\"wp-block-heading\"><strong><em>*\u00a0<\/em><\/strong><strong><em>w dni powszednie<\/em><\/strong><em><strong>(r\u00f3wnie\u017c na wakacjach i na feriach)<\/strong><\/em><strong><em>:<\/em><\/strong><\/h2>\r\n\r\n\r\n\r\n<p><strong>&#8211;\u00a06:30<br \/>&#8211;\u00a018:00<\/strong><\/p>\r\n\r\n\r\n<hr class=\"wp-block-separator\" \/>\r\n\r\n\r\n<h2 class=\"wp-block-heading\"><strong><em>*<\/em><\/strong><strong><em>w pierwsze pi\u0105tki miesi\u0105ca:<\/em><\/strong><\/h2>\r\n\r\n\r\n\r\n<p><strong>&#8211;\u00a06:30<br \/>&#8211; 17:00 (Wystawienie Naj\u015bwi\u0119tszego Sakramentu)<br \/>&#8211;\u00a018:00<\/strong><\/p>\r\n","protected":false},"excerpt":{"rendered":"<p>MSZE \u015aWI\u0118TEw naszej parafii: *\u00a0Niedzielne: &#8211; w ka\u017cd\u0105 sobot\u0119 Msza \u015awi\u0119ta z oficjum niedzielnego o godzinie 18:00&#8211; 8:00&#8211; 10:00&#8211; 11:30&#8211; 18:00 *w \u015bwi\u0119ta: &#8211;\u00a08:00&#8211;\u00a010:00 lub 16:00&#8211;\u00a018:00 *\u00a0w dni powszednie(r\u00f3wnie\u017c na wakacjach i na feriach): &#8211;\u00a06:30&#8211;\u00a018:00 *w pierwsze pi\u0105tki miesi\u0105ca: &#8211;\u00a06:30&#8211; 17:00 (Wystawienie Naj\u015bwi\u0119tszego Sakramentu)&#8211;\u00a018:00<\/p>\n","protected":false},"author":1,"featured_media":1670,"parent":0,"menu_order":0,"comment_status":"closed","ping_status":"closed","template":"","meta":{"footnotes":""},"class_list":["post-202","page","type-page","status-publish","has-post-thumbnail","hentry"],"_links":{"self":[{"href":"https:\/\/albert.przemyska.pl\/index.php?rest_route=\/wp\/v2\/pages\/202","targetHints":{"allow":["GET"]}}],"collection":[{"href":"https:\/\/albert.przemyska.pl\/index.php?rest_route=\/wp\/v2\/pages"}],"about":[{"href":"https:\/\/albert.przemyska.pl\/index.php?rest_route=\/wp\/v2\/types\/page"}],"author":[{"embeddable":true,"href":"https:\/\/albert.przemyska.pl\/index.php?rest_route=\/wp\/v2\/users\/1"}],"replies":[{"embeddable":true,"href":"https:\/\/albert.przemyska.pl\/index.php?rest_route=%2Fwp%2Fv2%2Fcomments&post=202"}],"version-history":[{"count":3,"href":"https:\/\/albert.przemyska.pl\/index.php?rest_route=\/wp\/v2\/pages\/202\/revisions"}],"predecessor-version":[{"id":1827,"href":"https:\/\/albert.przemyska.pl\/index.php?rest_route=\/wp\/v2\/pages\/202\/revisions\/1827"}],"wp:featuredmedia":[{"embeddable":true,"href":"https:\/\/albert.przemyska.pl\/index.php?rest_route=\/wp\/v2\/media\/1670"}],"wp:attachment":[{"href":"https:\/\/albert.przemyska.pl\/index.php?rest_route=%2Fwp%2Fv2%2Fmedia&parent=202"}],"curies":[{"name":"wp","href":"https:\/\/api.w.org\/{rel}","templated":true}]}}