{"id":217,"date":"2019-03-21T13:19:10","date_gmt":"2019-03-21T12:19:10","guid":{"rendered":"https:\/\/albert.przemyska.pl\/?page_id=217"},"modified":"2026-02-26T16:42:44","modified_gmt":"2026-02-26T15:42:44","slug":"kancelaria","status":"publish","type":"page","link":"https:\/\/albert.przemyska.pl\/?page_id=217","title":{"rendered":"KANCELARIA"},"content":{"rendered":"\r\n<p>&nbsp;<\/p>\r\n\r\n\r\n\r\n<div class=\"wp-block-image\">\r\n<figure class=\"aligncenter\"><img loading=\"lazy\" decoding=\"async\" width=\"300\" height=\"122\" class=\"wp-image-219\" src=\"https:\/\/albert.przemyska.pl\/wp-content\/uploads\/2019\/03\/kancelaria.jpg\" alt=\"\" \/><\/figure>\r\n<\/div>\r\n\r\n\r\n\r\n<p><strong>Czynna od poniedzia\u0142ku-pi\u0105tku:<br \/>30 minut po mszy \u015bwi\u0119tej wieczornej\u00a0<\/strong><\/p>\r\n\r\n\r\n\r\n<p><br \/><strong><em>Z WYJ\u0104TKIEM:<br \/>&#8211; niedziel,<br \/>&#8211; \u015bwi\u0105t,<br \/>&#8211; w okresie wizyty duszpasterskiej.<br \/><br \/>W czasie wakacji i ferii zimowych kancelaria czynna tylko p\u00f3\u0142 godziny po Mszy \u015bwi\u0119tej wieczornej.<\/em><\/strong><\/p>\r\n\r\n\r\n\r\n<p><br \/><strong>Formalno\u015bci zwi\u0105zane z pogrzebem mo\u017cna ustala\u0107 o ka\u017cdej porze.<br \/>Klikaj\u0105c poni\u017cej\u00a0mo\u017cna znale\u017a\u0107 informacje dotycz\u0105ce spraw zwi\u0105zanych z:<\/strong><\/p>\r\n\r\n\r\n\r\n<p><strong><a href=\"http:\/\/www.par-br-alberta.przemysl.opoka.org.pl\/index.php\/kancelaria\/chrzest\">&#8211; Chrztem<\/a><br \/><a href=\"http:\/\/www.par-br-alberta.przemysl.opoka.org.pl\/index.php\/kancelaria\/i-komunia-swieta\">&#8211; I Komuni\u0105 \u015awi\u0119t\u0105<\/a><br \/><a href=\"http:\/\/www.par-br-alberta.przemysl.opoka.org.pl\/index.php\/kancelaria\/bierzmowanie\">&#8211; Bierzmowaniem<\/a><br \/><a href=\"http:\/\/www.par-br-alberta.przemysl.opoka.org.pl\/index.php\/kancelaria\/malzenstwo\">&#8211; Ma\u0142\u017ce\u0144stwem<\/a><br \/><a href=\"http:\/\/www.par-br-alberta.przemysl.opoka.org.pl\/index.php\/kancelaria\/pogrzeb\">&#8211; Pogrzebem<\/a><br \/><a href=\"http:\/\/www.par-br-alberta.przemysl.opoka.org.pl\/index.php\/kancelaria\/namaszczenie-chorych\">&#8211; Namaszczeniem Chorych<\/a><br \/><\/strong><\/p>\r\n\r\n\r\n<hr class=\"wp-block-separator\" \/>\r\n\r\n\r\n<figure class=\"wp-block-image\"><img loading=\"lazy\" decoding=\"async\" width=\"640\" height=\"400\" class=\"wp-image-220\" src=\"https:\/\/albert.przemyska.pl\/wp-content\/uploads\/2019\/03\/ofiara1-1.jpg\" alt=\"\" srcset=\"https:\/\/albert.przemyska.pl\/wp-content\/uploads\/2019\/03\/ofiara1-1.jpg 640w, https:\/\/albert.przemyska.pl\/wp-content\/uploads\/2019\/03\/ofiara1-1-300x188.jpg 300w\" sizes=\"auto, (max-width: 640px) 100vw, 640px\" \/><\/figure>\r\n\r\n\r\n\r\n<h3 class=\"wp-block-heading\"><br \/><strong>Wszelkie wp\u0142aty na konto naszej parafii\u00a0<br \/>mo\u017cna dokonywa\u0107 na podany ni\u017cej numer konta:<\/strong><\/h3>\r\n\r\n\r\n\r\n<h3 class=\"wp-block-heading\"><strong>PARAFIA RZYM.-KAT.\u015aW.BRATA ALBERTA W PRZEMY\u015aLU<br \/><\/strong><strong>UL. \u015aW. BRATA ALBERTA 6<br \/><\/strong><strong>37-700 PRZEMY\u015aL<\/strong><\/h3>\r\n\r\n\r\n\r\n<h3 class=\"wp-block-heading\"><strong>14 1240 2568 1111 0010 6458 2068<\/strong><\/h3>\r\n\r\n\r\n\r\n<h3 class=\"wp-block-heading\"><strong>Tytu\u0142em:\u00a0<em>&#8222;Darowizna na potrzeby parafii&#8221;<br \/>BANK PEKAO SA o\/Przemy\u015bl<\/em><\/strong><\/h3>\r\n","protected":false},"excerpt":{"rendered":"<p>&nbsp; Czynna od poniedzia\u0142ku-pi\u0105tku:30 minut po mszy \u015bwi\u0119tej wieczornej\u00a0 Z WYJ\u0104TKIEM:&#8211; niedziel,&#8211; \u015bwi\u0105t,&#8211; w okresie wizyty duszpasterskiej. W czasie wakacji i ferii zimowych kancelaria czynna tylko p\u00f3\u0142 godziny po Mszy \u015bwi\u0119tej wieczornej. Formalno\u015bci zwi\u0105zane z pogrzebem mo\u017cna ustala\u0107 o ka\u017cdej porze.Klikaj\u0105c poni\u017cej\u00a0mo\u017cna znale\u017a\u0107 informacje dotycz\u0105ce spraw zwi\u0105zanych z: &#8211; Chrztem&#8211; I Komuni\u0105 \u015awi\u0119t\u0105&#8211; Bierzmowaniem&#8211; Ma\u0142\u017ce\u0144stwem&#8211; &hellip; <\/p>\n<p class=\"link-more\"><a href=\"https:\/\/albert.przemyska.pl\/?page_id=217\" class=\"more-link\">Czytaj dalej<span class=\"screen-reader-text\"> \u201eKANCELARIA\u201d<\/span><\/a><\/p>\n","protected":false},"author":1,"featured_media":0,"parent":0,"menu_order":0,"comment_status":"closed","ping_status":"closed","template":"","meta":{"footnotes":""},"class_list":["post-217","page","type-page","status-publish","hentry"],"_links":{"self":[{"href":"https:\/\/albert.przemyska.pl\/index.php?rest_route=\/wp\/v2\/pages\/217","targetHints":{"allow":["GET"]}}],"collection":[{"href":"https:\/\/albert.przemyska.pl\/index.php?rest_route=\/wp\/v2\/pages"}],"about":[{"href":"https:\/\/albert.przemyska.pl\/index.php?rest_route=\/wp\/v2\/types\/page"}],"author":[{"embeddable":true,"href":"https:\/\/albert.przemyska.pl\/index.php?rest_route=\/wp\/v2\/users\/1"}],"replies":[{"embeddable":true,"href":"https:\/\/albert.przemyska.pl\/index.php?rest_route=%2Fwp%2Fv2%2Fcomments&post=217"}],"version-history":[{"count":5,"href":"https:\/\/albert.przemyska.pl\/index.php?rest_route=\/wp\/v2\/pages\/217\/revisions"}],"predecessor-version":[{"id":2378,"href":"https:\/\/albert.przemyska.pl\/index.php?rest_route=\/wp\/v2\/pages\/217\/revisions\/2378"}],"wp:attachment":[{"href":"https:\/\/albert.przemyska.pl\/index.php?rest_route=%2Fwp%2Fv2%2Fmedia&parent=217"}],"curies":[{"name":"wp","href":"https:\/\/api.w.org\/{rel}","templated":true}]}}