{"id":222,"date":"2019-03-21T13:20:14","date_gmt":"2019-03-21T12:20:14","guid":{"rendered":"https:\/\/albert.przemyska.pl\/?page_id=222"},"modified":"2019-03-21T13:20:14","modified_gmt":"2019-03-21T12:20:14","slug":"chrzest-swiety-w-naszej-parafii%ef%bb%bf","status":"publish","type":"page","link":"https:\/\/albert.przemyska.pl\/?page_id=222","title":{"rendered":"Chrzest \u015bwi\u0119ty w naszej parafii\ufeff"},"content":{"rendered":"\n<p><br><strong><em>&#8222;Id\u017acie wi\u0119c i nauczajcie wszystkie narody, udzielaj\u0105c im chrztu<\/em><\/strong><br><strong><em>w Imi\u0119 Ojca i Syna i Ducha \u015awi\u0119tego&#8221; (Mt 28, 19)<\/em><\/strong><\/p>\n\n\n\n<p><strong>Sakrament chrztu \u015bw. jest bram\u0105 sakrament\u00f3w &#8211; konieczny do zbawienia. W tym sakramencie cz\u0142owiek zostaje uwolniony od grzechu pierworodnego, upodobniony do Chrystusa oraz w\u0142\u0105czony do Ko\u015bcio\u0142a.<\/strong><\/p>\n\n\n\n<p><strong>Jakie kroki nale\u017cy podj\u0105\u0107 przed chrztem swojego dziecka:<\/strong><br><strong>1. Przed przyj\u015bciem do kancelarii nale\u017cy wybra\u0107 matk\u0119 i ojca chrzestnego oraz zna\u0107 ich dane:&nbsp;<\/strong><strong>nazwisko i imi\u0119, stan cywilny, wiek, data i miejsce \u015blubu ko\u015bcielnego, miejsce zamieszkania.<\/strong><\/p>\n\n\n\n<p><strong>2. Przynajmniej jedno z rodzic\u00f3w udaje si\u0119 do kancelarii parafialnej w godzinach jej urz\u0119dowania wraz ze \u015bwiadectwem urodzenia dziecka.<\/strong><\/p>\n\n\n\n<p><strong>3. W kancelarii zostaje spisane najwa\u017cniejsze dane dziecka i rodzic\u00f3w oraz zostaj\u0105 ustalone szczeg\u00f3\u0142y chrztu. Informacje te po chrzcie zostan\u0119 wpisane do Ksi\u0119gi Chrzt\u00f3w.<\/strong><\/p>\n\n\n\n<p><strong>4. Rodzice chrzestni mieszkaj\u0105cy poza terenem naszej Parafii s\u0105 zobowi\u0105zani przedstawi\u0107 za\u015bwiadczenia, \u017ce s\u0105 wierz\u0105cymi i praktykuj\u0105cymi katolikami. Za\u015bwiadczenia takie wydaje kancelaria zamieszka\u0142ej przez nich parafii.<\/strong><\/p>\n\n\n\n<p><strong>5. Rodzice i chrzestni powinni przed chrztem skorzysta\u0107 z sakramentu pokuty, by m\u00f3c w pe\u0142ni uczestniczy\u0107 w Mszy \u015bw., podczas kt\u00f3rej zostanie udzielony sakrament chrztu ich dziecku.<\/strong><\/p>\n\n\n\n<p><strong>Warunki, jakie musi spe\u0142nia\u0107 rodzic chrzestny:<\/strong><br><strong>&#8211; uko\u0144czony 16 rok \u017cycia<\/strong><br><strong>&#8211; sakrament bierzmowania<\/strong><br><strong>&#8211; za\u015bwiadczenie ze swojej parafii, \u017ce jest osob\u0105 wierz\u0105c\u0105<\/strong><br><strong>i praktykuj\u0105c\u0105 (osoby mieszkaj\u0105ce poza nasz\u0105 Parafi\u0105)<\/strong><br><strong>&#8211; osoba, kt\u00f3ra nie \u017cyje w zwi\u0105zku niesakramentalnym<\/strong><\/p>\n\n\n\n<p><strong>Sakramenty wtajemniczenia chrze\u015bcija\u0144skiego: chrzest, bierzmowanie i Eucharystia s\u0105 fundamentami ca\u0142ego \u017cycia chrze\u015bcija\u0144skiego. &#8222;Uczestnictwo w Boskiej naturze, kt\u00f3re ludzie otrzymuj\u0105 w darze przez \u0142ask\u0119 Chrystusa, objawia pewn\u0105 analogi\u0119 do powstania, rozwoju i wzrostu \u017cycia naturalnego. Wierni odrodzeni przez chrzest, zostaj\u0105 umocnieni przez sakrament bierzmowania, a w Eucharystii otrzymuj\u0105 pokarm \u017cycia wiecznego. W ten spos\u00f3b przez sakramenty wtajemniczenia chrze\u015bcija\u0144skiego w coraz wi\u0119kszym stopniu osi\u0105gaj\u0105 skarby \u017cycia Bo\u017cego i post\u0119puj\u0105 w doskona\u0142ej mi\u0142o\u015bci&#8221;<\/strong><br><strong>Chrzest \u015bwi\u0119ty jest fundamentem ca\u0142ego \u017cycia chrze\u015bcija\u0144skiego, bram\u0105 \u017cycia w Duchu i bram\u0105 otwieraj\u0105c\u0105 dost\u0119p do innych sakrament\u00f3w. Przez chrzest zostajemy wyzwoleni od grzechu i odrodzeni jako synowie Bo\u017cy, stajemy si\u0119 cz\u0142onkami Chrystusa oraz zostajemy wszczepieni w Ko\u015bci\u00f3\u0142 i stajemy si\u0119 uczestnikami jego pos\u0142ania.<\/strong><br><strong>Jest nazywany chrztem ze wzgl\u0119du na g\u0142\u00f3wny obrz\u0119d, przez kt\u00f3ry jest wype\u0142niany: chrzci\u0107 (gr. baptizein) oznacza: &#8222;zanurzy\u0107, pogr\u0105\u017cy\u0107&#8221;; &#8222;zanurzenie&#8221; w wodzie jest symbolem pogrzebania katechumena w \u015bmierci Chrystusa, z kt\u00f3rej powstaje przez zmartwychwstanie z Nim jako &#8222;nowe stworzenie&#8221; (2 Kor 5,17; Ga 6,15).<\/strong><\/p>\n\n\n\n<p><strong>Niekt\u00f3re rozporz\u0105dzenia dotycz\u0105ce przygotowania do Chrztu \u015awi\u0119te wg Synodu Archidiecezji Przemyskiej:<\/strong><\/p>\n\n\n\n<p><strong>&#8222;Duszpasterze powinni cz\u0119sto przypomina\u0107 o znaczeniu sakramentu chrztu, kt\u00f3ry jest konieczny do zbawienia, przez kt\u00f3ry cz\u0142owiek uwolniony od grzech\u00f3w otrzymuje godno\u015b\u0107 dziecka Bo\u017cego, upodabnia si\u0119 do Chrystusa i zostaje w\u0142\u0105czony do Ko\u015bcio\u0142a.&#8221; (Statut 306)<br><\/strong><br><strong>&#8222;Synod poleca, aby udzielanie chrztu mia\u0142o miejsce podczas Mszy \u015bwi\u0119tej by ca\u0142a wsp\u00f3lnota mog\u0142a bra\u0107 udzia\u0142 w tym obrz\u0119dzie i aby ukaza\u0107 zwi\u0105zek chrztu i Eucharystii.<\/strong><br><strong>Nale\u017cy do\u0142o\u017cy\u0107 stara\u0144, by po odpowiednim przygotowaniu, udzielanie chrztu odbywa\u0142o si\u0119 z nale\u017cyt\u0105 godno\u015bci\u0105. Szafarz chrztu powinien dokona\u0107 obrz\u0119du uroczy\u015bcie i pobo\u017cnie. Poza niebezpiecze\u0144stwem \u015bmierci, nale\u017cy odprawi\u0107 pe\u0142ny obrz\u0119d sakramentu, bez wzgl\u0119du na ilo\u015b\u0107 przyjmuj\u0105cych chrzest.&#8221; (Statut 307 \u00a7 1 i 2)<br><\/strong><br><strong>&#8222;Chrztu udziela si\u0119 zasadniczo w niedziel\u0119, poniewa\u017c Ko\u015bci\u00f3\u0142 obchodzi wtedy Misterium Paschalne. W razie konieczno\u015bci mo\u017cna go te\u017c udziela\u0107 w innym czasie.<\/strong><br><strong>Chrzest doros\u0142ych odbywa si\u0119 zasadniczo w Wigili\u0119 Paschaln\u0105, ale gdy zachodzi potrzeba mo\u017cna go udzieli\u0107 tak\u017ce w innym czasie.<\/strong><br><strong>Obrz\u0119dy chrztu maj\u0105 charakter paschalny i dlatego przy ka\u017cdorazowym ich sprawowaniu zapala si\u0119 pascha\u0142.&#8221; (Statut 308 \u00a7 1, 2 i 3)<br><br><\/strong><strong>&#8222;Na rodzic\u00f3w chrzestnych nale\u017cy wybiera\u0107 osoby, kt\u00f3re uko\u0144czy\u0142y 16 lat, przyj\u0119\u0142y ju\u017c sakramenty wtajemniczenia chrze\u015bcija\u0144skiego, prowadz\u0105 \u017cycie zgodne z wiar\u0105 i prawo nie zabrania im pe\u0142nienia zada\u0144 chrzestnego.<\/strong><br><strong>Kandydaci na chrzestnych, pochodz\u0105cy z innych parafii, winni przedstawi\u0107 stosowne za\u015bwiadczenie od w\u0142asnego proboszcza o zdolno\u015bci do tej funkcji.&#8221; (Statut 309 \u00a7 1 i 2)<br><\/strong><br><strong>&#8222;Zaleca si\u0119, aby rodzice, chrzestni czy inni bliscy przyjmuj\u0105cych chrzest spe\u0142niali niekt\u00f3re funkcje liturgiczne, jak: czytania, \u015bpiew mi\u0119dzylekcyjny, wezwania modlitwy wiernych, przyniesienie dar\u00f3w ofiarnych.&#8221; (Statut 310)<br><\/strong><br><strong>&#8222;Rodzice, o ile nie maj\u0105 przeszk\u00f3d, oraz chrzestni, powinni w czasie obrz\u0119du chrztu przyst\u0105pi\u0107 do sto\u0142u Pa\u0144skiego.<\/strong><br><strong>Duszpasterze powinni zach\u0119ca\u0107, aby tak\u017ce rodzina i krewni kandydata do chrztu przyst\u0105pili do sakramentu pokuty i Komunii \u015bwi\u0119tej.&#8221; (Statut 311 \u00a7 1 i 2)<br><\/strong><br><strong>&#8222;Rodzice dziecka i chrzestni winni by\u0107 odpowiednio przygotowani do uczestniczenia w sakramencie chrztu. W tym celu:<\/strong><br><strong>1. duszpasterze powinni organizowa\u0107 spotkania z rodzicami oczekuj\u0105cymi dziecka celem pouczenia ich o godno\u015bci rodzicielstwa i znaczeniu chrztu dla \u017cycia chrze\u015bcija\u0144skiego.<\/strong><br><strong>2. rodzice i chrzestni powinni uczestniczy\u0107 przynajmniej w dw\u00f3ch katechezach chrzcielnych prowadzonych w parafii chrztu lub zamieszkania chrzestnych.&#8221; (Statut 312)<\/strong><\/p>\n\n\n\n<p><strong>&#8222;Fakt chrztu, obejmuj\u0105cy dane okre\u015blone przepisami kan. 877 KPK, winien by\u0107 dok\u0142adnie i niezw\u0142ocznie odnotowany w parafialnej ksi\u0119dze ochrzczonych, a jej kopi\u0119 nale\u017cy co pi\u0119\u0107 lat przekazywa\u0107 do Archiwum Archidiecezjalnego w Przemy\u015blu.&#8221; (Statut 313)<br><\/strong><br><strong>&#8222;Zmiany wpis\u00f3w w ksi\u0119dze ochrzczonych, obejmuj\u0105ce nazwisko i imi\u0119 ochrzczonego, wzmiank\u0119 o szafarzu, rodzicach chrzestnych oraz \u015bwiadkach, jak r\u00f3wnie\u017c miejsce i dat\u0119 udzielonego chrztu oraz miejsce i dat\u0119 urodzenia, dokonuje si\u0119 po uzyskaniu pisemnej zgody ordynariusza miejsca.&#8221; (Statut 314)<br><\/strong><br><strong>&#8222;Duszpasterze winni zach\u0119ca\u0107 rodzic\u00f3w, aby przynajmniej jedno z imion nadawanych dziecku figurowa\u0142o w wykazie \u015bwi\u0119tych i b\u0142ogos\u0142awionych.&#8221; (Statut 315)<\/strong><\/p>\n\n\n\n<p><strong>&#8222;Zach\u0119ca si\u0119 duszpasterzy do uroczystego obchodzenia w parafii pierwszej rocznicy chrztu dziecka po\u0142\u0105czonej ze specjalnym b\u0142ogos\u0142awie\u0144stwem i katechez\u0105 dla rodzic\u00f3w.<\/strong><br><strong>Zaleca si\u0119 wiernym obchodzenie kolejnych rocznic chrztu, w zwi\u0105zku z dniem imienin. Szczeg\u00f3lnym darem imieninowym, cenionym przez chrze\u015bcijan, niech b\u0119dzie wsp\u00f3lna modlitwa lub ofiarowanie Mszy \u015bwi\u0119tej.&#8221; (Statut 316 \u00a7 1 i 2)<br><\/strong><br><strong>&#8222;W wypadku konieczno\u015bci, obejmuj\u0105cym w szczeg\u00f3lno\u015bci niebezpiecze\u0144stwo \u015bmierci, chrztu mo\u017ce udzieli\u0107 ka\u017cdy cz\u0142owiek maj\u0105cy w\u0142a\u015bciw\u0105 intencj\u0119.<\/strong><br><strong>Dziecko rodzic\u00f3w katolickich, a nawet niekatolickich, znajduj\u0105ce si\u0119 w niebezpiecze\u0144stwie \u015bmierci, powinno by\u0107 natychmiast ochrzczone.<\/strong><br><strong>Duszpasterze, zw\u0142aszcza proboszczowie i katecheci, powinni poucza\u0107 wiernych o prawid\u0142owym udzielaniu chrztu.&#8221; (Statut 317 \u00a7 1, 2 i 3)<br><\/strong><br><strong>&#8222;O dopuszczeniu do chrztu dzieci z rodzin religijnie oboj\u0119tnych lub zaniedbanych, decyduje miejscowy proboszcz, maj\u0105c na uwadze \u015bwi\u0119to\u015b\u0107 sakramentu oraz zobowi\u0105zanie do wychowania w wierze dziecka ochrzczonego.<\/strong><br><strong>Warunkiem chrztu dziecka jest zadeklarowana wola (w trudniejszych przypadkach na pi\u015bmie) wychowania dziecka po katolicku, czasem niezale\u017cnie od s\u0142abo\u015bci czy powik\u0142a\u0144 \u017cyciowych jego rodzic\u00f3w, daj\u0105ca uzasadnion\u0105 nadziej\u0119 katolickiego wychowania dziecka .<\/strong><br><strong>W sytuacjach, o kt\u00f3rych mowa w \u00a7 1-2 szczeg\u00f3lna odpowiedzialno\u015b\u0107 za wychowanie dziecka spoczywa na rodzicach chrzestnych.&#8221; (Statut 318 \u00a7 1, 2 i 3)<br><\/strong><br><strong>&#8222;Za doros\u0142ych w odniesieniu do chrztu uwa\u017ca si\u0119 wszystkich, kt\u00f3rzy uko\u0144czyli siedem lat \u017cycia i osi\u0105gn\u0119li zdolno\u015b\u0107 u\u017cywania rozumu.<\/strong><br><strong>Stosownie do kan. 863 KPK, o chrzcie doros\u0142ych, przynajmniej tych, kt\u00f3rzy uko\u0144czyli czternasty rok \u017cycia, powinien by\u0107 powiadomiony biskup diecezjalny, a\u017ceby, je\u015bli uzna to za wskazane, sam udzieli\u0142 chrztu i bierzmowania.<\/strong><br><strong>W przygotowaniu i udzielaniu chrztu doros\u0142ym nale\u017cy \u015bci\u015ble przestrzega\u0107 norm i obrz\u0119d\u00f3w zawartych w ksi\u0119dze Obrz\u0119dy chrze\u015bcija\u0144skiego wtajemniczenia doros\u0142ych, kt\u00f3ra obowi\u0105zuje w diecezjach polskich od 14 maja 1989 roku.&#8221; (Statut 319 \u00a7 1, 2 i 3)<\/strong><\/p>\n","protected":false},"excerpt":{"rendered":"<p>&#8222;Id\u017acie wi\u0119c i nauczajcie wszystkie narody, udzielaj\u0105c im chrztuw Imi\u0119 Ojca i Syna i Ducha \u015awi\u0119tego&#8221; (Mt 28, 19) Sakrament chrztu \u015bw. jest bram\u0105 sakrament\u00f3w &#8211; konieczny do zbawienia. W tym sakramencie cz\u0142owiek zostaje uwolniony od grzechu pierworodnego, upodobniony do Chrystusa oraz w\u0142\u0105czony do Ko\u015bcio\u0142a. Jakie kroki nale\u017cy podj\u0105\u0107 przed chrztem swojego dziecka:1. Przed przyj\u015bciem &hellip; <\/p>\n<p class=\"link-more\"><a href=\"https:\/\/albert.przemyska.pl\/?page_id=222\" class=\"more-link\">Czytaj dalej<span class=\"screen-reader-text\"> \u201eChrzest \u015bwi\u0119ty w naszej parafii\ufeff\u201d<\/span><\/a><\/p>\n","protected":false},"author":1,"featured_media":0,"parent":217,"menu_order":0,"comment_status":"closed","ping_status":"closed","template":"","meta":{"footnotes":""},"class_list":["post-222","page","type-page","status-publish","hentry"],"_links":{"self":[{"href":"https:\/\/albert.przemyska.pl\/index.php?rest_route=\/wp\/v2\/pages\/222","targetHints":{"allow":["GET"]}}],"collection":[{"href":"https:\/\/albert.przemyska.pl\/index.php?rest_route=\/wp\/v2\/pages"}],"about":[{"href":"https:\/\/albert.przemyska.pl\/index.php?rest_route=\/wp\/v2\/types\/page"}],"author":[{"embeddable":true,"href":"https:\/\/albert.przemyska.pl\/index.php?rest_route=\/wp\/v2\/users\/1"}],"replies":[{"embeddable":true,"href":"https:\/\/albert.przemyska.pl\/index.php?rest_route=%2Fwp%2Fv2%2Fcomments&post=222"}],"version-history":[{"count":1,"href":"https:\/\/albert.przemyska.pl\/index.php?rest_route=\/wp\/v2\/pages\/222\/revisions"}],"predecessor-version":[{"id":224,"href":"https:\/\/albert.przemyska.pl\/index.php?rest_route=\/wp\/v2\/pages\/222\/revisions\/224"}],"up":[{"embeddable":true,"href":"https:\/\/albert.przemyska.pl\/index.php?rest_route=\/wp\/v2\/pages\/217"}],"wp:attachment":[{"href":"https:\/\/albert.przemyska.pl\/index.php?rest_route=%2Fwp%2Fv2%2Fmedia&parent=222"}],"curies":[{"name":"wp","href":"https:\/\/api.w.org\/{rel}","templated":true}]}}