{"id":232,"date":"2019-03-21T13:30:01","date_gmt":"2019-03-21T12:30:01","guid":{"rendered":"https:\/\/albert.przemyska.pl\/?page_id=232"},"modified":"2019-03-21T13:30:01","modified_gmt":"2019-03-21T12:30:01","slug":"malzenstwo-w-naszej-parafii%ef%bb%bf","status":"publish","type":"page","link":"https:\/\/albert.przemyska.pl\/?page_id=232","title":{"rendered":"Ma\u0142\u017ce\u0144stwo w naszej parafii\ufeff"},"content":{"rendered":"\n<p><strong><em>W\u0119ze\u0142 ma\u0142\u017ce\u0144ski<\/em>&nbsp;zosta\u0142 ustanowiony przez samego Boga, tak \u017ce zawarte i dope\u0142nione ma\u0142\u017ce\u0144stwo os\u00f3b ochrzczonych nie mo\u017ce by\u0107 nigdy rozwi\u0105zane. W\u0119ze\u0142 wynikaj\u0105cy z wolnego, ludzkiego aktu ma\u0142\u017conk\u00f3w i z dope\u0142nienia ma\u0142\u017ce\u0144stwa jest odt\u0105d rzeczywisto\u015bci\u0105 nieodwo\u0142aln\u0105 i daje pocz\u0105tek przymierzu zagwarantowanemu wierno\u015bci\u0105 Boga. Ko\u015bci\u00f3\u0142 nie ma takiej w\u0142adzy, by wypowiada\u0107 si\u0119 przeciw postanowieniu m\u0105dro\u015bci Bo\u017cej.<\/strong><\/p>\n\n\n\n<h3 class=\"wp-block-heading\"><strong>Przygotowanie do sakramentu ma\u0142\u017ce\u0144stwa:<\/strong><\/h3>\n\n\n\n<p><strong>1. Warto podtrzyma\u0107 zwyczaj oficjalnych zar\u0119czyn, kt\u00f3re zawiera si\u0119 zwykle 6-12 miesi\u0119cy przed \u015blubem.<\/strong><\/p>\n\n\n\n<p><strong>2. Nale\u017cy odpowiednio wcze\u015bnie zarezerwowa\u0107 dzie\u0144 i godzin\u0119 \u015blubu. Niekiedy warto uczyni\u0107 to nawet rok wcze\u015bniej.<\/strong><\/p>\n\n\n\n<p><strong>3. Na oko\u0142o 3 miesi\u0105ce przed zawarciem sakramentu ma\u0142\u017ce\u0144stwa nale\u017cy um\u00f3wi\u0107 si\u0119 z Ksi\u0119dzem Proboszczem na spisanie protoko\u0142u przed\u015blubnego. Nale\u017cy przygotowa\u0107 i przynie\u015b\u0107 nast\u0119puj\u0105ce dokumenty:<\/strong><\/p>\n\n\n\n<p><strong>&#8211; dowody osobiste narzeczonego i narzeczonej;<br>&#8211; \u015bwiadectwo uko\u0144czenia religii na poziomie szko\u0142y \u015bredniej;<br>&#8211; \u015bwiadectwo chrztu z adnotacj\u0105 o przyj\u0119ciu sakramentu bierzmowania (<\/strong><strong>wa\u017cne 3 miesi\u0105ce);<br>&#8211; \u015bwiadectwo bierzmowania \u2013 je\u017celi brak takiej adnotacji o nim na \u015bwiadectwie chrztu;<br>&#8211; dokument z Urz\u0119du Stanu Cywilnego stwierdzajacy brak przeszk\u00f3d do zawarcia \u015blubu konkordatowego (<\/strong><strong>wa\u017cny 3 miesi\u0105ce) lub dokument z USC o zawarciu ma\u0142\u017ce\u0144stwa cywilnego;<\/strong><strong>&#8211; \u015bwiadectwo uko\u0144czenia kursu przedma\u0142\u017ce\u0144skiego;<br>&#8211; \u015bwiadectwo odbycia nauk przed\u015blubnych w Poradni Rodzinnej.<\/strong><br><strong>4. Je\u017celi narzeczony lub narzeczona mieszkaj\u0105 poza terenem naszej Parafii, w\u00f3wczas przy spisywaniu protoko\u0142u przed\u015blubnego otrzymuje Pro\u015bb\u0119 o wyg\u0142oszenie zapowiedzi, kt\u00f3r\u0105 dostarcza do parafii miejsca swojego zamieszkania.&nbsp;<\/strong><\/p>\n\n\n\n<p><strong>5. Narzeczeni otrzymuj\u0105 tak\u017ce karteczk\u0119, na kt\u00f3rej odnotuj\u0105 dwie spowiedzi przed\u015blubne: pierwsz\u0105 ok. miesi\u0105ca przed zawarciem ma\u0142\u017ce\u0144stwa, drug\u0105 &#8211; bezpo\u015brednio przed \u015blubem, najlepiej w przededniu. Po ka\u017cdej z tych spowiedzi nale\u017cy poprosi\u0107 o podpis spowiednika, za\u015b przed jej rozpocz\u0119ciem zaznaczy\u0107, i\u017c jest to 1. lub 2. spowied\u017a przed\u015blubna.<\/strong><\/p>\n\n\n\n<p><strong>6. Zasad\u0105 og\u00f3lnie przyj\u0119t\u0105 jest, \u017ce sakrament ma\u0142\u017ce\u0144stwa przyjmuje si\u0119 w parafii narzeczonej (wzgl\u0119dnie narzeczonego). Gdyby zaistnia\u0142a potrzeba zawarcia tego\u017c sakramentu poza w\u0142asn\u0105 parafi\u0105, w\u00f3wczas nale\u017cy uzyska\u0107 licencj\u0119 (zgod\u0119) na \u015blub w innym ko\u015bciele.<\/strong><strong>7. Zach\u0119ca si\u0119 narzeczonych, by wzi\u0119li czynny udzia\u0142 w przygotowaniu samej liturgii sakramentu ma\u0142\u017ce\u0144stwa. Pomo\u017ce to bardziej \u015bwiadomie, g\u0142\u0119biej i spokojniej prze\u017cy\u0107 jeden z najwa\u017cniejszych moment\u00f3w w \u017cyciu.<\/strong><\/p>\n\n\n\n<p><\/p>\n\n\n\n<hr class=\"wp-block-separator\"\/>\n\n\n\n<p><strong>Ma\u0142\u017conkowie chrze\u015bcija\u0144scy&#8230; we w\u0142a\u015bciwym sobie stanie i porz\u0105dku \u017cycia maj\u0105 w\u0142asny dar w\u015br\u00f3d Ludu Bo\u017cego. W\u0142a\u015bciwa \u0142aska sakramentu ma\u0142\u017ce\u0144stwa jest przeznaczona dla udoskonalenia mi\u0142o\u015bci ma\u0142\u017conk\u00f3w i dla umocnienia ich nierozerwalnej jedno\u015bci. Przez t\u0119 \u0142ask\u0119 podtrzymuj\u0105 si\u0119 wzajemnie&#8230; z pomoc\u0105 wiernej mi\u0142o\u015bci, a przyjmowanemu z mi\u0142o\u015bci do Boga potomstwu wpajaj\u0105 chrze\u015bcija\u0144skie nauki i ewangeliczne cnoty<\/strong><\/p>\n\n\n\n<p><strong><em>\u0179r\u00f3d\u0142em tej \u0142aski jest Chrystus<\/em>. Jak bowiem niegdy\u015b B\u00f3g wyszed\u0142 naprzeciw swojemu ludowi z przymierzem mi\u0142o\u015bci i wierno\u015bci, tak teraz Zbawca ludzi i Oblubieniec Ko\u015bcio\u0142a wychodzi naprzeciw chrze\u015bcija\u0144skim ma\u0142\u017conkom przez sakrament ma\u0142\u017ce\u0144stwa. pozostaje z nimi, daje im moc p\u00f3j\u015bcia za Nim i wzi\u0119cia na siebie swojego krzy\u017ca, podnoszenia si\u0119 po upadkach, przebaczania sobie wzajemnie, wzajemnego noszenia swoich ci\u0119\u017car\u00f3w. Pomaga im, by byli sobie wzajemnie poddani w boja\u017ani Chrystusowej (Ef 5, 21) i mi\u0142owali si\u0119 mi\u0142o\u015bci\u0105 nadprzyrodzon\u0105, delikatn\u0105 i p\u0142odn\u0105. W rado\u015bciach ich mi\u0142o\u015bci i \u017cycia rodzinnego daje im ju\u017c tutaj przedsmak uczty God\u00f3w Baranka.<\/strong><\/p>\n\n\n\n<hr class=\"wp-block-separator\"\/>\n\n\n\n<p><strong>Wi\u0119cej o sakramencie ma\u0142\u017ce\u0144stwa:<\/strong><strong>&#8211;&nbsp;<\/strong><strong>Synod Archidiecezji Przemyskiej:<\/strong><\/p>\n\n\n\n<p><strong><em>Statut 378.<\/em><\/strong><strong>Nale\u017cy zach\u0119ca\u0107 m\u0142odzie\u017c, aby sakrament ma\u0142\u017ce\u0144stwa by\u0142 poprzedzony zar\u0119czynami, kt\u00f3re winny odby\u0107 si\u0119 w gronie rodzinnym na oko\u0142o 6 miesi\u0119cy przed \u015blubem.<\/strong><br><strong><em>Statut 379.<\/em><\/strong><strong>Ma\u0142\u017ce\u0144stwa katolickie powinny by\u0107 zawierane podczas Eucharystii, celebrowanej w uroczystej oprawie liturgicznej, o ile to mo\u017cliwe, z podzia\u0142em pos\u0142ug liturgicznych. Nowo\u017ce\u0144cy mog\u0105 przyj\u0105\u0107 komuni\u0119 \u015bwi\u0119t\u0105 pod dwiema postaciami.<\/strong><br><strong><em>Statut 380.<\/em><\/strong><strong>Je\u015bli w tym samym dniu wi\u0119cej par zawiera sakrament ma\u0142\u017ce\u0144stwa, nale\u017cy je zach\u0119ca\u0107 do wsp\u00f3lnotowego celebrowania liturgii sakramentu ma\u0142\u017ce\u0144stwa.<\/strong><br><strong><em>Statut 381.<\/em><\/strong><strong>B\u0142ogos\u0142awienie ma\u0142\u017ce\u0144stw mo\u017ce nast\u0105pi\u0107 w ka\u017cdym czasie. Je\u017celi jednak mia\u0142oby to miejsce w czasie Adwentu lub Wielkiego Postu, w\u00f3wczas nale\u017cy pouczy\u0107 nowo\u017ce\u0144c\u00f3w o szczeg\u00f3lnym charakterze tych okres\u00f3w.<\/strong><br><strong><em>Statut 382.<\/em><\/strong><strong>Zach\u0119ca si\u0119 duszpasterzy, aby brali pod uwag\u0119 po\u017cytek p\u0142yn\u0105cy z b\u0142ogos\u0142awienia ma\u0142\u017ce\u0144stw podczas Mszy \u015bwi\u0119tej niedzielnej w obecno\u015bci wi\u0119kszej liczby wiernych i proponowali tak\u0105 ewentualno\u015b\u0107 narzeczonym.<\/strong><br><strong><em>Statut 383.<\/em><\/strong><strong>W\u0142a\u015bciwym miejscem zawarcia ma\u0142\u017ce\u0144stwa jest parafia jednego z nupturient\u00f3w, na terenie kt\u00f3rej przebywa na okres sta\u0142y, czasowy lub miesi\u0119cznego pobytu, a w przypadku tu\u0142aczy miejsca aktualnego przebywania. W innym miejscu ma\u0142\u017ce\u0144stwo mo\u017ce by\u0107 zawarte za pozwoleniem w\u0142asnego ordynariusza lub w\u0142asnego proboszcza.<\/strong><br><strong><em>Statut 384.<\/em><\/strong><strong>Ze szczeg\u00f3ln\u0105 staranno\u015bci\u0105, przy wsp\u00f3\u0142udziale nupturient\u00f3w, nale\u017cy przygotowa\u0107 teksty liturgiczne, opraw\u0119 i uroczysty wystr\u00f3j \u015bwi\u0105tyni, aby nada\u0107 obrz\u0119dom \u015bwi\u0105teczny i niecodzienny wyraz.<\/strong><br><strong><em>Statut 385.<\/em><\/strong><strong>\u00a7 1. Nale\u017cy podtrzymywa\u0107 zwyczaj zawierzania si\u0119 m\u0142odej pary Matce Bo\u017cej lub \u015awi\u0119tej Rodzinie. Zawierzenie to mo\u017ce dokona\u0107 si\u0119 w domu nowo\u017ce\u0144c\u00f3w lub w ko\u015bciele, tu\u017c po ceremonii za\u015blubin.<br>\u00a7 2. Zaleca si\u0119 podtrzymywanie zwyczaju b\u0142ogos\u0142awie\u0144stwa udzielanego przez rodzic\u00f3w oraz religijnego powitania po powrocie z ko\u015bcio\u0142a przy \u015bpiewie pie\u015bni religijnych.<\/strong><br><strong><em>Statut 386.<\/em><\/strong><strong>\u00a7 1. Duszpasterze i bliscy powinni usilnie zach\u0119ca\u0107 narzeczonych i ich rodziny do urz\u0105dzania wesel bezalkoholowych.<br>\u00a7 2. Ma\u0142\u017conkom, kt\u00f3rzy decyduj\u0105 si\u0119 na przyj\u0119cie si\u0119 bezalkoholowe, nale\u017cy okaza\u0107 szczeg\u00f3lne uznanie i poparcie. Mo\u017cna im przekaza\u0107 specjalne b\u0142ogos\u0142awie\u0144stwo biskupa, o kt\u00f3re nale\u017cy wyst\u0105pi\u0107 pisemnie do Kurii, podaj\u0105c nazwiska oraz imiona nupturient\u00f3w.<\/strong><br><strong><em>Statut 387.<\/em><\/strong><strong>W przypadku ma\u0142\u017ce\u0144stw mieszanych, m\u0142odocianych, z niewierz\u0105cymi, niepraktykuj\u0105cymi jak i odst\u0119pcami od Ko\u015bcio\u0142a katolickiego nale\u017cy stosowa\u0107 si\u0119 do zalece\u0144 Kodeksu Prawa Kanonicznego oraz obowi\u0105zuj\u0105cych instrukcji Konferencji Episkopatu Polski.<\/strong><br><strong><em>Statut 388.<\/em><\/strong><strong>\u00a7 1. Fakt zawarcia ma\u0142\u017ce\u0144stwa nale\u017cy odnotowa\u0107 ksi\u0119dze \u015blub\u00f3w miejsca jego zawarcia oraz na marginesie aktu chrztu w ksi\u0119dze ochrzczonych w nast\u0119puj\u0105cym brzemieniu: \u201eN.N. zawar\u0142(a) ma\u0142\u017ce\u0144stwo z XY w dniu \u2026 r., podpis.\u201d<br>\u00a7 2. Je\u017celi ma\u0142\u017ce\u0144stwo zosta\u0142o zawarte poza parafi\u0105 chrztu nowo\u017ce\u0144c\u00f3w, nale\u017cy niezw\u0142ocznie zawiadomi\u0107 o fakcie jego zawarcia proboszcza parafii chrztu oraz udzielaj\u0105cego licencji.<br>\u00a7 3. Proboszcz parafii chrztu ma obowi\u0105zek odnotowa\u0107 fakt zawarcia ma\u0142\u017ce\u0144stwa w ksi\u0119dze chrztu i przes\u0142a\u0107 wiadomo\u015b\u0107 o dokonaniu tej adnotacji do parafii zawarcia ma\u0142\u017ce\u0144stwa.<br>\u00a7 4. Potwierdzenie o dokonanej adnotacji winno by\u0107 zaznaczone odnotowane w protokole przed\u015blubnym.<\/strong><br><strong><em>Statut 389.<\/em><\/strong><strong>Ma\u0142\u017ce\u0144stwo sakramentalne ochrzczonych powinno uzyska\u0107 skutki cywilne. Nale\u017cy w tym celu wype\u0142ni\u0107 postanowienia Instrukcji Konferencji Episkopatu Polski z dnia 15.11.1998 r.<\/strong><br><strong><em>Statut 390.<\/em><\/strong><strong>Duszpasterze z racji swojej pos\u0142ugi mog\u0105 przyjmowa\u0107 od nowo\u017ce\u0144c\u00f3w dobrowoln\u0105 ofiar\u0119, obja\u015bniaj\u0105c, \u017ce jej cz\u0119\u015b\u0107 sk\u0142adana jest na potrzeby duszpasterstwa rodzin. Nie mog\u0105 jednak jej \u017c\u0105da\u0107, okre\u015bla\u0107 wielko\u015bci ani uzale\u017cnia\u0107 od niej oprawy zewn\u0119trznej pos\u0142ugi sakramentalnej.<\/strong><br><strong><em>Przemy\u015bl 1995-2000<\/em><\/strong><\/p>\n","protected":false},"excerpt":{"rendered":"<p>W\u0119ze\u0142 ma\u0142\u017ce\u0144ski&nbsp;zosta\u0142 ustanowiony przez samego Boga, tak \u017ce zawarte i dope\u0142nione ma\u0142\u017ce\u0144stwo os\u00f3b ochrzczonych nie mo\u017ce by\u0107 nigdy rozwi\u0105zane. W\u0119ze\u0142 wynikaj\u0105cy z wolnego, ludzkiego aktu ma\u0142\u017conk\u00f3w i z dope\u0142nienia ma\u0142\u017ce\u0144stwa jest odt\u0105d rzeczywisto\u015bci\u0105 nieodwo\u0142aln\u0105 i daje pocz\u0105tek przymierzu zagwarantowanemu wierno\u015bci\u0105 Boga. Ko\u015bci\u00f3\u0142 nie ma takiej w\u0142adzy, by wypowiada\u0107 si\u0119 przeciw postanowieniu m\u0105dro\u015bci Bo\u017cej. Przygotowanie do &hellip; <\/p>\n<p class=\"link-more\"><a href=\"https:\/\/albert.przemyska.pl\/?page_id=232\" class=\"more-link\">Czytaj dalej<span class=\"screen-reader-text\"> \u201eMa\u0142\u017ce\u0144stwo w naszej parafii\ufeff\u201d<\/span><\/a><\/p>\n","protected":false},"author":1,"featured_media":0,"parent":217,"menu_order":0,"comment_status":"closed","ping_status":"closed","template":"","meta":{"footnotes":""},"class_list":["post-232","page","type-page","status-publish","hentry"],"_links":{"self":[{"href":"https:\/\/albert.przemyska.pl\/index.php?rest_route=\/wp\/v2\/pages\/232","targetHints":{"allow":["GET"]}}],"collection":[{"href":"https:\/\/albert.przemyska.pl\/index.php?rest_route=\/wp\/v2\/pages"}],"about":[{"href":"https:\/\/albert.przemyska.pl\/index.php?rest_route=\/wp\/v2\/types\/page"}],"author":[{"embeddable":true,"href":"https:\/\/albert.przemyska.pl\/index.php?rest_route=\/wp\/v2\/users\/1"}],"replies":[{"embeddable":true,"href":"https:\/\/albert.przemyska.pl\/index.php?rest_route=%2Fwp%2Fv2%2Fcomments&post=232"}],"version-history":[{"count":1,"href":"https:\/\/albert.przemyska.pl\/index.php?rest_route=\/wp\/v2\/pages\/232\/revisions"}],"predecessor-version":[{"id":234,"href":"https:\/\/albert.przemyska.pl\/index.php?rest_route=\/wp\/v2\/pages\/232\/revisions\/234"}],"up":[{"embeddable":true,"href":"https:\/\/albert.przemyska.pl\/index.php?rest_route=\/wp\/v2\/pages\/217"}],"wp:attachment":[{"href":"https:\/\/albert.przemyska.pl\/index.php?rest_route=%2Fwp%2Fv2%2Fmedia&parent=232"}],"curies":[{"name":"wp","href":"https:\/\/api.w.org\/{rel}","templated":true}]}}