{"id":235,"date":"2019-03-21T13:30:45","date_gmt":"2019-03-21T12:30:45","guid":{"rendered":"https:\/\/albert.przemyska.pl\/?page_id=235"},"modified":"2019-03-21T13:30:45","modified_gmt":"2019-03-21T12:30:45","slug":"namaszczenie-chorych%ef%bb%bf","status":"publish","type":"page","link":"https:\/\/albert.przemyska.pl\/?page_id=235","title":{"rendered":"Namaszczenie Chorych\ufeff"},"content":{"rendered":"\n<h2 class=\"wp-block-heading\"><em>Sakrament Namaszczenia Chorych<\/em><\/h2>\n\n\n\n<p><strong>W ka\u017cdy I pi\u0105tek miesi\u0105ca przed po\u0142udniem kap\u0142ani naszej Parafii udaj\u0105 si\u0119 do chorych, dzi\u0119ki czemu ka\u017cdy cierpi\u0105cy ma mo\u017cliwo\u015b\u0107 skorzystania z sakramentu pokuty, oraz przyj\u0105\u0107 pierwszo-pi\u0105tkow\u0105 Komuni\u0119 \u015awi\u0119t\u0105. Wtedy r\u00f3wnie\u017c, je\u015bli istnieje konieczno\u015b\u0107, udzielany jest sakrament namaszczenia chorych. Adresy chorych prosz\u0119 zg\u0142asza\u0107 w zakrystii lub telefonicznie&nbsp;<\/strong><strong>16 677-94-20<\/strong><strong>.<br>W przypadkach nag\u0142ych prosz\u0119 wzywa\u0107 kap\u0142ana w dowolnym czasie, na pewno przyb\u0119dzie udzielaj\u0105c cierpi\u0105cym i umieraj\u0105cym stosownych sakrament\u00f3w.<br><\/strong><\/p>\n\n\n\n<hr class=\"wp-block-separator\"\/>\n\n\n\n<p><strong>Choroba i cierpienie zawsze nale\u017ca\u0142y do najpowa\u017cniejszych problem\u00f3w, poddaj\u0105cych pr\u00f3bie \u017cycie ludzkie. Cz\u0142owiek do\u015bwiadcza w chorobie swojej niemocy, ogranicze\u0144 i sko\u0144czono\u015bci. Ka\u017cda choroba mo\u017ce \u0142\u0105czy\u0107 si\u0119 z przewidywaniem \u015bmierci. Choroba mo\u017ce prowadzi\u0107 do niepokoju, do zamkni\u0119cia si\u0119 w sobie, czasem nawet do rozpaczy i buntu przeciw Bogu, ale mo\u017ce tak\u017ce by\u0107 drog\u0105 do wi\u0119kszej dojrza\u0142o\u015bci, mo\u017ce pom\u00f3c lepiej rozezna\u0107 w swoim \u017cyciu to, co nieistotne, aby zwr\u00f3ci\u0107 si\u0119 ku temu, co istotne. Bardzo cz\u0119sto choroba pobudza do szukania Boga i powrotu do Niego.<br>Ko\u015bci\u00f3\u0142 wierzy i wyznaje, \u017ce w\u015br\u00f3d siedmiu sakrament\u00f3w istnieje jeden specjalnie przeznaczony do umocnienia os\u00f3b dotkni\u0119tych chorob\u0105 &#8211; namaszczenie chorych:<br>Namaszczenie chorych &#8222;nie jest sakramentem przeznaczonym tylko dla tych, kt\u00f3rzy znajduj\u0105 si\u0119 w ostatecznym niebezpiecze\u0144stwie utraty \u017cycia. Odpowiednia zatem pora na przyj\u0119cie tego sakramentu jest ju\u017c w\u00f3wczas, gdy wiernym zaczyna grozi\u0107 niebezpiecze\u0144stwo \u015bmierci z powodu choroby lub staro\u015bci&#8221;<br>Je\u015bli chory, kt\u00f3ry zosta\u0142 namaszczony, odzyska\u0142 zdrowie, w przypadku nowej ci\u0119\u017ckiej choroby mo\u017ce ponownie przyj\u0105\u0107 ten sakrament. W ci\u0105gu tej samej choroby namaszczenie chorych mo\u017ce by\u0107 udzielone powt\u00f3rnie, je\u015bli choroba si\u0119 pog\u0142\u0119bia. Jest rzecz\u0105 stosown\u0105 przyj\u0105\u0107 sakrament namaszczenia chorych przed trudn\u0105 operacj\u0105. Odnosi si\u0119 to tak\u017ce do os\u00f3b starszych, u kt\u00f3rych pog\u0142\u0119bia si\u0119 s\u0142abo\u015b\u0107.<br><em>Szczeg\u00f3lny dar Ducha \u015awi\u0119tego.<\/em>&nbsp;Pierwsz\u0105 \u0142ask\u0105 sakramentu namaszczenia chorych jest \u0142aska umocnienia, pokoju i odwagi, by przezwyci\u0119\u017cy\u0107 trudno\u015bci zwi\u0105zane ze stanem ci\u0119\u017ckiej choroby lub niedo\u0142\u0119stwem staro\u015bci. Ta \u0142aska jest darem Ducha \u015awi\u0119tego, kt\u00f3ry odnawia ufno\u015b\u0107 i wiar\u0119 w Boga oraz umacnia przeciw pokusom z\u0142ego ducha, przeciw pokusie zniech\u0119cenia i trwogi przed \u015bmierci\u0105. Wsparcie Pana przez moc Jego Ducha ma prowadzi\u0107 chorego do uzdrowienia duszy, a tak\u017ce do uzdrowienia cia\u0142a, je\u015bli taka jest wola Bo\u017ca. ponadto, &#8222;je\u015bliby pope\u0142ni\u0142 grzechy, b\u0119d\u0105 mu odpuszczone&#8221; (Jk 5,15).<br><em>Zjednoczenie z m\u0119k\u0105 Chrystusa.<\/em>&nbsp;Przez \u0142ask\u0119 tego sakramentu chory otrzymuje si\u0142\u0119 i dar g\u0142\u0119bszego zjednoczenia z m\u0119k\u0105 Chrystusa. Jest on w pewien spos\u00f3b konsekrowany, by przynosi\u0107 owoc przez upodobnienie do odkupie\u0144czej \u015bmierci Zbawiciela. Cierpienie &#8211; nast\u0119pstwo grzechu pierworodnego &#8211; otrzymuje nowe znaczenie: staje si\u0119 uczestnictwem w zbawczym dziele Jezusa.<\/strong><\/p>\n","protected":false},"excerpt":{"rendered":"<p>Sakrament Namaszczenia Chorych W ka\u017cdy I pi\u0105tek miesi\u0105ca przed po\u0142udniem kap\u0142ani naszej Parafii udaj\u0105 si\u0119 do chorych, dzi\u0119ki czemu ka\u017cdy cierpi\u0105cy ma mo\u017cliwo\u015b\u0107 skorzystania z sakramentu pokuty, oraz przyj\u0105\u0107 pierwszo-pi\u0105tkow\u0105 Komuni\u0119 \u015awi\u0119t\u0105. Wtedy r\u00f3wnie\u017c, je\u015bli istnieje konieczno\u015b\u0107, udzielany jest sakrament namaszczenia chorych. Adresy chorych prosz\u0119 zg\u0142asza\u0107 w zakrystii lub telefonicznie&nbsp;16 677-94-20.W przypadkach nag\u0142ych prosz\u0119 wzywa\u0107 &hellip; <\/p>\n<p class=\"link-more\"><a href=\"https:\/\/albert.przemyska.pl\/?page_id=235\" class=\"more-link\">Czytaj dalej<span class=\"screen-reader-text\"> \u201eNamaszczenie Chorych\ufeff\u201d<\/span><\/a><\/p>\n","protected":false},"author":1,"featured_media":0,"parent":217,"menu_order":0,"comment_status":"closed","ping_status":"closed","template":"","meta":{"footnotes":""},"class_list":["post-235","page","type-page","status-publish","hentry"],"_links":{"self":[{"href":"https:\/\/albert.przemyska.pl\/index.php?rest_route=\/wp\/v2\/pages\/235","targetHints":{"allow":["GET"]}}],"collection":[{"href":"https:\/\/albert.przemyska.pl\/index.php?rest_route=\/wp\/v2\/pages"}],"about":[{"href":"https:\/\/albert.przemyska.pl\/index.php?rest_route=\/wp\/v2\/types\/page"}],"author":[{"embeddable":true,"href":"https:\/\/albert.przemyska.pl\/index.php?rest_route=\/wp\/v2\/users\/1"}],"replies":[{"embeddable":true,"href":"https:\/\/albert.przemyska.pl\/index.php?rest_route=%2Fwp%2Fv2%2Fcomments&post=235"}],"version-history":[{"count":1,"href":"https:\/\/albert.przemyska.pl\/index.php?rest_route=\/wp\/v2\/pages\/235\/revisions"}],"predecessor-version":[{"id":237,"href":"https:\/\/albert.przemyska.pl\/index.php?rest_route=\/wp\/v2\/pages\/235\/revisions\/237"}],"up":[{"embeddable":true,"href":"https:\/\/albert.przemyska.pl\/index.php?rest_route=\/wp\/v2\/pages\/217"}],"wp:attachment":[{"href":"https:\/\/albert.przemyska.pl\/index.php?rest_route=%2Fwp%2Fv2%2Fmedia&parent=235"}],"curies":[{"name":"wp","href":"https:\/\/api.w.org\/{rel}","templated":true}]}}