{"id":238,"date":"2019-03-21T13:31:24","date_gmt":"2019-03-21T12:31:24","guid":{"rendered":"https:\/\/albert.przemyska.pl\/?page_id=238"},"modified":"2019-03-21T13:31:24","modified_gmt":"2019-03-21T12:31:24","slug":"pogrzeb-katolicki-w-naszej-parafii","status":"publish","type":"page","link":"https:\/\/albert.przemyska.pl\/?page_id=238","title":{"rendered":"Pogrzeb katolicki w naszej parafii"},"content":{"rendered":"\n<p><strong>1. Pogrzeb przygotowuje najbli\u017csza rodzina. Powinien on mie\u0107 miejsce w parafii zamieszkania. Je\u017celi ma si\u0119 on odby\u0107 poza parafi\u0105 zamieszkania, potrzebna jest na to zgoda proboszcza miejsca.<\/strong><strong>2. Przy zg\u0142aszaniu pogrzebu nale\u017cy w kancelarii parafialnej przed\u0142o\u017cy\u0107&nbsp;<\/strong><strong>akt zgonu. Je\u017celi \u015bmier\u0107 nast\u0105pi\u0142a w szpitalu, nale\u017cy r\u00f3wnie\u017c postara\u0107 si\u0119 o za\u015bwiadczenie zaopatrzenia przed \u015bmierci\u0105 sakramentami (namaszczenie chorych, Wiatyk).<\/strong><\/p>\n\n\n\n<p><strong>3. Liturgi\u0119 pogrzebu, miejsce poch\u00f3wku na cmentarzu oraz pozosta\u0142e szczeg\u00f3\u0142y organizacyjne ustala si\u0119 indywidualnie.<\/strong><\/p>\n\n\n\n<p><\/p>\n\n\n\n<hr class=\"wp-block-separator\"\/>\n\n\n\n<p><em><strong>Wi\u0119cej na temat pogrzebu:<\/strong><\/em><strong>&#8211;&nbsp;<\/strong><strong>Synod Archidiecezji Przemyskiej:<\/strong><strong><em>Statut 398.<\/em><\/strong><strong>\u00a7 1. Duszpasterze winni cz\u0119sto przypomina\u0107 o paschalnym wymiarze chrze\u015bcija\u0144skiej \u015bmierci oraz wiecznym przeznaczeniu cz\u0142owieka.<br>\u00a7 2. Obrz\u0119dy pogrzebowe winny by\u0107 dobrze przygotowane i w pe\u0142ni wykorzystane do g\u0142oszenia or\u0119dzia zbawczego.<br>\u00a7 3. Nale\u017cy piel\u0119gnowa\u0107 religijne tradycje zwi\u0105zane ze \u015bmierci\u0105 i pogrzebem, jak: modlitwy rodziny i znajomych przy trumnie, udzia\u0142 w pogrzebie itp.<br>\u00a7 4. Ze wzgl\u0119du na warto\u015b\u0107 wstawienniczej modlitwy zast\u0119pczej, nale\u017cy przypomina\u0107 znaczenie ofiarowania Mszy \u015bwi\u0119tej, pe\u0142nego udzia\u0142u rodziny we Mszy \u015bwi\u0119tej pogrzebowej, pami\u0119\u0107 o rocznicach \u015bmierci itp.<\/strong><br><strong><em>Statut 399.<\/em><\/strong><strong>\u00a7 1. W zwi\u0105zku z za\u0142atwianiem formalno\u015bci pogrzebowych kap\u0142an winien okaza\u0107 szczeg\u00f3ln\u0105 delikatno\u015b\u0107 i takt duszpasterski.<br>\u00a7 2. Pogrzeb mo\u017ce by\u0107 okazj\u0105 nawi\u0105zania duszpasterskiego kontaktu z osobami religijnie oboj\u0119tnymi i stoj\u0105cymi z dala od Ko\u015bcio\u0142a.<\/strong><br><strong><em>Statut 400.<\/em><\/strong><strong>\u00a7 1. Nale\u017cy zwr\u00f3ci\u0107 uwag\u0119, aby pracownicy cmentarzy pos\u0142uguj\u0105cy podczas pogrzeb\u00f3w zachowywali si\u0119 godnie, strzegli si\u0119 rutyny, po\u015bpiechu oraz wszelkich nadu\u017cy\u0107.<br>\u00a7 2. Zaleca si\u0119 odbywanie spotka\u0144 z pracownikami cmentarzy w ramach dekanat\u00f3w lub w domach rekolekcyjnych, aby poprzez modlitw\u0119, konferencje ascetyczne i wymian\u0119 do\u015bwiadcze\u0144, przysposabia\u0107 ich do godnego pos\u0142ugiwania wobec tajemnicy \u015bmierci.<\/strong><br><strong><em>Statut 401.<\/em><\/strong><strong>\u00a7 1. Bior\u0105c pod uwag\u0119 aktualne opinie psychiatr\u00f3w, nie powinno si\u0119 im odmawia\u0107 pogrzebu katolickiego samob\u00f3jcom, je\u015bli w ci\u0105gu \u017cycia okazywali przywi\u0105zanie do wiary i Ko\u015bcio\u0142a.<br>\u00a7 2. Uczestnikom pogrzebu nale\u017cy wyja\u015bni\u0107 podstawy takiego stanowiska.<br>\u00a7 3. Samob\u00f3jc\u0119, kt\u00f3ry przed zamachem na swoje \u017cycie dawa\u0142 publiczne zgorszenie, nale\u017cy traktowa\u0107 jako jawnego grzesznika.<\/strong><br><strong><em>Statut 402.<\/em><\/strong><strong>\u00a7 1. Dopuszcza si\u0119 pogrzeb katolicki jawnych grzesznik\u00f3w i wiernych, kt\u00f3rzy do \u015bmierci \u017cyli w niesakramentalnym ma\u0142\u017ce\u0144stwie, je\u015bli przed \u015bmierci\u0105 okazali jakiekolwiek oznaki pokuty i ob\u0119dzie si\u0119 to bez publicznego zgorszenia.<\/strong><strong><em>Przemy\u015bl 1995-2000<\/em><\/strong><\/p>\n","protected":false},"excerpt":{"rendered":"<p>1. Pogrzeb przygotowuje najbli\u017csza rodzina. Powinien on mie\u0107 miejsce w parafii zamieszkania. Je\u017celi ma si\u0119 on odby\u0107 poza parafi\u0105 zamieszkania, potrzebna jest na to zgoda proboszcza miejsca.2. Przy zg\u0142aszaniu pogrzebu nale\u017cy w kancelarii parafialnej przed\u0142o\u017cy\u0107&nbsp;akt zgonu. Je\u017celi \u015bmier\u0107 nast\u0105pi\u0142a w szpitalu, nale\u017cy r\u00f3wnie\u017c postara\u0107 si\u0119 o za\u015bwiadczenie zaopatrzenia przed \u015bmierci\u0105 sakramentami (namaszczenie chorych, Wiatyk). 3. &hellip; <\/p>\n<p class=\"link-more\"><a href=\"https:\/\/albert.przemyska.pl\/?page_id=238\" class=\"more-link\">Czytaj dalej<span class=\"screen-reader-text\"> \u201ePogrzeb katolicki w naszej parafii\u201d<\/span><\/a><\/p>\n","protected":false},"author":1,"featured_media":0,"parent":217,"menu_order":0,"comment_status":"closed","ping_status":"closed","template":"","meta":{"footnotes":""},"class_list":["post-238","page","type-page","status-publish","hentry"],"_links":{"self":[{"href":"https:\/\/albert.przemyska.pl\/index.php?rest_route=\/wp\/v2\/pages\/238","targetHints":{"allow":["GET"]}}],"collection":[{"href":"https:\/\/albert.przemyska.pl\/index.php?rest_route=\/wp\/v2\/pages"}],"about":[{"href":"https:\/\/albert.przemyska.pl\/index.php?rest_route=\/wp\/v2\/types\/page"}],"author":[{"embeddable":true,"href":"https:\/\/albert.przemyska.pl\/index.php?rest_route=\/wp\/v2\/users\/1"}],"replies":[{"embeddable":true,"href":"https:\/\/albert.przemyska.pl\/index.php?rest_route=%2Fwp%2Fv2%2Fcomments&post=238"}],"version-history":[{"count":1,"href":"https:\/\/albert.przemyska.pl\/index.php?rest_route=\/wp\/v2\/pages\/238\/revisions"}],"predecessor-version":[{"id":240,"href":"https:\/\/albert.przemyska.pl\/index.php?rest_route=\/wp\/v2\/pages\/238\/revisions\/240"}],"up":[{"embeddable":true,"href":"https:\/\/albert.przemyska.pl\/index.php?rest_route=\/wp\/v2\/pages\/217"}],"wp:attachment":[{"href":"https:\/\/albert.przemyska.pl\/index.php?rest_route=%2Fwp%2Fv2%2Fmedia&parent=238"}],"curies":[{"name":"wp","href":"https:\/\/api.w.org\/{rel}","templated":true}]}}