{"id":248,"date":"2019-03-21T13:39:59","date_gmt":"2019-03-21T12:39:59","guid":{"rendered":"https:\/\/albert.przemyska.pl\/?page_id=248"},"modified":"2023-04-16T11:47:45","modified_gmt":"2023-04-16T09:47:45","slug":"duszpasterze","status":"publish","type":"page","link":"https:\/\/albert.przemyska.pl\/?page_id=248","title":{"rendered":"DUSZPASTERZE"},"content":{"rendered":"\n<h2 class=\"wp-block-heading\">Kap\u0142ani pracuj\u0105cy \/ rezyduj\u0105cy w naszej parafii<\/h2>\n\n\n\n<p><strong>W ka\u017cdej parafii w archidiecezji przemyskiej pracuj\u0105 kap\u0142ani wyznaczenia przez Biskupa Ordynariusza. Sprawuj\u0105 oni swoj\u0105 pos\u0142ug\u0119 w jedno\u015bci z Biskupem i Ojcem \u015awi\u0119tym troszcz\u0105c si\u0119 przy tym o powierzon\u0105 im owczarni\u0119. Parafia jest zhierarchizowana, gdy\u017c g\u0142\u00f3wnym pasterzem parafii jest Proboszcz, kt\u00f3ry sprawuje sw\u00f3j urz\u0105d na mocy prawa otrzymanego od Biskupa, od kt\u00f3rego parafia jest zale\u017cna. Urz\u0105d proboszcza posiada si\u0119 do czasu przeniesienia na inn\u0105 plac\u00f3wk\u0119 czy te\u017c na inny urz\u0105d ko\u015bcielny (wymaga zgody danego kap\u0142ana). Proboszczem mo\u017cna by\u0107 te\u017c do osi\u0105gni\u0119cia wieku emerytalnego (Biskup mo\u017ce zgodzi\u0107 si\u0119 na d\u0142u\u017csze sprawowanie tego urz\u0119du).<\/strong><br><strong>Oczywi\u015bcie opr\u00f3cz Proboszcza na parafii pracuj\u0105 wyznaczeni dla niego pomocnicy &#8211; ksi\u0119\u017ca wikariusze. Zale\u017cnie od wielko\u015bci parafii mo\u017ce by\u0107 ich kilku lub w og\u00f3le, decyduje o tym Ordynariusz. Wikariusz ma pomaga\u0107 w administrowaniu parafi\u0105 i w\u0142\u0105cza\u0107 si\u0119 w \u017cycie tej\u017ce parafii poprzez prowadzenie grup parafialnych (oaza, ministranci i lektorzy itd.).<\/strong><br><strong>Wyj\u0105tkowo na parafii mog\u0105 by\u0107 te\u017c ksi\u0119\u017ca kapelani, czyli duchowni kt\u00f3rzy sprawuj\u0105 duszpasterstwo np. spe\u0142niaj\u0105 funkcje liturgiczne przy kaplicy zakonnej, szpitalnej lub s\u0105 duszpasterzami przydzielonej przez Biskupa pewnej grupy os\u00f3b lub \u015brodowisk (np. kapelan wojskowy, wi\u0119zienny, szpitalny, uczelniany, ludzi pracy, nauczycieli, le\u015bnik\u00f3w).<br>Mo\u017ce si\u0119 te\u017c zdarzy\u0107 tak, \u017ce na parafii zamieszkiwa\u0107 b\u0119d\u0105 ksi\u0119\u017ca rezydenci, czyli duchowni pomagaj\u0105cy w pracach duszpasterskich, kt\u00f3rym nie nie przys\u0142uguj\u0105 obowi\u0105zki wikariusza. Z r\u00f3\u017cnych powod\u00f3w nie w\u0142\u0105czaj\u0105 si\u0119 w pe\u0142en spos\u00f3b w prace w parafii (np. ksi\u0119\u017ca emeryci, studenci, pracuj\u0105cy etatowo w urz\u0119dach b\u0105d\u017a uczelniach ko\u015bcielnych, ksi\u0119\u017ca na urlopach zdrowotnych).<\/strong><br><\/p>\n\n\n\n<h3 class=\"wp-block-heading\"><\/h3>\n\n\n\n<figure class=\"wp-block-gallery has-nested-images columns-default is-cropped wp-block-gallery-1 is-layout-flex wp-block-gallery-is-layout-flex\"><\/figure>\n\n\n\n<p><br><\/p>\n\n\n\n<p><br><\/p>\n\n\n\n<p><br><\/p>\n\n\n\n<hr class=\"wp-block-separator has-css-opacity\"\/>\n","protected":false},"excerpt":{"rendered":"<p>Kap\u0142ani pracuj\u0105cy \/ rezyduj\u0105cy w naszej parafii W ka\u017cdej parafii w archidiecezji przemyskiej pracuj\u0105 kap\u0142ani wyznaczenia przez Biskupa Ordynariusza. Sprawuj\u0105 oni swoj\u0105 pos\u0142ug\u0119 w jedno\u015bci z Biskupem i Ojcem \u015awi\u0119tym troszcz\u0105c si\u0119 przy tym o powierzon\u0105 im owczarni\u0119. Parafia jest zhierarchizowana, gdy\u017c g\u0142\u00f3wnym pasterzem parafii jest Proboszcz, kt\u00f3ry sprawuje sw\u00f3j urz\u0105d na mocy prawa otrzymanego &hellip; <\/p>\n<p class=\"link-more\"><a href=\"https:\/\/albert.przemyska.pl\/?page_id=248\" class=\"more-link\">Czytaj dalej<span class=\"screen-reader-text\"> \u201eDUSZPASTERZE\u201d<\/span><\/a><\/p>\n","protected":false},"author":1,"featured_media":0,"parent":0,"menu_order":0,"comment_status":"closed","ping_status":"closed","template":"","meta":{"footnotes":""},"class_list":["post-248","page","type-page","status-publish","hentry"],"_links":{"self":[{"href":"https:\/\/albert.przemyska.pl\/index.php?rest_route=\/wp\/v2\/pages\/248","targetHints":{"allow":["GET"]}}],"collection":[{"href":"https:\/\/albert.przemyska.pl\/index.php?rest_route=\/wp\/v2\/pages"}],"about":[{"href":"https:\/\/albert.przemyska.pl\/index.php?rest_route=\/wp\/v2\/types\/page"}],"author":[{"embeddable":true,"href":"https:\/\/albert.przemyska.pl\/index.php?rest_route=\/wp\/v2\/users\/1"}],"replies":[{"embeddable":true,"href":"https:\/\/albert.przemyska.pl\/index.php?rest_route=%2Fwp%2Fv2%2Fcomments&post=248"}],"version-history":[{"count":4,"href":"https:\/\/albert.przemyska.pl\/index.php?rest_route=\/wp\/v2\/pages\/248\/revisions"}],"predecessor-version":[{"id":1427,"href":"https:\/\/albert.przemyska.pl\/index.php?rest_route=\/wp\/v2\/pages\/248\/revisions\/1427"}],"wp:attachment":[{"href":"https:\/\/albert.przemyska.pl\/index.php?rest_route=%2Fwp%2Fv2%2Fmedia&parent=248"}],"curies":[{"name":"wp","href":"https:\/\/api.w.org\/{rel}","templated":true}]}}