{"id":271,"date":"2019-03-22T09:06:01","date_gmt":"2019-03-22T08:06:01","guid":{"rendered":"https:\/\/albert.przemyska.pl\/?page_id=271"},"modified":"2025-04-27T14:04:01","modified_gmt":"2025-04-27T12:04:01","slug":"z-naszej-wspolnoty-parafialnej-pan-powolaniem-kaplanskim-obdarzyl%ef%bb%bf","status":"publish","type":"page","link":"https:\/\/albert.przemyska.pl\/?page_id=271","title":{"rendered":"Kap\u0142ani pochodz\u0105cy z naszej parafii"},"content":{"rendered":"\r\n<p class=\"has-text-color has-medium-font-size has-very-dark-gray-color\">Z naszej wsp\u00f3lnoty parafialnej Pan powo\u0142aniem kap\u0142a\u0144skim obdarzy\u0142:<\/p>\r\n\r\n\r\n\r\n<p><strong><em>&#8211; ks. Janusza Czechowskiego (\u015bwi\u0119cenia: 1993,\u00a0 + \u015bm. 05.11.2009)<\/em><\/strong><\/p>\r\n\r\n\r\n\r\n<p><strong><em>&#8211; ks. Tomasza Hryniaka (<\/em><\/strong><strong><em>\u015bwi\u0119cenia:<\/em><\/strong><strong><em>\u00a02001)<\/em><\/strong><\/p>\r\n\r\n\r\n\r\n\r\n\r\n<p><em><strong>&#8211; ks. Micha\u0142a Szczypka FDP (\u015bwi\u0119cenia: 2014)<\/strong><\/em><\/p>\r\n","protected":false},"excerpt":{"rendered":"<p>Z naszej wsp\u00f3lnoty parafialnej Pan powo\u0142aniem kap\u0142a\u0144skim obdarzy\u0142: &#8211; ks. Janusza Czechowskiego (\u015bwi\u0119cenia: 1993,\u00a0 + \u015bm. 05.11.2009) &#8211; ks. Tomasza Hryniaka (\u015bwi\u0119cenia:\u00a02001) &#8211; ks. Micha\u0142a Szczypka FDP (\u015bwi\u0119cenia: 2014)<\/p>\n","protected":false},"author":1,"featured_media":273,"parent":248,"menu_order":0,"comment_status":"closed","ping_status":"closed","template":"","meta":{"footnotes":""},"class_list":["post-271","page","type-page","status-publish","has-post-thumbnail","hentry"],"_links":{"self":[{"href":"https:\/\/albert.przemyska.pl\/index.php?rest_route=\/wp\/v2\/pages\/271","targetHints":{"allow":["GET"]}}],"collection":[{"href":"https:\/\/albert.przemyska.pl\/index.php?rest_route=\/wp\/v2\/pages"}],"about":[{"href":"https:\/\/albert.przemyska.pl\/index.php?rest_route=\/wp\/v2\/types\/page"}],"author":[{"embeddable":true,"href":"https:\/\/albert.przemyska.pl\/index.php?rest_route=\/wp\/v2\/users\/1"}],"replies":[{"embeddable":true,"href":"https:\/\/albert.przemyska.pl\/index.php?rest_route=%2Fwp%2Fv2%2Fcomments&post=271"}],"version-history":[{"count":3,"href":"https:\/\/albert.przemyska.pl\/index.php?rest_route=\/wp\/v2\/pages\/271\/revisions"}],"predecessor-version":[{"id":2021,"href":"https:\/\/albert.przemyska.pl\/index.php?rest_route=\/wp\/v2\/pages\/271\/revisions\/2021"}],"up":[{"embeddable":true,"href":"https:\/\/albert.przemyska.pl\/index.php?rest_route=\/wp\/v2\/pages\/248"}],"wp:featuredmedia":[{"embeddable":true,"href":"https:\/\/albert.przemyska.pl\/index.php?rest_route=\/wp\/v2\/media\/273"}],"wp:attachment":[{"href":"https:\/\/albert.przemyska.pl\/index.php?rest_route=%2Fwp%2Fv2%2Fmedia&parent=271"}],"curies":[{"name":"wp","href":"https:\/\/api.w.org\/{rel}","templated":true}]}}