{"id":284,"date":"2019-03-22T09:11:51","date_gmt":"2019-03-22T08:11:51","guid":{"rendered":"https:\/\/albert.przemyska.pl\/?page_id=284"},"modified":"2019-03-22T09:11:51","modified_gmt":"2019-03-22T08:11:51","slug":"rada-duszpasterska","status":"publish","type":"page","link":"https:\/\/albert.przemyska.pl\/?page_id=284","title":{"rendered":"Rada Duszpasterska"},"content":{"rendered":"\n<figure class=\"wp-block-image\"><img loading=\"lazy\" decoding=\"async\" width=\"367\" height=\"85\" src=\"https:\/\/albert.przemyska.pl\/wp-content\/uploads\/2019\/03\/rada_parafialna.png\" alt=\"\" class=\"wp-image-286\" srcset=\"https:\/\/albert.przemyska.pl\/wp-content\/uploads\/2019\/03\/rada_parafialna.png 367w, https:\/\/albert.przemyska.pl\/wp-content\/uploads\/2019\/03\/rada_parafialna-300x69.png 300w\" sizes=\"auto, (max-width: 367px) 100vw, 367px\" \/><\/figure>\n\n\n\n<p><strong>&nbsp;s<\/strong><strong>tanowi cia\u0142o doradcze, kt\u00f3re pod kierownictwem Proboszcza Parafii lub Rektora ko\u015bcio\u0142a &#8211; w ramach ustawodawstwa diecezjalnego &#8211; czuwa nad organizacj\u0105 \u017cycia duszpasterskiego w danej wsp\u00f3lnocie wiernych. Kadencja Rady trwa 5 lat. Za sw\u00f3j podstawowy cel Rada Duszpasterska ma wsp\u00f3\u0142odpowiedzialne wspieranie kap\u0142an\u00f3w w organizacji \u017cycia duszpasterskiego danej wsp\u00f3lnoty. Realizuj\u0105c ten cel opracowuje ona roczne plany duszpasterskie, koordynuje dzia\u0142alno\u015b\u0107 grup duszpasterstwa specjalistycznego, koordynuje prowadzone formy duszpasterstwa, inspiruje dzia\u0142alno\u015b\u0107 charytatywn\u0105, troszczy si\u0119 o podejmowanie inicjatyw duszpasterskich uwzgl\u0119dniaj\u0105cych zachodz\u0105ce przemiany spo\u0142eczno-kulturowe. W sk\u0142ad Rady Duszpasterskiej wchodz\u0105 trzy grupy cz\u0142onk\u00f3w: wybrani, urz\u0119dowi oraz mianowani przez Ksi\u0119dza Proboszcza. Cz\u0142onkami Rady mog\u0105 by\u0107 jedynie praktykuj\u0105cy katolicy, kt\u00f3rzy przyj\u0119li sakrament bierzmowania i s\u0105 znani z nienagannych zasad moralnych.<\/strong><\/p>\n\n\n\n<p><br><strong>STATUT PARAFIALNEJ RADY DUSZPASTERSKIEJ<\/strong><br><strong>Z Synodu Archidiecezji Przemyskiej:<\/strong><\/p>\n\n\n\n<p><strong>\u00a7 1. W ci\u0105gu sze\u015bciu miesi\u0119cy od kanonicznego obj\u0119cia parafii proboszcz ma obowi\u0105zek powo\u0142a\u0107 Parafialn\u0105 Rad\u0119 Duszpastersk\u0105 lub potwierdzi\u0107 jej sk\u0142ad dotychczasowy.<\/strong><\/p>\n\n\n\n<p><strong>\u00a7 2. Rada duszpasterska w parafii jest p\u0142aszczyzn\u0105 dialogu, wsp\u00f3\u0142pracy i wsp\u00f3\u0142odpowiedzialno\u015bci za Ko\u015bci\u00f3\u0142.<\/strong><\/p>\n\n\n\n<p><strong>\u00a7 3. W sk\u0142ad rady wchodz\u0105 z urz\u0119du:<\/strong><br><strong>&#8211; proboszcz, jako jej przewodnicz\u0105cy,<\/strong><\/p>\n\n\n\n<p><strong>&#8211; rektorzy ko\u015bcio\u0142\u00f3w,<\/strong><br><strong>&#8211; wikariusze,<\/strong><br><strong>&#8211; katecheci<\/strong><br><strong>&#8211; odpowiedni prze\u0142o\u017ceni instytut\u00f3w \u017cycia konsekrowanego i stowarzysze\u0144 \u017cycia apostolskiego.<\/strong><\/p>\n\n\n\n<p><strong>\u00a7 4. Do rady powinni by\u0107 powo\u0142ani przedstawiciele ca\u0142ej wsp\u00f3lnoty parafialnej, cz\u0142onkowie stowarzysze\u0144 i ruch\u00f3w, w miar\u0119 mo\u017cliwo\u015bci z uwzgl\u0119dnieniem stan\u00f3w, zawod\u00f3w, wieku oraz terytorium parafii.<\/strong><\/p>\n\n\n\n<p><strong>\u00a7 5. Zaleca si\u0119, aby do\u015bwiadczenie cz\u0142onk\u00f3w zespo\u0142\u00f3w synodalnych oraz innych grup zamykaj\u0105cych swoj\u0105 dzia\u0142alno\u015b\u0107 (np. komitet budowy ko\u015bcio\u0142a) zosta\u0142o wykorzystane w pracy rad parafialnych.<\/strong><\/p>\n\n\n\n<p><strong>\u00a7 6. Rada powinna liczy\u0107, w zale\u017cno\u015bci od wielko\u015bci parafii, dziesi\u0119\u0107 do trzydziestu os\u00f3b. W uzasadnionych przypadkach mo\u017cna odst\u0105pi\u0107 od tej zasady.<\/strong><\/p>\n\n\n\n<p><strong>\u00a7 7. Dla zapewnienia reprezentatywno\u015bci oraz aktywnej roli wszystkich wiernych w parafii postanawia si\u0119, aby po\u0142ow\u0119 sk\u0142adu rady (nie licz\u0105c cz\u0142onk\u00f3w wchodz\u0105cych z urz\u0119du) wyznaczy\u0142a wsp\u00f3lnota parafialna na drodze wyboru, po\u0142ow\u0119 za\u015b wyznacza proboszcz, po konsultacji ze swoimi wsp\u00f3\u0142pracownikami. Wybrani do rady wymagaj\u0105 akceptacji proboszcza.<\/strong><\/p>\n\n\n\n<p><strong>\u00a7 8. Powo\u0142ani cz\u0142onkowie parafialnej rady duszpasterskiej mog\u0105 otrzyma\u0107 nominacj\u0119, kt\u00f3r\u0105 podpisuje proboszcz i aprobuje dziekan.<\/strong><\/p>\n\n\n\n<p><strong>\u00a7 9. Inn\u0105 form\u0105 powo\u0142ania jest odczytanie sk\u0142adu rady w og\u0142oszeniach parafialnych, po wpisaniu nazwisk do ksi\u0119gi stowarzysze\u0144 i grup apostolskich, kt\u00f3ra przedstawia si\u0119 dziekanowi oraz biskupowi podczas wizytacji.<\/strong><\/p>\n\n\n\n<p><strong>\u00a7 10. Nominacje wystawia si\u0119 w nast\u0119puj\u0105cym brzmieniu:<\/strong><\/p>\n\n\n\n<p><strong>Na mocy uchwa\u0142 Synodu Archidiecezji Przemyskiej zatwierdzonych 1 stycznia 2000 roku, niniejszym powo\u0142uje Pani\u0105 (Pana) na cz\u0142onka Parafialnej Rady Duszpasterskiej parafii &#8230;&#8230;&#8230;&#8230;&#8230;&#8230;&#8230;&#8230;&#8230;&#8230;&#8230;. w dekanacie &#8230;&#8230;&#8230;&#8230;&#8230;&#8230;&#8230;&#8230;&#8230;&#8230; \u017bycz\u0119 obfitego b\u0142ogos\u0142awie\u0144stwa Bo\u017cego w pe\u0142nieniu tych obowi\u0105zk\u00f3w.<\/strong><\/p>\n\n\n\n<p><br><strong>\u00a7 11. Ustalony przez proboszcza sk\u0142ad rady zatwierdza dziekan na pierwszym jej posiedzeniu. Dla parafii dzieka\u0144skich jednostk\u0105 nadrz\u0119dn\u0105 jest archiprezbiter, dla parafii archiprezbitera ordynariusz miejsca.<\/strong><\/p>\n\n\n\n<p><strong>\u00a7 12. Podczas inauguruj\u0105cego posiedzenia cz\u0142onkowie rady sk\u0142adaj\u0105 przyrzeczenie wed\u0142ug nast\u0119puj\u0105cej formu\u0142y:<\/strong><\/p>\n\n\n\n<p><strong>Ja N.N. przyrzekam Bogu Wszechmog\u0105cemu, w Tr\u00f3jcy \u015awi\u0119tej Jedynemu, \u017ce powierzon\u0105 mi funkcj\u0119 cz\u0142onka Rady Duszpasterskiej parafii &#8230;&#8230;&#8230;&#8230;&#8230;&#8230;&#8230;&#8230;. b\u0119d\u0119 spe\u0142nia\u0142(a) wed\u0142ug najlepszej woli, zgodnie z moim sumieniem i przepisami prawa ko\u015bcielnego.<\/strong><br><strong>Tak mi dopom\u00f3\u017c B\u00f3g!<\/strong><br><strong>Przyrzeczenie to wypowiada si\u0119, dotykaj\u0105c r\u0119k\u0105 ksi\u0119gi Ewangelii, a na zako\u0144czenie ca\u0142uj\u0105c ksi\u0119g\u0119.<\/strong><\/p>\n\n\n\n<p><strong>\u00a7 13. Kadencja rady trwa pi\u0119\u0107 lat. Na rozwi\u0105zanie rady przed up\u0142ywem kadencji proboszcz musi uzyska\u0107, pod rygorem niewa\u017cno\u015bci aktu, pisemn\u0105 zgod\u0119 biskupa diecezjalnego.<\/strong><\/p>\n\n\n\n<p><strong>\u00a7 14. Gdy cz\u0142onek rady nie mo\u017ce owocnie wype\u0142nia\u0107 swoich zada\u0144, proboszcz mo\u017ce zach\u0119ci\u0107 go do rezygnacji. W okoliczno\u015bciach nadzwyczajnych proboszcz mo\u017ce odwo\u0142a\u0107 cz\u0142onka rady przed up\u0142ywem kadencji, po uzyskaniu pisemnej zgody dziekana.<\/strong><\/p>\n\n\n\n<p><strong>\u00a7 15. W wyj\u0105tkowych sytuacjach biskup diecezjalny mo\u017ce zaleci\u0107 rozwi\u0105zanie rady i powo\u0142anie jej w nowym sk\u0142adzie.<\/strong><\/p>\n\n\n\n<p><strong>\u00a7 16. Cz\u0142onkowie rady mog\u0105 by\u0107 powo\u0142ywani najwy\u017cej na kolejne trzy kadencje.<\/strong><\/p>\n\n\n\n<p><strong>\u00a7 17. Zaleca si\u0119 uzupe\u0142nienie sk\u0142adu rady podczas trwania kadencji, je\u015bli zachodzi taka potrzeba. Zawsze jednak musi by\u0107 zachowana proporcja ustalona w \u00a7 7.<\/strong><\/p>\n\n\n\n<p><strong>\u00a7 18. Uprawnienia parafialnej rady duszpasterskiej wygasaj\u0105 z dniem obj\u0119cia kanonicznego parafii przez nowego proboszcza.<\/strong><\/p>\n\n\n\n<p><strong>\u00a7 19. Posiedzenia rady duszpasterskiej winny si\u0119 odbywa\u0107 przynajmniej dwa razy w roku<\/strong><\/p>\n\n\n\n<p><strong>(np. luty, wrzesie\u0144), ze wzgl\u0119du na potrzeb\u0119 zaprogramowania dzia\u0142a\u0144 i przyj\u0119cia sprawozdania z ich przebiegu.<\/strong><\/p>\n\n\n\n<p><strong>\u00a7 20. Ka\u017cdemu posiedzeniu rady przewodniczy proboszcz, lub w wyj\u0105tkowych wypadkach wikariusz na podstawie specjalnego upowa\u017cnienia proboszcza.<\/strong><\/p>\n\n\n\n<p><strong>\u00a7 21. Proboszcz, w porozumieniu ze swoimi wsp\u00f3\u0142pracownikami oraz niekt\u00f3rymi cz\u0142onkami rady, ustala termin spotkania oraz porz\u0105dek obrad, w kt\u00f3rym zawsze nale\u017cy uwzgl\u0119dni\u0107 propozycje i wolne wnioski.<\/strong><\/p>\n\n\n\n<p><strong>\u00a7 22. Wszyscy cz\u0142onkowie powinni by\u0107 powiadomieni o posiedzeniu rady przynajmniej na tydzie\u0144 przed terminem.<\/strong><\/p>\n\n\n\n<p><strong>\u00a7 23. Na pierwszym posiedzeniu rady wybiera si\u0119 sekretarza, kt\u00f3ry prowadzi ksi\u0119g\u0119 protoko\u0142\u00f3w przechowywan\u0105 w kancelarii parafialnej. Ksi\u0119g\u0119 te przedstawia si\u0119 podczas wizytacji biskupiej i dzieka\u0144skiej.<\/strong><\/p>\n\n\n\n<p><strong>\u00a7 24. Podczas posiedze\u0144 ka\u017cdy z uczestnik\u00f3w rady winien mie\u0107 mo\u017cliwo\u015b\u0107 swobodnego wypowiedzenia si\u0119 na tematy ustalone w porz\u0105dku obrad.<\/strong><\/p>\n\n\n\n<p><strong>\u00a7 25. Kwestie w\u0105tpliwe mog\u0105 by\u0107 poddane g\u0142osowaniu rady. We wszystkich sprawach personalnych, np. zatrudnienie lub zwolnienie pracownik\u00f3w ko\u015bcielnych, itp., g\u0142osowanie jest tajne.<\/strong><\/p>\n\n\n\n<p><strong>\u00a7 26. Na posiedzeniu rady winny by\u0107 omawiane wszystkie istotne decyzje, dotycz\u0105ce \u017cycia parafialnego w wymiarze duszpasterskim i gospodarczym.<\/strong><\/p>\n\n\n\n<p><strong>\u00a7 27. G\u0142osowanie wskazuje na my\u015bl i wole wi\u0119kszo\u015bci, kt\u00f3rej proboszcz, bez powa\u017cnej przyczyny, nie powinien lekcewa\u017cy\u0107, ale ze wzgl\u0119du na doradczy charakter rady uchwa\u0142y nie wi\u0105\u017c\u0105 proboszcza w podejmowaniu decyzji.<\/strong><\/p>\n\n\n\n<p><strong>\u00a7 28. Po zako\u0144czeniu roku kalendarzowego proboszcz przedstawia radzie (lub jej sekcji do spraw ekonomicznych) ksi\u0119g\u0119 kasow\u0105, w kt\u00f3rej dw\u00f3ch cz\u0142onk\u00f3w sk\u0142ada swoje podpisy.<\/strong><\/p>\n\n\n\n<p><strong>\u00a7 29. Trzykrotna nieusprawiedliwiona nieobecno\u015b\u0107 na posiedzeniu rady mo\u017ce by\u0107 powodem odwo\u0142ania cz\u0142onka z jej sk\u0142adu.<\/strong><\/p>\n\n\n\n<p><strong>\u00a7 30. R\u00f3\u017cnice stanowisk pomi\u0119dzy proboszczem, a cz\u0142onkami rady rozstrzyga dziekan jako instancja nadrz\u0119dna, za\u015b ordynariusz jako instancja wy\u017csza.<\/strong><\/p>\n","protected":false},"excerpt":{"rendered":"<p>&nbsp;stanowi cia\u0142o doradcze, kt\u00f3re pod kierownictwem Proboszcza Parafii lub Rektora ko\u015bcio\u0142a &#8211; w ramach ustawodawstwa diecezjalnego &#8211; czuwa nad organizacj\u0105 \u017cycia duszpasterskiego w danej wsp\u00f3lnocie wiernych. Kadencja Rady trwa 5 lat. Za sw\u00f3j podstawowy cel Rada Duszpasterska ma wsp\u00f3\u0142odpowiedzialne wspieranie kap\u0142an\u00f3w w organizacji \u017cycia duszpasterskiego danej wsp\u00f3lnoty. Realizuj\u0105c ten cel opracowuje ona roczne plany duszpasterskie, &hellip; <\/p>\n<p class=\"link-more\"><a href=\"https:\/\/albert.przemyska.pl\/?page_id=284\" class=\"more-link\">Czytaj dalej<span class=\"screen-reader-text\"> \u201eRada Duszpasterska\u201d<\/span><\/a><\/p>\n","protected":false},"author":1,"featured_media":0,"parent":280,"menu_order":0,"comment_status":"closed","ping_status":"closed","template":"","meta":{"footnotes":""},"class_list":["post-284","page","type-page","status-publish","hentry"],"_links":{"self":[{"href":"https:\/\/albert.przemyska.pl\/index.php?rest_route=\/wp\/v2\/pages\/284","targetHints":{"allow":["GET"]}}],"collection":[{"href":"https:\/\/albert.przemyska.pl\/index.php?rest_route=\/wp\/v2\/pages"}],"about":[{"href":"https:\/\/albert.przemyska.pl\/index.php?rest_route=\/wp\/v2\/types\/page"}],"author":[{"embeddable":true,"href":"https:\/\/albert.przemyska.pl\/index.php?rest_route=\/wp\/v2\/users\/1"}],"replies":[{"embeddable":true,"href":"https:\/\/albert.przemyska.pl\/index.php?rest_route=%2Fwp%2Fv2%2Fcomments&post=284"}],"version-history":[{"count":1,"href":"https:\/\/albert.przemyska.pl\/index.php?rest_route=\/wp\/v2\/pages\/284\/revisions"}],"predecessor-version":[{"id":287,"href":"https:\/\/albert.przemyska.pl\/index.php?rest_route=\/wp\/v2\/pages\/284\/revisions\/287"}],"up":[{"embeddable":true,"href":"https:\/\/albert.przemyska.pl\/index.php?rest_route=\/wp\/v2\/pages\/280"}],"wp:attachment":[{"href":"https:\/\/albert.przemyska.pl\/index.php?rest_route=%2Fwp%2Fv2%2Fmedia&parent=284"}],"curies":[{"name":"wp","href":"https:\/\/api.w.org\/{rel}","templated":true}]}}