{"id":288,"date":"2019-03-22T09:13:34","date_gmt":"2019-03-22T08:13:34","guid":{"rendered":"https:\/\/albert.przemyska.pl\/?page_id=288"},"modified":"2026-02-26T16:30:41","modified_gmt":"2026-02-26T15:30:41","slug":"liturgiczna-sluzba-oltarza","status":"publish","type":"page","link":"https:\/\/albert.przemyska.pl\/?page_id=288","title":{"rendered":"Liturgiczna S\u0142u\u017cba O\u0142tarza"},"content":{"rendered":"\r\n<h3 class=\"wp-block-heading\"><strong>LSO &#8211; Liturgiczna S\u0142u\u017cba O\u0142tarza, czyli ministranci i lektorzy<\/strong><\/h3>\r\n\r\n\r\n\r\n<div class=\"wp-block-image\">\r\n<figure class=\"aligncenter\"><img loading=\"lazy\" decoding=\"async\" width=\"120\" height=\"167\" class=\"wp-image-290\" src=\"https:\/\/albert.przemyska.pl\/wp-content\/uploads\/2019\/03\/lso.jpg\" alt=\"\" \/><\/figure>\r\n<\/div>\r\n\r\n\r\n\r\n<p><strong>S\u0142owo ministrant wywodzi si\u0119 z \u0142aci\u0144skiego s\u0142owa &#8222;ministrare&#8221;, to znaczy s\u0142u\u017cy\u0107. Wskazuje szczeg\u00f3lnie na s\u0142u\u017cb\u0119 podczas Mszy \u015bwi\u0119tej. S\u0142u\u017cymy Bogu, kiedy przyczyniamy si\u0119 do tego, aby liturgia by\u0142a pi\u0119kna. Dzi\u0119ki naszej obecno\u015bci przy o\u0142tarzu wydaje nam si\u0119, \u017ce lepiej rozumiemy liturgi\u0119. Staramy si\u0119, bowiem pozna\u0107 symbolik\u0119 przedmiot\u00f3w, kt\u00f3re u\u017cywane s\u0105 do kultu religijnego np. Pascha\u0142, p\u0142on\u0105ce \u015bwiece podczas Ewangelii, Wieczna lampka itp. Ministrant to nie tylko s\u0142u\u017cba przy o\u0142tarzu, to tak\u017ce wsp\u00f3lnota, kt\u00f3ra spotyka si\u0119, aby wsp\u00f3lnie sp\u0119dza\u0107 czas. I tak przyk\u0142ad chodzimy na sal\u0119 gimnastyczn\u0105 gdzie rozwijamy si\u0119 fizycznie.<\/strong><\/p>\r\n\r\n\r\n\r\n<p><strong>Zbi\u00f3rki kandydat\u00f3w, ministrant\u00f3w i lektor\u00f3w:<\/strong><br \/><strong>Czwartki, po Mszy \u015bwi\u0119tej wieczornej , w salce na plebanii.<\/strong><br \/><strong><em>(powy\u017csze terminy nie dotycz\u0105 okresu wakacji, ferii zimowych oraz dni wolnych od pracy przypadaj\u0105cych w poniedzia\u0142ki)<\/em><\/strong><\/p>\r\n\r\n\r\n\r\n<h4 class=\"wp-block-heading\"><strong><em>Kim jest ministrant?<\/em><\/strong><\/h4>\r\n\r\n\r\n\r\n<p><strong>Ministrant to ch\u0142opak, kt\u00f3ry po odpowiednim duchowym przygotowaniu (formacji), realizuje (g\u0142\u00f3wnie przy o\u0142tarzu) swoj\u0105 wewn\u0119trzn\u0105 potrzeb\u0119 s\u0142u\u017cenia Bogu. A poprzez solidn\u0105 s\u0142u\u017cb\u0119 przybli\u017ca si\u0119 do Niego w swoim codziennym \u017cyciu.<\/strong><\/p>\r\n\r\n\r\n\r\n<h4 class=\"wp-block-heading\"><strong><em>Czym zajmuje si\u0119 ministrant?<\/em><\/strong><\/h4>\r\n\r\n\r\n\r\n<p><strong>W pierwszej chwili wielu zapytanych o to ministrant\u00f3w odpowiedzia\u0142oby, \u017ce s\u0142u\u017cy Bogu przy o\u0142tarzu. Taka odpowied\u017a jest jak najbardziej prawid\u0142owa, jednak niepe\u0142na. Dlaczego? Aby to zrozumie\u0107 trzeba odpowiedzie\u0107 wcze\u015bniej na kolejne pytanie.<\/strong><\/p>\r\n\r\n\r\n\r\n<h4 class=\"wp-block-heading\"><strong><em>Co znaczy &#8222;by\u0107 ministrantem&#8221;?<\/em><\/strong><\/h4>\r\n\r\n\r\n\r\n<p><strong>Z powy\u017cszego pytania wynika kilka innych:<\/strong><br \/><strong>\u2022\u00a0 Na czym polega ministrancka s\u0142u\u017cba?<\/strong><br \/><strong>\u2022\u00a0 Kiedy i gdzie jest si\u0119 ministrantem?<\/strong><br \/><strong>\u2022\u00a0 Kiedy i gdzie ministrant s\u0142u\u017cy Bogu?<\/strong><\/p>\r\n\r\n\r\n\r\n<p><strong>Odpowied\u017a jest kr\u00f3tka: &#8222;wszystkim, zawsze i wsz\u0119dzie&#8221;.<\/strong><\/p>\r\n\r\n\r\n\r\n<p><strong>Wynika to z tego, \u017ce tak jak kwadrat w ca\u0142o\u015bci jest kwadratem, cz\u0142owiek w ca\u0142o\u015bci jest cz\u0142owiekiem, tak samo ministrant tylko w ca\u0142o\u015bci mo\u017ce by\u0107 ministrantem. Gdyby tak nie by\u0142o, to s\u0142u\u017cba, kt\u00f3r\u0105 pe\u0142ni by\u0142aby tylko niewielk\u0105 namiastk\u0105 tego co kryje si\u0119 pod s\u0142owami &#8221; jestem ministrantem &#8222;.<\/strong><\/p>\r\n\r\n\r\n\r\n<p><strong>W \u017cyciu ka\u017cdego cz\u0142owieka, nie tylko ministranta, pojawiaj\u0105 si\u0119 takie oto elementy:<\/strong><\/p>\r\n\r\n\r\n\r\n<ul class=\"wp-block-list\">\r\n<li><strong>\u00a0Modlitwa, czyli rozmowa z Bogiem.<\/strong><br \/><strong>\u2022\u00a0 Praca i nauka, czyli codzienne obowi\u0105zki.<\/strong><br \/><strong>\u2022\u00a0 Odpoczynek i rozrywka.<\/strong><\/li>\r\n<\/ul>\r\n\r\n\r\n\r\n<p><strong>W ka\u017cdej cz\u0119\u015bci dnia mo\u017cna s\u0142u\u017cy\u0107 Bogu. Wype\u0142niaj\u0105c codzienne obowi\u0105zki sumiennie i dok\u0142adnie, modl\u0105c si\u0119 gorliwie w domu, w ko\u015bciele, w szkole, przed i po jedzeniu oraz wybieraj\u0105c stosowne formy rozrywki i odpoczynku daje przyk\u0142ad osob\u0105 z swojego otoczenia. Oznacza to, \u017ce bez wzgl\u0119du na to gdzie si\u0119 znajduje , jaka jest pora dnia czy nocy, ministrant s\u0142u\u017cy Bogu, daj\u0105c \u015bwiadectwo swojej wiary.<\/strong><\/p>\r\n\r\n\r\n\r\n<h4 class=\"wp-block-heading\"><strong>Do wsp\u00f3lnoty ministranckiej mog\u0105 wst\u0105pi\u0107 ch\u0142opcy po Pierwszej Komunii \u015awi\u0119tej.<\/strong><br \/><strong>ZAPRASZAMY !<\/strong><\/h4>\r\n\r\n\r\n\r\n<h3 class=\"wp-block-heading\"><strong>UWAGI DLA LITURGICZNEJ S\u0141U\u017bBY O\u0141TARZA<\/strong><\/h3>\r\n\r\n\r\n\r\n<p><strong>1. Pe\u0142ni\u0105cy pos\u0142ug\u0119 przychodz\u0105 do ko\u015bcio\u0142a przynajmniej 15 minut przed rozpocz\u0119ciem liturgii. Czas ten przeznaczamy na modlitw\u0119, na duchowe przygotowanie si\u0119 do uczestnictwa w Eucharystii lub nabo\u017ce\u0144stwie oraz na ubranie si\u0119, przygotowanie potrzebnych rzeczy, pomoc w ubraniu celebransa.<br \/><\/strong><strong>2. \u00a0Przychodz\u0105c do ko\u015bcio\u0142a, udaj\u0105 si\u0119 najpierw przed tabernakulum, aby odda\u0107 pok\u0142on Chrystusowi. Powinni wi\u0119c wchodzi\u0107 g\u0142\u00f3wnym wej\u015bciem do ko\u015bcio\u0142a. Je\u017celi kto\u015b wchodzi przez zakrysti\u0119, to nie przykl\u0119ka w k\u0105ciku, lecz udaje si\u0119 przed o\u0142tarz, gdzie jest obecny Gospodarz tego domu.<\/strong><br \/><strong>3. \u00a0Udzia\u0142 s\u0142u\u017cby liturgicznej we Mszy \u015bwi\u0119tej nie mo\u017ce ograniczy\u0107 si\u0119 do wykonywania \u00a0powierzonych \u00a0im \u00a0czynno\u015bci. Pos\u0142uga ma ich prowadzi\u0107 do pe\u0142niejszego w\u0142\u0105czania si\u0119 w \u015bwi\u0119te obrz\u0119dy, aby uczestniczy\u0107 w nich \u015bwiadomie i owocnie.<\/strong><br \/><strong>4. \u00a0Spe\u0142nianie \u00a0\u00a0okre\u015blonych \u00a0\u00a0czynno\u015bci w liturgii nie mo\u017ce mie\u0107 charakteru wyst\u0119pu, lecz pos\u0142ugi. Nale\u017cy wi\u0119c podkre\u015bla\u0107 przekazywan\u0105 tre\u015b\u0107, a nie samego siebie.<\/strong><br \/><strong>5. \u00a0Wszyscy cz\u0142onkowie zespo\u0142u liturgicznego pe\u0142ni\u0105cy pos\u0142ug\u0119 w prezbiterium bior\u0105 udzia\u0142 w procesji wej\u015bcia i uczestnicz\u0105 w ca\u0142ej liturgii na swoich miejscach. Do zakrystii wychodz\u0105 tylko w razie konieczno\u015bci.<\/strong><br \/><strong>6. \u00a0Swoje czynno\u015bci wykonuj\u0105 we w\u0142a\u015bciwym czasie, bez po\u015bpiechu, nigdy przed zako\u0144czeniem czynno\u015bci poprzedzaj\u0105cej.<\/strong><br \/><strong>7. \u00a0Do \u00a0\u00a0Komunii \u00a0\u00a0\u015awi\u0119tej \u00a0\u00a0przyst\u0119puj\u0105 pierwsi przed pozosta\u0142ymi wiernymi.<\/strong><br \/><strong>8. \u00a0Swoj\u0105 postaw\u0105 i zachowaniem si\u0119 daj\u0105 wiernym przyk\u0142ad w\u0142a\u015bciwego i pe\u0142nego uczestnictwa w Eucharystii.<\/strong><\/p>\r\n\r\n\r\n","protected":false},"excerpt":{"rendered":"<p>LSO &#8211; Liturgiczna S\u0142u\u017cba O\u0142tarza, czyli ministranci i lektorzy S\u0142owo ministrant wywodzi si\u0119 z \u0142aci\u0144skiego s\u0142owa &#8222;ministrare&#8221;, to znaczy s\u0142u\u017cy\u0107. Wskazuje szczeg\u00f3lnie na s\u0142u\u017cb\u0119 podczas Mszy \u015bwi\u0119tej. S\u0142u\u017cymy Bogu, kiedy przyczyniamy si\u0119 do tego, aby liturgia by\u0142a pi\u0119kna. Dzi\u0119ki naszej obecno\u015bci przy o\u0142tarzu wydaje nam si\u0119, \u017ce lepiej rozumiemy liturgi\u0119. Staramy si\u0119, bowiem pozna\u0107 symbolik\u0119 &hellip; <\/p>\n<p class=\"link-more\"><a href=\"https:\/\/albert.przemyska.pl\/?page_id=288\" class=\"more-link\">Czytaj dalej<span class=\"screen-reader-text\"> \u201eLiturgiczna S\u0142u\u017cba O\u0142tarza\u201d<\/span><\/a><\/p>\n","protected":false},"author":1,"featured_media":0,"parent":280,"menu_order":0,"comment_status":"closed","ping_status":"closed","template":"","meta":{"footnotes":""},"class_list":["post-288","page","type-page","status-publish","hentry"],"_links":{"self":[{"href":"https:\/\/albert.przemyska.pl\/index.php?rest_route=\/wp\/v2\/pages\/288","targetHints":{"allow":["GET"]}}],"collection":[{"href":"https:\/\/albert.przemyska.pl\/index.php?rest_route=\/wp\/v2\/pages"}],"about":[{"href":"https:\/\/albert.przemyska.pl\/index.php?rest_route=\/wp\/v2\/types\/page"}],"author":[{"embeddable":true,"href":"https:\/\/albert.przemyska.pl\/index.php?rest_route=\/wp\/v2\/users\/1"}],"replies":[{"embeddable":true,"href":"https:\/\/albert.przemyska.pl\/index.php?rest_route=%2Fwp%2Fv2%2Fcomments&post=288"}],"version-history":[{"count":3,"href":"https:\/\/albert.przemyska.pl\/index.php?rest_route=\/wp\/v2\/pages\/288\/revisions"}],"predecessor-version":[{"id":2376,"href":"https:\/\/albert.przemyska.pl\/index.php?rest_route=\/wp\/v2\/pages\/288\/revisions\/2376"}],"up":[{"embeddable":true,"href":"https:\/\/albert.przemyska.pl\/index.php?rest_route=\/wp\/v2\/pages\/280"}],"wp:attachment":[{"href":"https:\/\/albert.przemyska.pl\/index.php?rest_route=%2Fwp%2Fv2%2Fmedia&parent=288"}],"curies":[{"name":"wp","href":"https:\/\/api.w.org\/{rel}","templated":true}]}}