{"id":292,"date":"2019-03-22T09:15:06","date_gmt":"2019-03-22T08:15:06","guid":{"rendered":"https:\/\/albert.przemyska.pl\/?page_id=292"},"modified":"2019-03-22T09:15:06","modified_gmt":"2019-03-22T08:15:06","slug":"rycerstwo-niepokalanej","status":"publish","type":"page","link":"https:\/\/albert.przemyska.pl\/?page_id=292","title":{"rendered":"Rycerstwo Niepokalanej"},"content":{"rendered":"\n<div class=\"wp-block-image\"><figure class=\"aligncenter\"><img loading=\"lazy\" decoding=\"async\" width=\"120\" height=\"160\" src=\"https:\/\/albert.przemyska.pl\/wp-content\/uploads\/2019\/03\/rycerstwoniepokalanej1.jpg\" alt=\"\" class=\"wp-image-294\"\/><\/figure><\/div>\n\n\n\n<p><strong>Organizacja powsta\u0142a w 1917 z inicjatywy Ojca Maksymiliana Kolbe.<\/strong><br><strong>Od 1919 organizacja dzia\u0142a w Polsce, a 20 grudnia 1919 jej program oficjalnie zatwierdzi\u0142 biskup Adam Sapieha. W latach 90. XX wieku ilo\u015b\u0107 polskich cz\u0142onk\u00f3w przekroczy\u0142a 1,6 mln os\u00f3b. Centrala Narodowa Rycerstwa znajduje si\u0119 w Niepokalanowie.<\/strong><br><strong>Statut tej organizacji jako podstawowy cel dzia\u0142alno\u015bci wskazywa\u0142 staranie si\u0119 o nawr\u00f3cenie grzesznik\u00f3w, heretyk\u00f3w, schizmatyk\u00f3w itd., a najbardziej mason\u00f3w, oraz u\u015bwi\u0119cenie wszystkich pod opiek\u0105 i za po\u015brednictwem Naj\u015bwi\u0119tszej Maryi Panny Niepokalanej.&#8221;<\/strong><br><strong>W naszej wsp\u00f3lnocie parafialnej grupa ta zosta\u0142a zawi\u0105zana po Maryjnych Rekolekcjach Ewangelizacyjnych, kt\u00f3re odby\u0142y si\u0119 pocz\u0105tkiem marca 2006 roku.<\/strong><\/p>\n\n\n\n<p><strong>Akt oddanie si\u0119 Niepokalanej:<\/strong><br><em><strong>O Niepokalana, nieba i ziemi Kr\u00f3lowo, Ucieczko grzesznych i Matko nasza najmi\u0142o\u015bciwsza, Ty, kt\u00f3rej B\u00f3g ca\u0142y porz\u0105dek mi\u0142osierdzia powierzy\u0107 raczy\u0142, ja, niegodny grzesznik, rzucam si\u0119 do st\u00f3p Twoich, kornie b\u0142agaj\u0105c, aby\u015b mnie ca\u0142ego i zupe\u0142nie za rzecz i w\u0142asno\u015b\u0107 swoj\u0105 przyj\u0105\u0107 raczy\u0142a i uczyni\u0142a ze mn\u0105, wraz ze wszystkimi w\u0142adzami mej duszy i cia\u0142a, i z ca\u0142ym mym \u017cyciem, \u015bmierci\u0105 i wieczno\u015bci\u0105, cokolwiek Ci si\u0119 podoba.<\/strong><\/em><br><em><strong>U\u017cyj tak\u017ce, je\u017celi zechcesz, mnie ca\u0142ego, bez \u017cadnego zastrze\u017cenia, do dokonania tego, co o Tobie powiedziano: ,,Ona zetrze g\u0142ow\u0119 twoj\u0105&#8221;, jako te\u017c: &#8222;Wszystkie herezje sama\u015b zniszczy\u0142a na ca\u0142ym \u015bwiecie&#8221;, abym w Twoich niepokalanych i najmi\u0142o\u015bciwszych r\u0119kach sta\u0142 si\u0119 u\u017cytecznym narz\u0119dziem do zaszczepienia i jak najsilniejszego wzrostu Twej chwa\u0142y w tylu zb\u0142\u0105kanych i oboj\u0119tnych duszach, a w ten spos\u00f3b do jak najwi\u0119kszego rozszerzenia b\u0142ogiego Kr\u00f3lestwa Naj\u015bwi\u0119tszego Serca Jezusowego: albowiem gdzie Ty wejdziesz, tam \u0142ask\u0119 nawr\u00f3cenia i u\u015bwi\u0119cenia wypraszasz, przez Twoje bowiem r\u0119ce wszelkie \u0142aski z Najs\u0142odszego Serca Jezusowego na nas sp\u0142ywaj\u0105.<\/strong><\/em><\/p>\n\n\n\n<p><em><strong>Dozw\u00f3l mi chwali\u0107 Ci\u0119, Panno Przenaj\u015bwi\u0119tsza.<\/strong><\/em><br><em><strong>Daj mi moc przeciw nieprzyjacio\u0142om Twoim.<\/strong><\/em><\/p>\n\n\n\n<p><\/p>\n","protected":false},"excerpt":{"rendered":"<p>Organizacja powsta\u0142a w 1917 z inicjatywy Ojca Maksymiliana Kolbe.Od 1919 organizacja dzia\u0142a w Polsce, a 20 grudnia 1919 jej program oficjalnie zatwierdzi\u0142 biskup Adam Sapieha. W latach 90. XX wieku ilo\u015b\u0107 polskich cz\u0142onk\u00f3w przekroczy\u0142a 1,6 mln os\u00f3b. Centrala Narodowa Rycerstwa znajduje si\u0119 w Niepokalanowie.Statut tej organizacji jako podstawowy cel dzia\u0142alno\u015bci wskazywa\u0142 staranie si\u0119 o nawr\u00f3cenie &hellip; <\/p>\n<p class=\"link-more\"><a href=\"https:\/\/albert.przemyska.pl\/?page_id=292\" class=\"more-link\">Czytaj dalej<span class=\"screen-reader-text\"> \u201eRycerstwo Niepokalanej\u201d<\/span><\/a><\/p>\n","protected":false},"author":1,"featured_media":0,"parent":280,"menu_order":0,"comment_status":"closed","ping_status":"closed","template":"","meta":{"footnotes":""},"class_list":["post-292","page","type-page","status-publish","hentry"],"_links":{"self":[{"href":"https:\/\/albert.przemyska.pl\/index.php?rest_route=\/wp\/v2\/pages\/292","targetHints":{"allow":["GET"]}}],"collection":[{"href":"https:\/\/albert.przemyska.pl\/index.php?rest_route=\/wp\/v2\/pages"}],"about":[{"href":"https:\/\/albert.przemyska.pl\/index.php?rest_route=\/wp\/v2\/types\/page"}],"author":[{"embeddable":true,"href":"https:\/\/albert.przemyska.pl\/index.php?rest_route=\/wp\/v2\/users\/1"}],"replies":[{"embeddable":true,"href":"https:\/\/albert.przemyska.pl\/index.php?rest_route=%2Fwp%2Fv2%2Fcomments&post=292"}],"version-history":[{"count":1,"href":"https:\/\/albert.przemyska.pl\/index.php?rest_route=\/wp\/v2\/pages\/292\/revisions"}],"predecessor-version":[{"id":295,"href":"https:\/\/albert.przemyska.pl\/index.php?rest_route=\/wp\/v2\/pages\/292\/revisions\/295"}],"up":[{"embeddable":true,"href":"https:\/\/albert.przemyska.pl\/index.php?rest_route=\/wp\/v2\/pages\/280"}],"wp:attachment":[{"href":"https:\/\/albert.przemyska.pl\/index.php?rest_route=%2Fwp%2Fv2%2Fmedia&parent=292"}],"curies":[{"name":"wp","href":"https:\/\/api.w.org\/{rel}","templated":true}]}}