{"id":296,"date":"2019-03-22T09:19:49","date_gmt":"2019-03-22T08:19:49","guid":{"rendered":"https:\/\/albert.przemyska.pl\/?page_id=296"},"modified":"2019-03-22T09:19:49","modified_gmt":"2019-03-22T08:19:49","slug":"dzielo-pomocy-powolaniom","status":"publish","type":"page","link":"https:\/\/albert.przemyska.pl\/?page_id=296","title":{"rendered":"Dzie\u0142o Pomocy Powo\u0142aniom"},"content":{"rendered":"\n<p style=\"text-align:center\" class=\"has-medium-font-size\"><strong>Dzie\u0142o Pomocy Powo\u0142aniom im. b\u0142. ks. Jana Balickiego <\/strong><\/p>\n\n\n\n<div class=\"wp-block-image\"><figure class=\"aligncenter\"><img loading=\"lazy\" decoding=\"async\" width=\"400\" height=\"226\" src=\"https:\/\/albert.przemyska.pl\/wp-content\/uploads\/2019\/03\/dpp.jpg\" alt=\"\" class=\"wp-image-298\" srcset=\"https:\/\/albert.przemyska.pl\/wp-content\/uploads\/2019\/03\/dpp.jpg 400w, https:\/\/albert.przemyska.pl\/wp-content\/uploads\/2019\/03\/dpp-300x170.jpg 300w\" sizes=\"auto, (max-width: 400px) 100vw, 400px\" \/><\/figure><\/div>\n\n\n\n<p><strong>Powsta\u0142o w naszej parafii przed kilku laty dzi\u0119ki namowom kleryk\u00f3w z Wy\u017cszego Seminarium Duchownego w Przemy\u015blu. Liczba cz\u0142onk\u00f3w dzie\u0142a stale si\u0119 rozrasta.<\/strong><\/p>\n\n\n\n<p><strong>Celem Dzie\u0142a jest niesienie pomocy osobom powo\u0142anym rozumianej:<\/strong><br><strong>&#8211; najpierw jako pro\u015bba do Pana o nowe, \u015bwi\u0119te powo\u0142ania;<\/strong><br><strong>&#8211; nast\u0119pnie jako troska o jak najpe\u0142niejsz\u0105 formacj\u0119 kandydat\u00f3w do kap\u0142a\u0144stwa i \u017cycia konsekrowanego;<\/strong><br><strong>&#8211; wreszcie jako odpowiedzialno\u015b\u0107 za wszystkich, kt\u00f3rzy ju\u017c realizuj\u0105 swoje powo\u0142anie.<\/strong><\/p>\n\n\n\n<p><strong>W celu w\u0142\u0105czenia si\u0119 do wsp\u00f3lnoty Dzie\u0142a Pomocy Powo\u0142aniom nale\u017cy podj\u0105\u0107 lub kontynuowa\u0107 w jego ramach modlitw\u0119 w intencjach powo\u0142aniowych.<\/strong><br><strong>Ka\u017cdy wnosi do Dzie\u0142a intencj\u0119 szczeg\u00f3lnie sobie blisk\u0105 (np. za kogo\u015b powo\u0142anego z rodziny, za miejscowego duszpasterza, o powo\u0142ania misyjne, itp.), a nadto stara si\u0119 poleca\u0107 Bogu intencj\u0119 wsp\u00f3ln\u0105 dla ca\u0142ego Dzie\u0142a oraz intencje, w jakich modl\u0105 si\u0119 inni jego cz\u0142onkowie.<\/strong><\/p>\n\n\n\n<p><strong>Dzie\u0142o Pomocy Powo\u0142aniom liczy obecnie oko\u0142o 5&nbsp;000 cz\u0142onk\u00f3w w&nbsp;zasadzie ze wszystkich parafii archidiecezji. Wi\u0119kszo\u015b\u0107 z&nbsp;nich to ludzie, kt\u00f3rzy cierpieniem pomna\u017caj\u0105 moc swojej modlitwy. Do DPP w\u0142\u0105cza si\u0119 ka\u017cdy, kto deklaruje ofiarowanie jakiej\u015b modlitwy lub cierpienia w&nbsp;intencji powo\u0142a\u0144 lub za powo\u0142anych. Alumni, kilka razy w&nbsp;roku odwiedzaj\u0105 parafie archidiecezji i&nbsp;spotykaj\u0105 si\u0119 z&nbsp;cz\u0142onkami DPP, wyra\u017caj\u0105c im swoj\u0105 wdzi\u0119czno\u015b\u0107 jakim\u015b drobnym znakiem. Za wsp\u00f3lnot\u0119 DPP co tydzie\u0144 we czwartek odprawiana jest Msza \u015bwi\u0119ta, w&nbsp;kt\u00f3rej ca\u0142e seminarium poleca ich Panu Bogu, w&nbsp;ten spos\u00f3b wyra\u017caj\u0105c swoj\u0105 pami\u0119\u0107 i&nbsp;wdzi\u0119czno\u015b\u0107.<\/strong><\/p>\n","protected":false},"excerpt":{"rendered":"<p>Dzie\u0142o Pomocy Powo\u0142aniom im. b\u0142. ks. Jana Balickiego Powsta\u0142o w naszej parafii przed kilku laty dzi\u0119ki namowom kleryk\u00f3w z Wy\u017cszego Seminarium Duchownego w Przemy\u015blu. Liczba cz\u0142onk\u00f3w dzie\u0142a stale si\u0119 rozrasta. Celem Dzie\u0142a jest niesienie pomocy osobom powo\u0142anym rozumianej:&#8211; najpierw jako pro\u015bba do Pana o nowe, \u015bwi\u0119te powo\u0142ania;&#8211; nast\u0119pnie jako troska o jak najpe\u0142niejsz\u0105 formacj\u0119 kandydat\u00f3w &hellip; <\/p>\n<p class=\"link-more\"><a href=\"https:\/\/albert.przemyska.pl\/?page_id=296\" class=\"more-link\">Czytaj dalej<span class=\"screen-reader-text\"> \u201eDzie\u0142o Pomocy Powo\u0142aniom\u201d<\/span><\/a><\/p>\n","protected":false},"author":1,"featured_media":0,"parent":280,"menu_order":0,"comment_status":"closed","ping_status":"closed","template":"","meta":{"footnotes":""},"class_list":["post-296","page","type-page","status-publish","hentry"],"_links":{"self":[{"href":"https:\/\/albert.przemyska.pl\/index.php?rest_route=\/wp\/v2\/pages\/296","targetHints":{"allow":["GET"]}}],"collection":[{"href":"https:\/\/albert.przemyska.pl\/index.php?rest_route=\/wp\/v2\/pages"}],"about":[{"href":"https:\/\/albert.przemyska.pl\/index.php?rest_route=\/wp\/v2\/types\/page"}],"author":[{"embeddable":true,"href":"https:\/\/albert.przemyska.pl\/index.php?rest_route=\/wp\/v2\/users\/1"}],"replies":[{"embeddable":true,"href":"https:\/\/albert.przemyska.pl\/index.php?rest_route=%2Fwp%2Fv2%2Fcomments&post=296"}],"version-history":[{"count":1,"href":"https:\/\/albert.przemyska.pl\/index.php?rest_route=\/wp\/v2\/pages\/296\/revisions"}],"predecessor-version":[{"id":299,"href":"https:\/\/albert.przemyska.pl\/index.php?rest_route=\/wp\/v2\/pages\/296\/revisions\/299"}],"up":[{"embeddable":true,"href":"https:\/\/albert.przemyska.pl\/index.php?rest_route=\/wp\/v2\/pages\/280"}],"wp:attachment":[{"href":"https:\/\/albert.przemyska.pl\/index.php?rest_route=%2Fwp%2Fv2%2Fmedia&parent=296"}],"curies":[{"name":"wp","href":"https:\/\/api.w.org\/{rel}","templated":true}]}}