{"id":300,"date":"2019-03-22T09:20:48","date_gmt":"2019-03-22T08:20:48","guid":{"rendered":"https:\/\/albert.przemyska.pl\/?page_id=300"},"modified":"2019-03-22T09:20:48","modified_gmt":"2019-03-22T08:20:48","slug":"matki-w-modlitwie","status":"publish","type":"page","link":"https:\/\/albert.przemyska.pl\/?page_id=300","title":{"rendered":"Matki w modlitwie"},"content":{"rendered":"\n<h2 class=\"wp-block-heading\"><strong>Matki w modlitwie za swe dzieci<\/strong><\/h2>\n\n\n\n<p><strong>Ruch religijny &#8222;Matki w Modlitwie&#8221; skupia kobiety, kt\u00f3re pragn\u0105 modli\u0107 si\u0119 za swoje dzieci i wnuki.<\/strong><\/p>\n\n\n\n<p><strong>Inicjatork\u0105 powstania w 1995 roku pierwszych grup modlitewnych MOTHERS PRAYERS, a dzi\u015b (grudzie\u0144 2005) koordynatork\u0105 tego ruchu w ponad 80 krajach \u015bwiata jest Angielka Veronica Williams, kt\u00f3ra tak wspomina pocz\u0105tki tej dzia\u0142alno\u015bci:<\/strong><\/p>\n\n\n\n<p><strong><em>&#8222;Od pewnego czasu moja bratowa Sandra i ja odczuwa\u0142y\u015bmy rosn\u0105c\u0105 potrzeb\u0119, a\u017ceby z wi\u0119kszym zaanga\u017cowaniem oddawa\u0107 w modlitwie problemy, z jakimi spotykaj\u0105 si\u0119 nasze dzieci.<\/em><\/strong><\/p>\n\n\n\n<p><strong><em>Sandra dwukrotnie zosta\u0142a obudzona w nocy s\u0142owami &#8222;M\u00f3dl si\u0119 za swoje dzieci!&#8221;. Czyta\u0142am w tym czasie wydan\u0105 przez Maranatha broszurk\u0119 &#8222;Co na Boga czynimy naszym dzieciom&#8221;, w ktorej pe\u0142no jest statystyk i opis\u00f3w zagro\u017ce\u0144 czyhaj\u0105cych na nasze dzieci. Wiedzia\u0142am, \u017ce jedyn\u0105 odpowiedzi\u0105 na to jest modlitwa.<\/em><\/strong><\/p>\n\n\n\n<p><strong><em>Po miesi\u0105cu wsp\u00f3lnej modlitwy do\u0142\u0105czy\u0142y do nas trzy inne matki i wtedy wypracowa\u0142y\u015bmy format spotka\u0144 modlitewnych stosowany obecnie przez grupy MOTHERS PRAYERS na ca\u0142ym \u015bwiecie.<\/em><\/strong><\/p>\n\n\n\n<p><strong><em>W pocz\u0105tkowym okresie, kiedy prosi\u0142y\u015bmy Pana, \u017ceby prowadzi\u0142 nas w\u0142a\u015bciw\u0105 drog\u0105, otworzy\u0142y\u015bmy Bibli\u0119 na Ksi\u0119dze Jeremiasza 31, wersety 16,17 &#8211; (je\u017celi przeszuka\u0142abym ca\u0142\u0105 Bibli\u0119, nie znalaz\u0142abym lepszego fragmentu!):<\/em><\/strong><\/p>\n\n\n\n<p><strong><em>To m\u00f3wi Pan:<\/em><\/strong><\/p>\n\n\n\n<p><strong><em>&#8222;Powstrzymaj g\u0142os sw\u00f3j od lamentu,<\/em><\/strong><br><strong><em>a oczy twoje od \u0142ez,<\/em><\/strong><br><strong><em>bo jest nagroda za twe trudy<\/em><\/strong><br><strong><em>&#8211; wyrocznia Pana &#8211;<\/em><\/strong><br><strong><em>powr\u00f3c\u0105 oni z kraju nieprzyjaciela.<\/em><\/strong><br><strong><em>Jest nadzieja dla twego potomstwa<\/em><\/strong><br><strong><em>&#8211; &#8211;<\/em><\/strong><br><strong><em>wr\u00f3c\u0105 synowie do swych granic.&#8221;<\/em><\/strong><\/p>\n\n\n\n<p><strong><em>Od samego pocz\u0105tku czu\u0142y\u015bmy, \u017ce wol\u0105 Pana jest by\u015bmy by\u0142y narz\u0119dziami w Jego r\u0119ku. Nasz\u0105 rol\u0105 jest modli\u0107 si\u0119 i ws\u0142uchiwa\u0107 w Jego wol\u0119, a On b\u0119dzie nas prowadzi\u0142, otwiera\u0142 drzwi i przyprowadza\u0142 do nas innych ludzi. I potwierdza\u0142o si\u0119 to wielokrotnie, \u017ce nasze modlitwy by\u0142y wys\u0142uchiwane, a problemy by\u0142y rozwi\u0105zywane w spos\u00f3b, kt\u00f3ry cz\u0119sto by\u0142 dla nas zaskoczeniem.<\/em><\/strong><\/p>\n\n\n\n<p><strong><em>I wspania\u0142e by\u0142o to uczucie ulgi wynikaj\u0105ce z pewno\u015bci, \u017ce to On zdejmuje z nas ci\u0119\u017cary i \u017ce On nas prowadzi.&#8221;<\/em><\/strong><\/p>\n\n\n\n<p><strong>Dzi\u0119ki publikacjom prasowym i audycji w Radiu Kent z udzia\u0142em Veroniki &#8211; a nade wszystko dzi\u0119ki licznym b\u0142ogos\u0142awie\u0144stwom, jakie te modlitwy przynosi\u0142y zar\u00f3wno dzieciom, jak te\u017c modl\u0105cym si\u0119 za nie matkom &#8211; ilo\u015b\u0107 grup modlitewnych MOTHERS PRAYERS ci\u0105gle ros\u0142a.<\/strong><\/p>\n\n\n\n<p><strong>Veronica z Sandr\u0105 wyda\u0142y ksi\u0105\u017ceczk\u0119 zawieraj\u0105c\u0105 przes\u0142anie do matek zatroskanych o swoje dzieci i pragn\u0105cych wszystkie problemy zwi\u0105zane ze swym powo\u0142aniem oddawa\u0107 w modlitwie Jezusowi. Opisa\u0142y w niej proponowany przebieg spotka\u0144 modlitewnych. W miar\u0119 powstawania grup modlitewnych w kolejnych krajach ksi\u0105\u017ceczka ta jest t\u0142umaczona na nowe j\u0119zyki i rozdawana na spotkaniach, co z kolei przyczynia si\u0119 do dalszej promocji i rozwoju tego ruchu.<\/strong><\/p>\n","protected":false},"excerpt":{"rendered":"<p>Matki w modlitwie za swe dzieci Ruch religijny &#8222;Matki w Modlitwie&#8221; skupia kobiety, kt\u00f3re pragn\u0105 modli\u0107 si\u0119 za swoje dzieci i wnuki. Inicjatork\u0105 powstania w 1995 roku pierwszych grup modlitewnych MOTHERS PRAYERS, a dzi\u015b (grudzie\u0144 2005) koordynatork\u0105 tego ruchu w ponad 80 krajach \u015bwiata jest Angielka Veronica Williams, kt\u00f3ra tak wspomina pocz\u0105tki tej dzia\u0142alno\u015bci: &#8222;Od &hellip; <\/p>\n<p class=\"link-more\"><a href=\"https:\/\/albert.przemyska.pl\/?page_id=300\" class=\"more-link\">Czytaj dalej<span class=\"screen-reader-text\"> \u201eMatki w modlitwie\u201d<\/span><\/a><\/p>\n","protected":false},"author":1,"featured_media":0,"parent":280,"menu_order":0,"comment_status":"closed","ping_status":"closed","template":"","meta":{"footnotes":""},"class_list":["post-300","page","type-page","status-publish","hentry"],"_links":{"self":[{"href":"https:\/\/albert.przemyska.pl\/index.php?rest_route=\/wp\/v2\/pages\/300","targetHints":{"allow":["GET"]}}],"collection":[{"href":"https:\/\/albert.przemyska.pl\/index.php?rest_route=\/wp\/v2\/pages"}],"about":[{"href":"https:\/\/albert.przemyska.pl\/index.php?rest_route=\/wp\/v2\/types\/page"}],"author":[{"embeddable":true,"href":"https:\/\/albert.przemyska.pl\/index.php?rest_route=\/wp\/v2\/users\/1"}],"replies":[{"embeddable":true,"href":"https:\/\/albert.przemyska.pl\/index.php?rest_route=%2Fwp%2Fv2%2Fcomments&post=300"}],"version-history":[{"count":1,"href":"https:\/\/albert.przemyska.pl\/index.php?rest_route=\/wp\/v2\/pages\/300\/revisions"}],"predecessor-version":[{"id":302,"href":"https:\/\/albert.przemyska.pl\/index.php?rest_route=\/wp\/v2\/pages\/300\/revisions\/302"}],"up":[{"embeddable":true,"href":"https:\/\/albert.przemyska.pl\/index.php?rest_route=\/wp\/v2\/pages\/280"}],"wp:attachment":[{"href":"https:\/\/albert.przemyska.pl\/index.php?rest_route=%2Fwp%2Fv2%2Fmedia&parent=300"}],"curies":[{"name":"wp","href":"https:\/\/api.w.org\/{rel}","templated":true}]}}