{"id":303,"date":"2019-03-22T09:22:12","date_gmt":"2019-03-22T08:22:12","guid":{"rendered":"https:\/\/albert.przemyska.pl\/?page_id=303"},"modified":"2019-03-22T09:22:12","modified_gmt":"2019-03-22T08:22:12","slug":"roze-rozancowe","status":"publish","type":"page","link":"https:\/\/albert.przemyska.pl\/?page_id=303","title":{"rendered":"R\u00f3\u017ce R\u00f3\u017ca\u0144cowe"},"content":{"rendered":"\n<p><strong>Si\u0142\u0105 duchow\u0105 parafii s\u0105 grupy modlitewne, a w\u015br\u00f3d nich: \u017bywy R\u00f3\u017caniec, zatwierdzone przez Ko\u015bci\u00f3\u0142 stowarzyszenie religijne, sk\u0142adaj\u0105ce si\u0119 w swej strukturze organizacyjnej z 20 os\u00f3b, kt\u00f3re codziennie przez miesi\u0105c odmawiaj\u0105 r\u00f3\u017caniec &#8211; jedna osoba &#8211; jedn\u0105 tajemnic\u0119. Te wsp\u00f3lnoty nazywane s\u0105 R\u00f3\u017cami. Pierwsz\u0105 R\u00f3\u017c\u0119 za\u0142o\u017cy\u0142a w 1826 roku w Lyonie s\u0142uga Bo\u017ca Paulina Maria Jaricot, kt\u00f3rej pragnieniem by\u0142o uczyni\u0107 R\u00f3\u017caniec modlitw\u0105 wszystkich. Owoce zapocz\u0105tkowanego przez ni\u0105 dzie\u0142a nieustannie si\u0119 rozwijaj\u0105.<\/strong><\/p>\n\n\n\n<div class=\"wp-block-image\"><figure class=\"aligncenter\"><img loading=\"lazy\" decoding=\"async\" width=\"120\" height=\"138\" src=\"https:\/\/albert.przemyska.pl\/wp-content\/uploads\/2019\/03\/rozerozancowe.jpg\" alt=\"\" class=\"wp-image-305\"\/><\/figure><\/div>\n\n\n\n<p><br><strong>W naszej parafii jest zwyczaj, \u017ce przed Msz\u0105 \u015awi\u0119t\u0105 o godz 17:30 siostry i bracia z \u017bywego R\u00f3\u017ca\u0144ca modl\u0105 si\u0119 w wielu intencjach spo\u0142eczno\u015bci parafialnej i lokalnej.<br><br><\/strong><strong>W ka\u017cd\u0105 pierwsz\u0105 niedziel\u0119 miesi\u0105ca o godzinie 17:30 odbywa si\u0119 nabo\u017ce\u0144stwo zmiany tajemnic po\u0142\u0105czone z odmawianiem R\u00f3\u017ca\u0144ca \u015awi\u0119tego przed Naj\u015bwi\u0119tszym Sakramentem, a po nim nast\u0119puje b\u0142ogos\u0142awie\u0144stwo tajemnic poszczeg\u00f3lnych r\u00f3\u017c i ich wymiana w\u015br\u00f3d cz\u0142onk\u00f3w.<\/strong><\/p>\n\n\n\n<p><strong>W naszej parafii obecnie funkcjonuje 7 R\u00f3\u017c R\u00f3\u017ca\u0144cowych (6 damskich i 1 m\u0119ska):<br>&nbsp;&#8211; Matki Bo\u017cej Cz\u0119stochowskiej,<br>&nbsp;&#8211; Matki Bo\u017cej Fatimskiej,<br>&nbsp;&#8211; Matki Bo\u017cej Nieustaj\u0105cej Pomocy,<br>&nbsp;&#8211; Matki Bo\u017cej Jackowej,<br>&nbsp;&#8211; Matki Bo\u017cej R\u00f3\u017ca\u0144cowej,<br><\/strong><strong>&#8211; Matki Bo\u017cej Wspomo\u017cenia Wiernych,<br>&#8211; \u015bw. Brata Alberta (m\u0119ska).<\/strong><\/p>\n","protected":false},"excerpt":{"rendered":"<p>Si\u0142\u0105 duchow\u0105 parafii s\u0105 grupy modlitewne, a w\u015br\u00f3d nich: \u017bywy R\u00f3\u017caniec, zatwierdzone przez Ko\u015bci\u00f3\u0142 stowarzyszenie religijne, sk\u0142adaj\u0105ce si\u0119 w swej strukturze organizacyjnej z 20 os\u00f3b, kt\u00f3re codziennie przez miesi\u0105c odmawiaj\u0105 r\u00f3\u017caniec &#8211; jedna osoba &#8211; jedn\u0105 tajemnic\u0119. Te wsp\u00f3lnoty nazywane s\u0105 R\u00f3\u017cami. Pierwsz\u0105 R\u00f3\u017c\u0119 za\u0142o\u017cy\u0142a w 1826 roku w Lyonie s\u0142uga Bo\u017ca Paulina Maria Jaricot, &hellip; <\/p>\n<p class=\"link-more\"><a href=\"https:\/\/albert.przemyska.pl\/?page_id=303\" class=\"more-link\">Czytaj dalej<span class=\"screen-reader-text\"> \u201eR\u00f3\u017ce R\u00f3\u017ca\u0144cowe\u201d<\/span><\/a><\/p>\n","protected":false},"author":1,"featured_media":0,"parent":280,"menu_order":0,"comment_status":"closed","ping_status":"closed","template":"","meta":{"footnotes":""},"class_list":["post-303","page","type-page","status-publish","hentry"],"_links":{"self":[{"href":"https:\/\/albert.przemyska.pl\/index.php?rest_route=\/wp\/v2\/pages\/303","targetHints":{"allow":["GET"]}}],"collection":[{"href":"https:\/\/albert.przemyska.pl\/index.php?rest_route=\/wp\/v2\/pages"}],"about":[{"href":"https:\/\/albert.przemyska.pl\/index.php?rest_route=\/wp\/v2\/types\/page"}],"author":[{"embeddable":true,"href":"https:\/\/albert.przemyska.pl\/index.php?rest_route=\/wp\/v2\/users\/1"}],"replies":[{"embeddable":true,"href":"https:\/\/albert.przemyska.pl\/index.php?rest_route=%2Fwp%2Fv2%2Fcomments&post=303"}],"version-history":[{"count":1,"href":"https:\/\/albert.przemyska.pl\/index.php?rest_route=\/wp\/v2\/pages\/303\/revisions"}],"predecessor-version":[{"id":306,"href":"https:\/\/albert.przemyska.pl\/index.php?rest_route=\/wp\/v2\/pages\/303\/revisions\/306"}],"up":[{"embeddable":true,"href":"https:\/\/albert.przemyska.pl\/index.php?rest_route=\/wp\/v2\/pages\/280"}],"wp:attachment":[{"href":"https:\/\/albert.przemyska.pl\/index.php?rest_route=%2Fwp%2Fv2%2Fmedia&parent=303"}],"curies":[{"name":"wp","href":"https:\/\/api.w.org\/{rel}","templated":true}]}}