{"id":311,"date":"2019-03-22T09:24:08","date_gmt":"2019-03-22T08:24:08","guid":{"rendered":"https:\/\/albert.przemyska.pl\/?page_id=311"},"modified":"2019-03-22T09:24:08","modified_gmt":"2019-03-22T08:24:08","slug":"ruch-swiatlo-zycie-oaza","status":"publish","type":"page","link":"https:\/\/albert.przemyska.pl\/?page_id=311","title":{"rendered":"Ruch \u015awiat\u0142o &#8211; \u017bycie (oaza)"},"content":{"rendered":"\n<p><strong>Ruch \u015awiat\u0142o-\u017bycie (oaza) j<\/strong><strong>est jednym z ruch\u00f3w odnowy Ko\u015bcio\u0142a wed\u0142ug nauczania Soboru Watyka\u0144skiego II. Gromadzi ludzi r\u00f3\u017cnego wieku i powo\u0142ania: m\u0142odzie\u017c, dzieci, doros\u0142ych, jak r\u00f3wnie\u017c kap\u0142an\u00f3w, zakonnik\u00f3w, zakonnice, cz\u0142onk\u00f3w instytut\u00f3w \u015bwieckich oraz rodziny w ga\u0142\u0119zi rodzinnej, jak\u0105 jest Domowy Ko\u015bci\u00f3\u0142. Poprzez odpowiedni\u0105 dla ka\u017cdej z tych grup formacj\u0119 Ruch \u015awiat\u0142o-\u017bycie wychowuje dojrza\u0142ych chrze\u015bcijan i s\u0142u\u017cy odnowie Ko\u015bcio\u0142a przez przekszta\u0142canie parafii we wsp\u00f3lnoty wsp\u00f3lnot.<br><\/strong><br><strong>Znakiem Ruchu \u015awiat\u0142o &#8211; \u017bycie jest starochrze\u015bcija\u0144ski symbol fos-dzoe.<br><\/strong><br><strong>Cel Ruchu \u015awiat\u0142o &#8211; \u017bycie jest osi\u0105gany poprzez realizacj\u0119 programu formacyjnego. Ka\u017cdy uczestnik Ruchu po ewangelizacji, prowadz\u0105cej do przyj\u0119cia Jezusa Chrystusa jako swego Pana i Zbawiciela, uczestniczy w formacji w grupie uczni\u00f3w Jezusa, a nast\u0119pnie we wsp\u00f3lnocie diakonijnej, podejmuj\u0105c konkretn\u0105 s\u0142u\u017cb\u0119 (diakoni\u0119) w Ko\u015bciele i \u015bwiecie.<br><\/strong><br><strong>Struktura ruchu jest zgodna ze struktur\u0105 Ko\u015bcio\u0142a. Ma\u0142e grupy do kt\u00f3rych nale\u017c\u0105 uczestnicy Ruchu, zasadniczo tworz\u0105 jego wsp\u00f3lnot\u0119 w parafii. Wsp\u00f3lnoty Ruchu utrzymuj\u0105 ze sob\u0105 \u0142\u0105czno\u015b\u0107 spotykaj\u0105c si\u0119 na Dniach Wsp\u00f3lnoty. Odpowiedzialno\u015b\u0107 za ca\u0142o\u015b\u0107 Ruchu sprawuje Moderator Generalny Ruchu \u015awiat\u0142o &#8211; \u017bycie. Na szczeblu kraju, diecezji i parafii odpowiedzialno\u015b\u0107 pe\u0142ni\u0105 moderatorzy krajowi, diecezjalni i parafialni. Ka\u017cdy moderator pe\u0142ni sw\u0105 pos\u0142ug\u0105 wraz z zespo\u0142em diakonii. Diakoni\u0119 moderacji mog\u0105 pe\u0142ni\u0107 zar\u00f3wno osoby \u015bwieckie, jak i duchowne. Kap\u0142ani w Ruchu spe\u0142niaj\u0105 rol\u0119 moderator\u00f3w, a nie nale\u017c\u0105cy do niego &#8211; opiekun\u00f3w. Spoczywa na nich odpowiedzialno\u015b\u0107 za duchow\u0105 formacj\u0105 uczestnik\u00f3w Ruchu i eklezjalno\u015b\u0107 wsp\u00f3lnot. Tw\u00f3rc\u0105 oazy, za\u0142o\u017cycielem Ruchu i pierwszym moderatorem krajowym by\u0142 ks. Franciszek Blachnicki (24 III 1921 &#8211; 27 II 1987). Ruch \u015awiat\u0142o &#8211; \u017bycie powsta\u0142 i rozwija si\u0119 w Polsce.&#8221;<\/strong><\/p>\n\n\n\n<p><strong>Wi\u0119cej informacji o oazie w naszej archidiecezji znajdziesz na oficjalnej Stronie Ruchu \u201e\u015awiat\u0142o \u2013 \u017bycie\u201d Archidiecezji Przemyskiej.<\/strong><\/p>\n","protected":false},"excerpt":{"rendered":"<p>Ruch \u015awiat\u0142o-\u017bycie (oaza) jest jednym z ruch\u00f3w odnowy Ko\u015bcio\u0142a wed\u0142ug nauczania Soboru Watyka\u0144skiego II. Gromadzi ludzi r\u00f3\u017cnego wieku i powo\u0142ania: m\u0142odzie\u017c, dzieci, doros\u0142ych, jak r\u00f3wnie\u017c kap\u0142an\u00f3w, zakonnik\u00f3w, zakonnice, cz\u0142onk\u00f3w instytut\u00f3w \u015bwieckich oraz rodziny w ga\u0142\u0119zi rodzinnej, jak\u0105 jest Domowy Ko\u015bci\u00f3\u0142. Poprzez odpowiedni\u0105 dla ka\u017cdej z tych grup formacj\u0119 Ruch \u015awiat\u0142o-\u017bycie wychowuje dojrza\u0142ych chrze\u015bcijan i s\u0142u\u017cy &hellip; <\/p>\n<p class=\"link-more\"><a href=\"https:\/\/albert.przemyska.pl\/?page_id=311\" class=\"more-link\">Czytaj dalej<span class=\"screen-reader-text\"> \u201eRuch \u015awiat\u0142o &#8211; \u017bycie (oaza)\u201d<\/span><\/a><\/p>\n","protected":false},"author":1,"featured_media":0,"parent":280,"menu_order":0,"comment_status":"closed","ping_status":"closed","template":"","meta":{"footnotes":""},"class_list":["post-311","page","type-page","status-publish","hentry"],"_links":{"self":[{"href":"https:\/\/albert.przemyska.pl\/index.php?rest_route=\/wp\/v2\/pages\/311","targetHints":{"allow":["GET"]}}],"collection":[{"href":"https:\/\/albert.przemyska.pl\/index.php?rest_route=\/wp\/v2\/pages"}],"about":[{"href":"https:\/\/albert.przemyska.pl\/index.php?rest_route=\/wp\/v2\/types\/page"}],"author":[{"embeddable":true,"href":"https:\/\/albert.przemyska.pl\/index.php?rest_route=\/wp\/v2\/users\/1"}],"replies":[{"embeddable":true,"href":"https:\/\/albert.przemyska.pl\/index.php?rest_route=%2Fwp%2Fv2%2Fcomments&post=311"}],"version-history":[{"count":1,"href":"https:\/\/albert.przemyska.pl\/index.php?rest_route=\/wp\/v2\/pages\/311\/revisions"}],"predecessor-version":[{"id":313,"href":"https:\/\/albert.przemyska.pl\/index.php?rest_route=\/wp\/v2\/pages\/311\/revisions\/313"}],"up":[{"embeddable":true,"href":"https:\/\/albert.przemyska.pl\/index.php?rest_route=\/wp\/v2\/pages\/280"}],"wp:attachment":[{"href":"https:\/\/albert.przemyska.pl\/index.php?rest_route=%2Fwp%2Fv2%2Fmedia&parent=311"}],"curies":[{"name":"wp","href":"https:\/\/api.w.org\/{rel}","templated":true}]}}