{"id":314,"date":"2019-03-22T10:15:23","date_gmt":"2019-03-22T09:15:23","guid":{"rendered":"https:\/\/albert.przemyska.pl\/?page_id=314"},"modified":"2026-02-26T16:26:10","modified_gmt":"2026-02-26T15:26:10","slug":"domowy-kosciol","status":"publish","type":"page","link":"https:\/\/albert.przemyska.pl\/?page_id=314","title":{"rendered":"Domowy Ko\u015bci\u00f3\u0142"},"content":{"rendered":"\r\n<div class=\"wp-block-image\">\r\n<figure class=\"aligncenter\"><img loading=\"lazy\" decoding=\"async\" width=\"120\" height=\"132\" class=\"wp-image-316\" src=\"https:\/\/albert.przemyska.pl\/wp-content\/uploads\/2019\/03\/domowykosciol1.jpg\" alt=\"\" \/><\/figure>\r\n<\/div>\r\n\r\n\r\n\r\n<p><strong>Domowy Ko\u015bci\u00f3\u0142 jest integraln\u0105 cz\u0119\u015bci\u0105 Ruchu \u015awiat\u0142o-\u017bycie przeznaczon\u0105 dla ma\u0142\u017ce\u0144stw. Jest to owoc poszukiwa\u0144 Za\u0142o\u017cyciela &#8211; ks. Franciszka Blachnickiego formacji dla chrze\u015bcijan realizuj\u0105cych swe powo\u0142anie w ma\u0142\u017ce\u0144stwie. Gdy rozros\u0142y si\u0119 oazy dla dzieci i m\u0142odzie\u017cy Za\u0142o\u017cyciel szybko odkry\u0142 nagl\u0105c\u0105 potrzeb\u0119 opracowania takiej formacji, kt\u00f3ra co do formy, tre\u015bci i duchowo\u015bci odpowiada\u0142aby potrzebom i mo\u017cliwo\u015bciom rodzin. Po spotkaniu z ruchem \u201eEquipes Notre Dame\u201d ks. Franciszek odkry\u0142 zbie\u017cno\u015b\u0107 cel\u00f3w i metod. Tam spotka\u0142 to, co mo\u017cna nazwa\u0107 \u201educhowo\u015bci\u0105 ma\u0142\u017ce\u0144sk\u0105\u201d. Wykorzysta\u0142 zatem to do\u015bwiadczenie przeszczepiaj\u0105c je i dostosowuj\u0105c do gruntu Polskiego. W ten spos\u00f3b w 1973 r. po raz pierwszy w Kro\u015bcienku prze\u017cy\u0142y swe 15-dniowe rekolekcje ma\u0142\u017ce\u0144stwa.<\/strong><br \/><strong>Liczne ma\u0142\u017ce\u0144stwa, kt\u00f3re od tego czasu zaanga\u017cowa\u0142y si\u0119 w Domowy Ko\u015bci\u00f3\u0142 zosta\u0142y poci\u0105gni\u0119te przez cele takie jak:<\/strong><br \/><strong>&#8211; dowarto\u015bciowanie mi\u0142o\u015bci ma\u0142\u017ce\u0144skiej, kt\u00f3rej \u017ar\u00f3d\u0142em jest mi\u0142o\u015b\u0107 Bo\u017ca,<\/strong><br \/><strong>&#8211; poj\u0119cie rodziny jako Ko\u015bcio\u0142a domowego,<\/strong><br \/><strong>&#8211; poj\u0119cie rodziny jako katechumenatu,<\/strong><br \/><strong>&#8211; poj\u0119cie rodziny jako wsp\u00f3lnoty, kt\u00f3ra s\u0142u\u017cy wsp\u00f3lnocie lokalnej (parafii) i czuje si\u0119 za ni\u0105 odpowiedzialna,<\/strong><br \/><strong>Cele tej grupy s\u0105 ukonkretnieniem soborowej wizji ma\u0142\u017ce\u0144stwa i rodziny.<br \/><br \/>W naszej parafii funkcjonuje obecnie jeden kr\u0105g Domowego Ko\u015bcio\u0142a, ga\u0142\u0119zi rodzinnej Ruchu \u015awiat\u0142o-\u017bycie.<\/strong><\/p>\r\n","protected":false},"excerpt":{"rendered":"<p>Domowy Ko\u015bci\u00f3\u0142 jest integraln\u0105 cz\u0119\u015bci\u0105 Ruchu \u015awiat\u0142o-\u017bycie przeznaczon\u0105 dla ma\u0142\u017ce\u0144stw. Jest to owoc poszukiwa\u0144 Za\u0142o\u017cyciela &#8211; ks. Franciszka Blachnickiego formacji dla chrze\u015bcijan realizuj\u0105cych swe powo\u0142anie w ma\u0142\u017ce\u0144stwie. Gdy rozros\u0142y si\u0119 oazy dla dzieci i m\u0142odzie\u017cy Za\u0142o\u017cyciel szybko odkry\u0142 nagl\u0105c\u0105 potrzeb\u0119 opracowania takiej formacji, kt\u00f3ra co do formy, tre\u015bci i duchowo\u015bci odpowiada\u0142aby potrzebom i mo\u017cliwo\u015bciom rodzin. &hellip; <\/p>\n<p class=\"link-more\"><a href=\"https:\/\/albert.przemyska.pl\/?page_id=314\" class=\"more-link\">Czytaj dalej<span class=\"screen-reader-text\"> \u201eDomowy Ko\u015bci\u00f3\u0142\u201d<\/span><\/a><\/p>\n","protected":false},"author":1,"featured_media":0,"parent":280,"menu_order":0,"comment_status":"closed","ping_status":"closed","template":"","meta":{"footnotes":""},"class_list":["post-314","page","type-page","status-publish","hentry"],"_links":{"self":[{"href":"https:\/\/albert.przemyska.pl\/index.php?rest_route=\/wp\/v2\/pages\/314","targetHints":{"allow":["GET"]}}],"collection":[{"href":"https:\/\/albert.przemyska.pl\/index.php?rest_route=\/wp\/v2\/pages"}],"about":[{"href":"https:\/\/albert.przemyska.pl\/index.php?rest_route=\/wp\/v2\/types\/page"}],"author":[{"embeddable":true,"href":"https:\/\/albert.przemyska.pl\/index.php?rest_route=\/wp\/v2\/users\/1"}],"replies":[{"embeddable":true,"href":"https:\/\/albert.przemyska.pl\/index.php?rest_route=%2Fwp%2Fv2%2Fcomments&post=314"}],"version-history":[{"count":3,"href":"https:\/\/albert.przemyska.pl\/index.php?rest_route=\/wp\/v2\/pages\/314\/revisions"}],"predecessor-version":[{"id":2374,"href":"https:\/\/albert.przemyska.pl\/index.php?rest_route=\/wp\/v2\/pages\/314\/revisions\/2374"}],"up":[{"embeddable":true,"href":"https:\/\/albert.przemyska.pl\/index.php?rest_route=\/wp\/v2\/pages\/280"}],"wp:attachment":[{"href":"https:\/\/albert.przemyska.pl\/index.php?rest_route=%2Fwp%2Fv2%2Fmedia&parent=314"}],"curies":[{"name":"wp","href":"https:\/\/api.w.org\/{rel}","templated":true}]}}