{"id":318,"date":"2019-03-22T10:16:56","date_gmt":"2019-03-22T09:16:56","guid":{"rendered":"https:\/\/albert.przemyska.pl\/?page_id=318"},"modified":"2019-03-22T11:30:06","modified_gmt":"2019-03-22T10:30:06","slug":"parafialna-poradnia-prawa-kanonicznego","status":"publish","type":"page","link":"https:\/\/albert.przemyska.pl\/?page_id=318","title":{"rendered":"PORADNIA PRAWA KANONICZNEGO"},"content":{"rendered":"\n<div class=\"wp-block-image\"><figure class=\"aligncenter\"><img loading=\"lazy\" decoding=\"async\" width=\"696\" height=\"280\" src=\"https:\/\/albert.przemyska.pl\/wp-content\/uploads\/2019\/03\/poradnia_pk.jpg\" alt=\"\" class=\"wp-image-320\" srcset=\"https:\/\/albert.przemyska.pl\/wp-content\/uploads\/2019\/03\/poradnia_pk.jpg 696w, https:\/\/albert.przemyska.pl\/wp-content\/uploads\/2019\/03\/poradnia_pk-300x121.jpg 300w\" sizes=\"auto, (max-width: 696px) 100vw, 696px\" \/><\/figure><\/div>\n\n\n\n<p><strong>W naszej parafii dzia\u0142a Parafialna Poradnia Prawa Kanonicznego, czynna w ka\u017cdy czwartek od godz. 19:00 (salka na plebanii, wej\u015bcie od ul. \u015bw. Brata Alberta). Bezp\u0142atnych porad dotycz\u0105cych ko\u015bcielnego procesu o stwierdzenie niewa\u017cno\u015bci ma\u0142\u017ce\u0144stwa b\u0119dzie udziela\u0107 p. mgr lic. Ma\u0142gorzata Sztolf, Notariusz S\u0105du Metropolitalnego w Przemy\u015blu. Wszystkich zainteresowanych zach\u0119camy do tego, aby z takiej bezp\u0142atnej pomocy korzysta\u0107. W razie zainteresowania prosimy o wcze\u015bniejszy kontakt telefoniczny 507-939-636.<\/strong><\/p>\n\n\n\n<p><strong>Parafialna Poradnia Prawa Kanonicznego pomo\u017ce ka\u017cdemu:<br>&#8211;&nbsp;zrozumie\u0107 sens i przebieg procesu ko\u015bcielnego o stwierdzenie niewa\u017cno\u015bci ma\u0142\u017ce\u0144stwa,<br>&#8211; w zebraniu odpowiedniego materia\u0142u dowodowego,<br>&#8211; znale\u017a\u0107 przes\u0142anki, z kt\u00f3rych mo\u017cna taki proces przeprowadzi\u0107,<br>&#8211; spe\u0142ni\u0107 wymogi formalne, co do rozpocz\u0119cia procesu.<\/strong><\/p>\n","protected":false},"excerpt":{"rendered":"<p>W naszej parafii dzia\u0142a Parafialna Poradnia Prawa Kanonicznego, czynna w ka\u017cdy czwartek od godz. 19:00 (salka na plebanii, wej\u015bcie od ul. \u015bw. Brata Alberta). Bezp\u0142atnych porad dotycz\u0105cych ko\u015bcielnego procesu o stwierdzenie niewa\u017cno\u015bci ma\u0142\u017ce\u0144stwa b\u0119dzie udziela\u0107 p. mgr lic. Ma\u0142gorzata Sztolf, Notariusz S\u0105du Metropolitalnego w Przemy\u015blu. Wszystkich zainteresowanych zach\u0119camy do tego, aby z takiej bezp\u0142atnej pomocy &hellip; <\/p>\n<p class=\"link-more\"><a href=\"https:\/\/albert.przemyska.pl\/?page_id=318\" class=\"more-link\">Czytaj dalej<span class=\"screen-reader-text\"> \u201ePORADNIA PRAWA KANONICZNEGO\u201d<\/span><\/a><\/p>\n","protected":false},"author":1,"featured_media":0,"parent":280,"menu_order":0,"comment_status":"closed","ping_status":"closed","template":"","meta":{"footnotes":""},"class_list":["post-318","page","type-page","status-publish","hentry"],"_links":{"self":[{"href":"https:\/\/albert.przemyska.pl\/index.php?rest_route=\/wp\/v2\/pages\/318","targetHints":{"allow":["GET"]}}],"collection":[{"href":"https:\/\/albert.przemyska.pl\/index.php?rest_route=\/wp\/v2\/pages"}],"about":[{"href":"https:\/\/albert.przemyska.pl\/index.php?rest_route=\/wp\/v2\/types\/page"}],"author":[{"embeddable":true,"href":"https:\/\/albert.przemyska.pl\/index.php?rest_route=\/wp\/v2\/users\/1"}],"replies":[{"embeddable":true,"href":"https:\/\/albert.przemyska.pl\/index.php?rest_route=%2Fwp%2Fv2%2Fcomments&post=318"}],"version-history":[{"count":3,"href":"https:\/\/albert.przemyska.pl\/index.php?rest_route=\/wp\/v2\/pages\/318\/revisions"}],"predecessor-version":[{"id":334,"href":"https:\/\/albert.przemyska.pl\/index.php?rest_route=\/wp\/v2\/pages\/318\/revisions\/334"}],"up":[{"embeddable":true,"href":"https:\/\/albert.przemyska.pl\/index.php?rest_route=\/wp\/v2\/pages\/280"}],"wp:attachment":[{"href":"https:\/\/albert.przemyska.pl\/index.php?rest_route=%2Fwp%2Fv2%2Fmedia&parent=318"}],"curies":[{"name":"wp","href":"https:\/\/api.w.org\/{rel}","templated":true}]}}