{"id":354,"date":"2019-03-22T11:43:51","date_gmt":"2019-03-22T10:43:51","guid":{"rendered":"https:\/\/albert.przemyska.pl\/?page_id=354"},"modified":"2019-03-22T11:43:51","modified_gmt":"2019-03-22T10:43:51","slug":"swieta-obowiazkowe-nakazane","status":"publish","type":"page","link":"https:\/\/albert.przemyska.pl\/?page_id=354","title":{"rendered":"\u015awi\u0119ta obowi\u0105zkowe \/ nakazane"},"content":{"rendered":"\n<p><strong>\u015awi\u0119ta obowi\u0105zkowe lub bardziej potocznie &#8211; \u015bwi\u0119ta nakazane, to dni, w kt\u00f3re ka\u017cdy Katolik zobowi\u0105zany jest uczestniczy\u0107 we Mszy \u015awi\u0119tej pod kar\u0105 grzechu ci\u0119\u017ckiego, co wynika z Trzeciego przykazania Bo\u017cego &#8211; \u201ePami\u0119taj, aby\u015b dzie\u0144 \u015bwi\u0119ty \u015bwi\u0119ci\u0142&#8221;.<\/strong><\/p>\n\n\n\n<p><strong>Poni\u017cej znajduj\u0119 si\u0119 pe\u0142na lista \u015bwi\u0105t obowi\u0105zkowych:<\/strong><\/p>\n\n\n\n<p><strong>&#8211; ka\u017cda niedziela! (dlatego nie wymienia si\u0119 osobno Zmartwychwstania Pa\u0144skiego, Zes\u0142ania Ducha \u015awi\u0119tego, Niedzieli M\u0119ki Pa\u0144skiej&#8230; bo zawarte s\u0105 w tym punkcie)<\/strong><\/p>\n\n\n\n<p><strong>&#8211; 25 grudnia &#8211; Uroczysto\u015b\u0107 Narodzenia Pana naszego Jezusa Chrystusa,<\/strong><\/p>\n\n\n\n<p><strong>&#8211; 1 stycznia &#8211; Uroczysto\u015b\u0107 \u015awi\u0119tej Bo\u017cej Rodzicielki Maryi,<\/strong><\/p>\n\n\n\n<p><strong>&#8211; 6 stycznia &#8211; Uroczysto\u015b\u0107 Objawienia Pa\u0144skiego,<\/strong><\/p>\n\n\n\n<p><strong>&#8211; Uroczysto\u015b\u0107 Naj\u015bwi\u0119tszego Cia\u0142a i Krwi Chrystusa (Bo\u017ce Cia\u0142o &#8211; \u015bwi\u0119to ruchome obchodzone&nbsp;<\/strong><strong>w czwartek po Uroczysto\u015bci Naj\u015bwi\u0119tszej Tr\u00f3jcy),<\/strong><\/p>\n\n\n\n<p><strong>&#8211; 15 sierpnia &#8211; Uroczysto\u015b\u0107 Wniebowzi\u0119cia Naj\u015bwi\u0119tszej Maryi Panny,<\/strong><\/p>\n\n\n\n<p><strong>&#8211; 1 listopada &#8211; Uroczysto\u015b\u0107 Wszystkich \u015awi\u0119tych.<\/strong><\/p>\n\n\n\n<p><strong>W \u015bwi\u0119ta nakazane wierni s\u0105 zobowi\u0105zani nie tylko do uczestniczenia we Mszy \u015bwi\u0119tej ale te\u017c do powstrzymania si\u0119 od prac niekoniecznych, kt\u00f3re \u201eutrudniaj\u0105 oddawanie Bogu czci oraz utrudniaj\u0105 korzystanie z nale\u017cytego odpoczynku duchowego i fizycznego i prze\u017cywanie rado\u015bci w\u0142a\u015bciwej dniowi \u015bwi\u0105tecznemu\u201d.&nbsp;<\/strong><strong>(kan. 1247 KPK)<\/strong><\/p>\n","protected":false},"excerpt":{"rendered":"<p>\u015awi\u0119ta obowi\u0105zkowe lub bardziej potocznie &#8211; \u015bwi\u0119ta nakazane, to dni, w kt\u00f3re ka\u017cdy Katolik zobowi\u0105zany jest uczestniczy\u0107 we Mszy \u015awi\u0119tej pod kar\u0105 grzechu ci\u0119\u017ckiego, co wynika z Trzeciego przykazania Bo\u017cego &#8211; \u201ePami\u0119taj, aby\u015b dzie\u0144 \u015bwi\u0119ty \u015bwi\u0119ci\u0142&#8221;. Poni\u017cej znajduj\u0119 si\u0119 pe\u0142na lista \u015bwi\u0105t obowi\u0105zkowych: &#8211; ka\u017cda niedziela! (dlatego nie wymienia si\u0119 osobno Zmartwychwstania Pa\u0144skiego, Zes\u0142ania Ducha &hellip; <\/p>\n<p class=\"link-more\"><a href=\"https:\/\/albert.przemyska.pl\/?page_id=354\" class=\"more-link\">Czytaj dalej<span class=\"screen-reader-text\"> \u201e\u015awi\u0119ta obowi\u0105zkowe \/ nakazane\u201d<\/span><\/a><\/p>\n","protected":false},"author":1,"featured_media":0,"parent":336,"menu_order":0,"comment_status":"closed","ping_status":"closed","template":"","meta":{"footnotes":""},"class_list":["post-354","page","type-page","status-publish","hentry"],"_links":{"self":[{"href":"https:\/\/albert.przemyska.pl\/index.php?rest_route=\/wp\/v2\/pages\/354","targetHints":{"allow":["GET"]}}],"collection":[{"href":"https:\/\/albert.przemyska.pl\/index.php?rest_route=\/wp\/v2\/pages"}],"about":[{"href":"https:\/\/albert.przemyska.pl\/index.php?rest_route=\/wp\/v2\/types\/page"}],"author":[{"embeddable":true,"href":"https:\/\/albert.przemyska.pl\/index.php?rest_route=\/wp\/v2\/users\/1"}],"replies":[{"embeddable":true,"href":"https:\/\/albert.przemyska.pl\/index.php?rest_route=%2Fwp%2Fv2%2Fcomments&post=354"}],"version-history":[{"count":1,"href":"https:\/\/albert.przemyska.pl\/index.php?rest_route=\/wp\/v2\/pages\/354\/revisions"}],"predecessor-version":[{"id":356,"href":"https:\/\/albert.przemyska.pl\/index.php?rest_route=\/wp\/v2\/pages\/354\/revisions\/356"}],"up":[{"embeddable":true,"href":"https:\/\/albert.przemyska.pl\/index.php?rest_route=\/wp\/v2\/pages\/336"}],"wp:attachment":[{"href":"https:\/\/albert.przemyska.pl\/index.php?rest_route=%2Fwp%2Fv2%2Fmedia&parent=354"}],"curies":[{"name":"wp","href":"https:\/\/api.w.org\/{rel}","templated":true}]}}