{"id":360,"date":"2019-03-22T11:45:31","date_gmt":"2019-03-22T10:45:31","guid":{"rendered":"https:\/\/albert.przemyska.pl\/?page_id=360"},"modified":"2019-03-22T11:45:31","modified_gmt":"2019-03-22T10:45:31","slug":"ksiegi-liturgiczne","status":"publish","type":"page","link":"https:\/\/albert.przemyska.pl\/?page_id=360","title":{"rendered":"Ksi\u0119gi liturgiczne"},"content":{"rendered":"\n<p><strong>Obok znaczenia celebracji, os\u00f3b celebruj\u0105cych, przestrzeni celebracji, s\u0105 r\u00f3wnie\u017c ksi\u0119gi s\u0142u\u017c\u0105ce celebracji liturgicznej, elementy czynno\u015bci rytualnych, znaki wymagaj\u0105ce szacunku i czci. Zawieraj\u0105 one bowiem nie tylko ryty, ale i teksty pisane, kt\u00f3re s\u0105 u\u0142o\u017cone ze s\u0142\u00f3w, kt\u00f3re czerpi\u0105 natchnienie w spos\u00f3b mniej lub bardziej bezpo\u015bredni ze S\u0142owa Bo\u017cego.&nbsp;S\u0105 one r\u00f3wnie\u017c przekazem tradycji, albowiem ukazuj\u0105 tak wiar\u0119 Ko\u015bcio\u0142a, jaki i kultur\u0119 okre\u015blon\u0105 przez czas, przestrze\u0144 i ludzi, kt\u00f3rzy je u\u0142o\u017cyli.<\/strong><\/p>\n\n\n\n<p><strong>Je\u017celi rzeczywi\u015bcie liturgia chrze\u015bcija\u0144ska jest przede wszystkim Bo\u017cym dzia\u0142aniem, kt\u00f3re realizuje si\u0119 w znaku sakramentalnym, to ksi\u0119gi liturgiczne zawieraj\u0105 s\u0142owa i gesty, poprzez kt\u00f3re dana kultura widzi i wyra\u017ca to dzia\u0142anie Bo\u017ce.<\/strong><\/p>\n\n\n\n<p><strong>Sob\u00f3r Watyka\u0144ski II dokona\u0142 generalnej reformy ksi\u0105g liturgicznych, z mo\u017cliwo\u015bci\u0105 wykorzystania j\u0119zyk\u00f3w narodowych.<\/strong><\/p>\n\n\n\n<p><strong>Ksi\u0119ga liturgiczna zawiera teksty i przepisy dotycz\u0105ce obrz\u0119d\u00f3w Ko\u015bcio\u0142a. Zatwierdza je Stolica Apostolska. Dekret Kongregacji Obrz\u0119d\u00f3w z dnia 27 stycznia 1966 r. wylicza nast\u0119puj\u0105ce ksi\u0119gi liturgiczne: brewiarz, msza\u0142, rytua\u0142, martyrologium i ceremonia\u0142 biskupi. Do ksi\u0105g liturgicznych nie nale\u017c\u0105 modlitewniki, kancjona\u0142y, mszaliki, \u015bpiewniki. Mog\u0105 one zawiera\u0107 wiele tekst\u00f3w liturgicznych, obja\u015bnie\u0144 i by\u0107 pomoc\u0105 dla wiernych, lecz nie s\u0105 oficjalnym \u017ar\u00f3d\u0142em prawa liturgicznego. Mo\u017cna jednak znale\u017a\u0107 w nich wiele zwyczaj\u00f3w ludowych zwi\u0105zanych z nabo\u017ce\u0144stwami, co dla historii kultu jest rzecz\u0105 bardzo cenn\u0105. Wzorcowe wydanie ksi\u0119gi liturgicznej przez Stolic\u0119 \u015awi\u0119t\u0105 nazywa si\u0119 wydaniem typicznym. Na tym wydaniu musz\u0105 opiera\u0107 si\u0119 wszystkie dalsze wydania, jej przedruk, t\u0142umaczenia, wydania krajowe, diecezjalne, zakonne. Ich zgodno\u015b\u0107 z wydaniem typicznym musi stwierdzi\u0107 kompetentna w\u0142adza ko\u015bcielna. T\u0142umacze\u0144 nie dokonuje si\u0119 niewolniczo, s\u0142owo po s\u0142owie, lecz uwzgl\u0119dnia si\u0119 ducha danego j\u0119zyka.<\/strong><\/p>\n\n\n\n<p><strong>Nowe ksi\u0119gi liturgiczne musz\u0105 uwzgl\u0119dnia\u0107 postulaty pastoralne Soboru Watyka\u0144skiego II, kt\u00f3ry m\u00f3wi, \u017ce&nbsp;<em>\u201eliturgia sk\u0142ada si\u0119 z cz\u0119\u015bci niezmiennej, pochodz\u0105cej z ustanowienia Bo\u017cego i cz\u0119\u015bci podlegaj\u0105cej zmianom, kt\u00f3re z biegiem lat mog\u0105, a nawet powinny by\u0107 zmienione, je\u017celi wkrad\u0142y si\u0119 do nich elementy, kt\u00f3re niezupe\u0142nie odpowiadaj\u0105 wewn\u0119trznej naturze samej liturgii, albo je\u017celi te cz\u0119\u015bci sta\u0142y si\u0119 mniej odpowiednie. To odnowienie ma polega\u0107 na takim uk\u0142adzie tekst\u00f3w-i obrz\u0119d\u00f3w, aby one ja\u015bniej wyra\u017ca\u0142y \u015bwi\u0119te tajemnice, kt\u00f3rych s\u0105 znakiem i aby lud chrze\u015bcija\u0144ski, o ile to mo\u017cliwe, \u0142atwo m\u00f3g\u0142 je zrozumie\u0107 i uczestniczy\u0107 w nich w spos\u00f3b pe\u0142ny, czynny i spo\u0142eczny&#8221;&nbsp;<\/em>(KL 21).<\/strong><\/p>\n\n\n\n<p><strong>Wzrost \u017cycia chrze\u015bcija\u0144skiego w\u015br\u00f3d wiernych w du\u017cym stopniu zale\u017cy od ksi\u0105g liturgicznych, podaj\u0105cych najlepsze tre\u015bci duchowe, religijne. Nic wi\u0119c dziwnego, \u017ce przy wydawaniu ksi\u0105g liturgicznych Ko\u015bci\u00f3\u0142 wk\u0142ada tyle troskliwo\u015bci, by odznacza\u0142y si\u0119 czysto\u015bci\u0105 wiary i poprawno\u015bci\u0105 pod wzgl\u0119dem obrz\u0119dowym. Kongregacja Obrz\u0119d\u00f3w w wy\u017cej wymienionym dekrecie o wydawaniu ksi\u0105g liturgicznych&nbsp; podkre\u015bla, \u017ce wydawanie tych ksi\u0105g zastrze\u017cone jest w\u0142adzom ko\u015bcielnym, \u017ce ich t\u0142umaczenie aprobuje konferencja biskup\u00f3w, a zatwierdza Stolica Apostolska. Tekst \u015bci\u015ble liturgiczny ma wyr\u00f3\u017cnia\u0107 si\u0119 wielko\u015bci\u0105 czcionki.<\/strong><\/p>\n\n\n\n<h3 class=\"wp-block-heading\"><strong>Msza\u0142 Rzymski<\/strong><\/h3>\n\n\n\n<p><strong>Stanowi g\u0142\u00f3wn\u0105 ksi\u0119g\u0119 zawieraj\u0105c\u0105 teksty sta\u0142e i zmienne Mszy \u015bw., oraz przepisy dotycz\u0105ce jej sprawowania. Pierwsze posoborowe wydanie typiczne ukaza\u0142o si\u0119 w 1970r. Drugie wydanie typiczne, poprawione zosta\u0142o og\u0142oszone dekretem Kongregacji Kultu Bo\u017cego&nbsp;<em>\u201eCum Missale Romanum\u201d<\/em>, z dnia 27 marca 1975r. Msza\u0142 Rzymski dla diecezji polskich zosta\u0142 wydany w 1986r. Obecnie obowi\u0105zuje Trzecie topiczne wydanie Msza\u0142u Rzymskiego z 2002 roku, niestety jeszcze nie zosta\u0142o przet\u0142umaczone na j\u0119zyk polski.<\/strong><\/p>\n\n\n\n<p><strong>Ta ksi\u0119ga liturgiczna jest podzielona na Msze okres\u00f3w liturgicznych, Msze w\u0142asne o \u015bwi\u0119tych, Msze wsp\u00f3lne, Msze obrz\u0119dowe, Msze w r\u00f3\u017cnych potrzebach, Msze wotywne, Msze za zmar\u0142ych. Po\u015brodku mi\u0119dzy Mszami okres\u00f3w liturgicznych, a Mszami w\u0142asnymi o \u015bwi\u0119tych, zosta\u0142y umieszczone cz\u0119\u015bci sta\u0142e Mszy \u015bw. Pierwsze strony Msza\u0142u rzymskiego natomiast zawieraj\u0105 Og\u00f3le Wprowadzenie do Msza\u0142u Rzymskiego.<\/strong><\/p>\n\n\n\n<p><strong>Tekst Wprowadzenia musi by\u0107 zawsze dobrze przedstawiony, gdy\u017c podaje teologi\u0119 Mszy \u015bw., wyja\u015bnienie obrz\u0119d\u00f3w, zadania poszczeg\u00f3lnych us\u0142uguj\u0105cych zgromadzenia, normy dotycz\u0105ce celebracji i mo\u017cliwo\u015bci adaptacji.<\/strong><\/p>\n\n\n\n<h4 class=\"wp-block-heading\"><strong>Ksi\u0119gi liturgiczne zwi\u0105zane z celebracj\u0105 Mszy \u015awi\u0119tej:<\/strong><\/h4>\n\n\n\n<ul class=\"wp-block-list\"><li><strong>Missale romanum. Citta del Vaticano 1970, 1974 wyd. II, 2002 wyd. III.<\/strong><\/li><li><strong>Msza\u0142 rzymski dla diecezji polskich. Pozna\u0144 1986.<\/strong><\/li><li><strong>Modlitwy eucharystyczne do koncelebry. Pozna\u0144 1986 (przedruk jak wy\u017cej)<\/strong><\/li><li><strong>Msza\u0142 rzymski dla diecezji polskich. Msze w\u0142asne o \u015bwi\u0119tych. Dodatek. Pozna\u0144 1992.<\/strong><\/li><li><strong>Msze za zmar\u0142ych. Na podstawie Msza\u0142u rzymskiego dla diece\u00adzji polskich. Pozna\u0144 1994.<\/strong><\/li><li><strong>\u015awi\u0119te Triduum Paschalne. Pozna\u0144 1999.<\/strong><\/li><li><strong>Cotlectio Missarum de Beata Maria Virgine. Citta del Vaticano 1987.<\/strong><\/li><li><strong>Zbi\u00f3r Mszy o Naj\u015bwi\u0119tszej Maryi Pannie. Pozna\u0144 1998.<\/strong><\/li><li><strong>Msza\u0142 rzymski dla diecezji polskich. Msze w\u0142asne o \u015bwi\u0119tych. Dodatek. Pozna\u0144 2008.<\/strong><\/li><\/ul>\n\n\n\n<h3 class=\"wp-block-heading\"><strong>Lekcjonarz<\/strong><\/h3>\n\n\n\n<p><strong>Jego wydanie \u0142aci\u0144skie ukaza\u0142o si\u0119 w 1969 roku. To wydanie typiczne sk\u0142ada\u0142o si\u0119 z czterech tom\u00f3w. Wydanie polskie ukaza\u0142o si\u0119 w latach 1972-78 i posiada siedem tom\u00f3w.<\/strong><\/p>\n\n\n\n<p><strong>Lekcjonarz jest ksi\u0119g\u0105 liturgiczn\u0105, kt\u00f3ra zawiera czytania i perykopy ewangelijne, proklamowane podczas celebracji i jest zatem ksi\u0119g\u0105 b\u0119d\u0105c\u0105 znakiem Bo\u017cego S\u0142owa. Posiadamy nast\u0119puj\u0105ce tomy lekcjonarza:<\/strong><\/p>\n\n\n\n<p><strong>tom 1 \u2013 Adwent, Bo\u017ce Narodzenie<\/strong><\/p>\n\n\n\n<p><strong>tom 2 \u2013 Wielki Post, Wielkanoc<\/strong><\/p>\n\n\n\n<p><strong>tom 3 \u2013 okres zwyk\u0142y (od I do XI tygodnia)<\/strong><\/p>\n\n\n\n<p><strong>tom 4 \u2013 okres zwyk\u0142y (od XII do XXIII tygodnia)<\/strong><\/p>\n\n\n\n<p><strong>tom 5 \u2013 okres zwyk\u0142y ( od XXIV do XXXIV tygodnia)<\/strong><\/p>\n\n\n\n<p><strong>tom 6 \u2013 czytania w Mszach o \u015bwi\u0119tych<\/strong><\/p>\n\n\n\n<p><strong>tom 7 \u2013 czytania w Mszach obrz\u0119dowych, okoliczno\u015bciowych, wotywnych<\/strong><\/p>\n\n\n\n<p><strong>Istnieje jeszcze dodatkowo lekcjonarz zawieraj\u0105cy czytania w Mszach o Matce Bo\u017cej, wydany razem z tzw.,&nbsp;<em>Msza\u0142em Maryjnym<\/em>.<\/strong><\/p>\n\n\n\n<h4 class=\"wp-block-heading\"><strong>Ksi\u0119gi liturgiczne zwi\u0105zane z Liturgi\u0105 S\u0142owa:<\/strong><\/h4>\n\n\n\n<ul class=\"wp-block-list\"><li><strong>Ordo Lectionarium Missae. Editio typica, Citta del Vaticano 1969, 3 tomy.<\/strong><\/li><li><strong>Lectionarium Missae. Editio typica altera, Citta del Vaticano 1981, 3 tomy.<\/strong><\/li><li><strong>Lekcjonarz mszalny. Pozna\u0144 1972-1977, 7 tom\u00f3w:<\/strong><\/li><li><strong>Lekcjonarz do Mszy o Naj\u015bwi\u0119tszej Maryi Pannie. Pozna\u0144 1998.<\/strong><\/li><li><strong>Ewangeliarz. Pozna\u0144 2000<\/strong><\/li><\/ul>\n\n\n\n<h3 class=\"wp-block-heading\"><strong>Pontyfika\u0142<\/strong><\/h3>\n\n\n\n<p><strong>Odnowiona w j\u0119zyku i obrz\u0119dach, ta ksi\u0119ga liturgiczna do u\u017cywania podczas celebracji biskupa dzieli si\u0119 na poszczeg\u00f3lne cz\u0119\u015bci, przyporz\u0105dkowane r\u00f3\u017cnych celebracjom liturgicznym.<\/strong><\/p>\n\n\n\n<ol class=\"wp-block-list\"><li><strong>Obrz\u0119dy bierzmowania (OB)<\/strong><\/li><li><strong>Obrz\u0119dy \u015bwi\u0119ce\u0144 biskupa, prezbiter\u00f3w i diakon\u00f3w (OS)<\/strong><\/li><li><strong>Obrz\u0119dy pos\u0142ug (OP)<\/strong><\/li><li><strong>Obrz\u0119dy konsekracji dziewic (KD)<\/strong><\/li><li><strong>Obrz\u0119dy b\u0142ogos\u0142awie\u0144stwa opata i ksieni (BO)<\/strong><\/li><li><strong>Obrz\u0119dy b\u0142ogos\u0142awie\u0144stwa olej\u00f3w (OBO)<\/strong><\/li><li><strong>Obrz\u0119dy po\u015bwi\u0119cenia ko\u015bcio\u0142a i o\u0142tarza (OPKO)<\/strong><\/li><li><strong>Obrz\u0119dy ustanowienia nadzwyczajnych szafarzy Eucharystii (NSE)<\/strong><\/li><\/ol>\n\n\n\n<h3 class=\"wp-block-heading\"><strong>Rytua\u0142<\/strong><\/h3>\n\n\n\n<p><strong>Ksi\u0119ga ta zawiera modlitwy i obrz\u0119dy wraz z przepisami, kt\u00f3re odnosz\u0105 si\u0119 do sprawowania sakrament\u00f3w i sakramentali\u00f3w. Opr\u00f3cz rytua\u0142u dla ca\u0142ego Ko\u015bcio\u0142a Powszechnego istniej\u0105 rytua\u0142y partykularne dla poszczeg\u00f3lnych prowincji ko\u015bcielnych, czy diecezji. Ta ksi\u0119ga sk\u0142ada si\u0119 z takich poszczeg\u00f3lnych cz\u0119\u015bci jak:<\/strong><\/p>\n\n\n\n<ul class=\"wp-block-list\"><li><strong>Obrz\u0119dy Chrztu Dzieci<\/strong><\/li><li><strong>Obrz\u0119dy Wtajemniczenia Chrze\u015bcija\u0144skiego Doros\u0142ych<\/strong><\/li><li><strong>Obrz\u0119dy Sakramentu Pojednania<\/strong><\/li><li><strong>Komunia&nbsp;\u015awi\u0119ta i kult tajemnicy Eucharystycznej poza Msz\u0105 \u015aw.<\/strong><\/li><li><strong>Obrz\u0119dy Sakramentu Ma\u0142\u017ce\u0144stwa<\/strong><\/li><li><strong>Sakrament Chorych i Duszpasterstwo Chorych<\/strong><\/li><li><strong>Obrz\u0119dy profesji zakonnej<\/strong><\/li><li><strong>Obrz\u0119dy pogrzebu<\/strong><\/li><li><strong>Ksi\u0119ga B\u0142ogos\u0142awie\u0144stw<\/strong><\/li><\/ul>\n\n\n\n<h4 class=\"wp-block-heading\"><strong>Ksi\u0119gi zawieraj\u0105ce \u015bpiewy liturgiczne:<\/strong><\/h4>\n\n\n\n<ul class=\"wp-block-list\"><li><strong>\u015apiewy ko\u015bcielne normowane s\u0105 szeregiem specjalnych ksi\u0105g liturgicznych, zawieraj\u0105cych melodie zatwierdzone przez Stolic\u0119 Apostolsk\u0105. Najwa\u017cniejszymi z nich s\u0105:<\/strong><\/li><li><strong>Kyriale Romanum, zawieraj\u0105ce \u015bpiewy sta\u0142e Mszy \u015bw.,<\/strong><\/li><li><strong>Graduale Romanum z melodiami do cz\u0119\u015bci zmiennych Mszy \u015bw., Graduale Romanum. Citta del Vaticano 1974<\/strong><\/li><li><strong>Antiphonale Romanum z melodiami do modlitw brewiarzowych,<\/strong><\/li><li><strong>Kyriale simplex, zawieraj\u0105ce uproszczone melodie do \u015bpiew\u00f3w sta\u0142ych Mszy \u015bw., dla parafii,&nbsp;Kyriale simplex. Citta del Vaticano 1964.<\/strong><\/li><li><strong>Graduale simplex z uproszczonymi melodiami chora\u0142owymi do zmiennych tekst\u00f3w Mszy \u015bw., dla wiernych nie zaawansowanych w \u015bpiewie gregoria\u0144skim. Graduale simplex. Citta del Vaticano 1967, 1975 wyd. II.<\/strong><\/li><\/ul>\n\n\n\n<h3 class=\"wp-block-heading\"><strong>Ksi\u0119ga modlitw powszechnych<\/strong><\/h3>\n\n\n\n<p><strong>We Mszy \u015bw. liturgia S\u0142owa Bo\u017cego ko\u0144czy si\u0119 modlitw\u0105 powszechn\u0105. Schematy modlitw i gotowe zestawy modlitwy powszechnej u\u0142o\u017cone na ca\u0142y rok liturgiczny zawiera specjalna ksi\u0119ga. W j\u0119zyku polskim nosi ona tytu\u0142&nbsp;<em>\u201eModlitwa wiernych\u201d<\/em>&nbsp;i wydrukowana zosta\u0142a w Katowicach w 1970 roku. Do dzi\u015b nie ukaza\u0142a si\u0119 ona w wydaniu topicznym. Jednak dozwolone jest u\u017cywanie specjalnie przygotowanych modlitw wiernych na ka\u017cdy dzie\u0144 danego roku, cz\u0119sto bardziej aktualnych ni\u017c wydana ksi\u0105\u017cka<em>&nbsp;&#8222;Modlitwa Wiernych&#8221;<\/em>.<\/strong><\/p>\n","protected":false},"excerpt":{"rendered":"<p>Obok znaczenia celebracji, os\u00f3b celebruj\u0105cych, przestrzeni celebracji, s\u0105 r\u00f3wnie\u017c ksi\u0119gi s\u0142u\u017c\u0105ce celebracji liturgicznej, elementy czynno\u015bci rytualnych, znaki wymagaj\u0105ce szacunku i czci. Zawieraj\u0105 one bowiem nie tylko ryty, ale i teksty pisane, kt\u00f3re s\u0105 u\u0142o\u017cone ze s\u0142\u00f3w, kt\u00f3re czerpi\u0105 natchnienie w spos\u00f3b mniej lub bardziej bezpo\u015bredni ze S\u0142owa Bo\u017cego.&nbsp;S\u0105 one r\u00f3wnie\u017c przekazem tradycji, albowiem ukazuj\u0105 tak &hellip; <\/p>\n<p class=\"link-more\"><a href=\"https:\/\/albert.przemyska.pl\/?page_id=360\" class=\"more-link\">Czytaj dalej<span class=\"screen-reader-text\"> \u201eKsi\u0119gi liturgiczne\u201d<\/span><\/a><\/p>\n","protected":false},"author":1,"featured_media":0,"parent":336,"menu_order":0,"comment_status":"closed","ping_status":"closed","template":"","meta":{"footnotes":""},"class_list":["post-360","page","type-page","status-publish","hentry"],"_links":{"self":[{"href":"https:\/\/albert.przemyska.pl\/index.php?rest_route=\/wp\/v2\/pages\/360","targetHints":{"allow":["GET"]}}],"collection":[{"href":"https:\/\/albert.przemyska.pl\/index.php?rest_route=\/wp\/v2\/pages"}],"about":[{"href":"https:\/\/albert.przemyska.pl\/index.php?rest_route=\/wp\/v2\/types\/page"}],"author":[{"embeddable":true,"href":"https:\/\/albert.przemyska.pl\/index.php?rest_route=\/wp\/v2\/users\/1"}],"replies":[{"embeddable":true,"href":"https:\/\/albert.przemyska.pl\/index.php?rest_route=%2Fwp%2Fv2%2Fcomments&post=360"}],"version-history":[{"count":1,"href":"https:\/\/albert.przemyska.pl\/index.php?rest_route=\/wp\/v2\/pages\/360\/revisions"}],"predecessor-version":[{"id":362,"href":"https:\/\/albert.przemyska.pl\/index.php?rest_route=\/wp\/v2\/pages\/360\/revisions\/362"}],"up":[{"embeddable":true,"href":"https:\/\/albert.przemyska.pl\/index.php?rest_route=\/wp\/v2\/pages\/336"}],"wp:attachment":[{"href":"https:\/\/albert.przemyska.pl\/index.php?rest_route=%2Fwp%2Fv2%2Fmedia&parent=360"}],"curies":[{"name":"wp","href":"https:\/\/api.w.org\/{rel}","templated":true}]}}