{"id":363,"date":"2019-03-22T11:46:36","date_gmt":"2019-03-22T10:46:36","guid":{"rendered":"https:\/\/albert.przemyska.pl\/?page_id=363"},"modified":"2019-03-22T11:46:36","modified_gmt":"2019-03-22T10:46:36","slug":"hierarchia-koscielna","status":"publish","type":"page","link":"https:\/\/albert.przemyska.pl\/?page_id=363","title":{"rendered":"Hierarchia ko\u015bcielna"},"content":{"rendered":"\n<p><strong>W j\u0119zyku potocznym&nbsp;<em>&#8222;hierarchia ko\u015bcielna&#8221;<\/em>&nbsp;to og\u00f3\u0142 wy\u017cszych duchownych w danym Ko\u015bciele, zwanych hierarchami, do kt\u00f3rych w Ko\u015bciele Katolickim zwykle zalicza si\u0119 papie\u017ca i pra\u0142at\u00f3w, zw\u0142aszcza pra\u0142at\u00f3w wy\u017cszych: od kardyna\u0142\u00f3w, poprzez arcybiskup\u00f3w do biskup\u00f3w.<br>W Ko\u015bciele katolickim w hierarchii ko\u015bcielnej na jej najwa\u017cniejszych stopniach znajduj\u0105 si\u0119: papie\u017c, biskupi, prezbiterzy, diakoni, bracia i siostry ze zgromadze\u0144 zakonnych.<\/strong><\/p>\n\n\n\n<p><strong>Papie\u017cowi podlegaj\u0105&nbsp;<em>(wed\u0142ug sprawowanych urz\u0119d\u00f3w)<\/em>&nbsp;kolejno:<\/strong><\/p>\n\n\n\n<ul class=\"wp-block-list\"><li><strong>Arcybiskupi metropolici,<\/strong><\/li><li><strong>Biskupi diecezjalni wraz z ich wikariuszami generalnymi i biskupimi,<\/strong><\/li><li><strong>Dziekani,<\/strong><\/li><li><strong>Proboszczowie i Wikariusze parafialni.<\/strong><\/li><\/ul>\n\n\n\n<p><strong>Ksi\u0119\u017ca diecezjalni s\u0105 wyr\u00f3\u017cniani przez papie\u017ca godno\u015bciami protonotariusza apostolskiego, pra\u0142ata honorowego Jego \u015awi\u0105tobliwo\u015bci i kapelana honorowego Jego \u015awi\u0105tobliwo\u015bci, a przez biskupa godno\u015bci\u0105 kanonika katedralnego lub kolegiackiego, gremialnego lub honorowego oraz przywilejem noszenia rokiety i mantoletu.<\/strong><\/p>\n\n\n\n<p><br><strong>Tak\u017ce zgromadzenia zakonne maj\u0105 okre\u015blon\u0105 struktur\u0119 organizacyjn\u0105, kt\u00f3rej wz\u00f3r jest nast\u0119puj\u0105cy:<br>najwy\u017cszy prze\u0142o\u017cony wraz z jego rad\u0105,<br>prowincja\u0142owie wraz z ich radami,<br>prze\u0142o\u017ceni i pozostali cz\u0142onkowie dom\u00f3w zakonnych.<\/strong><\/p>\n\n\n\n<p><br><strong>Zgodnie z Kodeksem Prawa Kanonicznego z 1983 r. precedencja w Ko\u015bciele Katolickim przedstawia si\u0119 nast\u0119puj\u0105co:<\/strong><\/p>\n\n\n\n<ul class=\"wp-block-list\"><li><strong>Biskup Rzymu, czyli Papie\u017c<\/strong><\/li><li><strong>Kardyna\u0142owie (tytu\u0142 jedynie honorowy &#8211; nie daj\u0105cy \u017cadnej w\u0142adzy jurysdykcyjnej)<\/strong><\/li><li><strong>Patriarchowie i Metropolici<\/strong><\/li><li><strong>Arcybiskupi<\/strong><\/li><\/ul>\n\n\n\n<p><strong>Biskupi:<\/strong><\/p>\n\n\n\n<ul class=\"wp-block-list\"><li><strong>Biskupi diecezjalni (i zr\u00f3wnani z nimi: pra\u0142at terytorialny, opat terytorialny, wikariusz apostolski, prefekt apostolski i administrator apostolski (je\u015bli administratura jest erygowana na sta\u0142e))<\/strong><\/li><li><strong>inni biskupi (koadiutorzy, pomocniczy)<\/strong><\/li><\/ul>\n\n\n\n<p><strong>Wikariusze:<\/strong><\/p>\n\n\n\n<ul class=\"wp-block-list\"><li><strong>Wikariusze generalni i wikariusz s\u0105dowy<\/strong><\/li><li><strong>Wikariusze biskupi<\/strong><\/li><\/ul>\n\n\n\n<p><strong>oraz:<\/strong><\/p>\n\n\n\n<ul class=\"wp-block-list\"><li><strong>Prze\u0142o\u017ceni Wy\u017csi instytut\u00f3w \u017bycia Konsekrowanego i Stowarzysze\u0144 \u017bycia Apostolskiego na prawie papieskim (r\u00f3wnie\u017c laickich)<\/strong><\/li><li><strong>Dziekani<\/strong><\/li><li><strong>Proboszczowie<\/strong><\/li><li><strong>Wikariusze parafialni<\/strong><\/li><li><strong>Diakoni<\/strong><\/li><\/ul>\n","protected":false},"excerpt":{"rendered":"<p>W j\u0119zyku potocznym&nbsp;&#8222;hierarchia ko\u015bcielna&#8221;&nbsp;to og\u00f3\u0142 wy\u017cszych duchownych w danym Ko\u015bciele, zwanych hierarchami, do kt\u00f3rych w Ko\u015bciele Katolickim zwykle zalicza si\u0119 papie\u017ca i pra\u0142at\u00f3w, zw\u0142aszcza pra\u0142at\u00f3w wy\u017cszych: od kardyna\u0142\u00f3w, poprzez arcybiskup\u00f3w do biskup\u00f3w.W Ko\u015bciele katolickim w hierarchii ko\u015bcielnej na jej najwa\u017cniejszych stopniach znajduj\u0105 si\u0119: papie\u017c, biskupi, prezbiterzy, diakoni, bracia i siostry ze zgromadze\u0144 zakonnych. Papie\u017cowi podlegaj\u0105&nbsp;(wed\u0142ug &hellip; <\/p>\n<p class=\"link-more\"><a href=\"https:\/\/albert.przemyska.pl\/?page_id=363\" class=\"more-link\">Czytaj dalej<span class=\"screen-reader-text\"> \u201eHierarchia ko\u015bcielna\u201d<\/span><\/a><\/p>\n","protected":false},"author":1,"featured_media":365,"parent":336,"menu_order":0,"comment_status":"closed","ping_status":"closed","template":"","meta":{"footnotes":""},"class_list":["post-363","page","type-page","status-publish","has-post-thumbnail","hentry"],"_links":{"self":[{"href":"https:\/\/albert.przemyska.pl\/index.php?rest_route=\/wp\/v2\/pages\/363","targetHints":{"allow":["GET"]}}],"collection":[{"href":"https:\/\/albert.przemyska.pl\/index.php?rest_route=\/wp\/v2\/pages"}],"about":[{"href":"https:\/\/albert.przemyska.pl\/index.php?rest_route=\/wp\/v2\/types\/page"}],"author":[{"embeddable":true,"href":"https:\/\/albert.przemyska.pl\/index.php?rest_route=\/wp\/v2\/users\/1"}],"replies":[{"embeddable":true,"href":"https:\/\/albert.przemyska.pl\/index.php?rest_route=%2Fwp%2Fv2%2Fcomments&post=363"}],"version-history":[{"count":1,"href":"https:\/\/albert.przemyska.pl\/index.php?rest_route=\/wp\/v2\/pages\/363\/revisions"}],"predecessor-version":[{"id":366,"href":"https:\/\/albert.przemyska.pl\/index.php?rest_route=\/wp\/v2\/pages\/363\/revisions\/366"}],"up":[{"embeddable":true,"href":"https:\/\/albert.przemyska.pl\/index.php?rest_route=\/wp\/v2\/pages\/336"}],"wp:featuredmedia":[{"embeddable":true,"href":"https:\/\/albert.przemyska.pl\/index.php?rest_route=\/wp\/v2\/media\/365"}],"wp:attachment":[{"href":"https:\/\/albert.przemyska.pl\/index.php?rest_route=%2Fwp%2Fv2%2Fmedia&parent=363"}],"curies":[{"name":"wp","href":"https:\/\/api.w.org\/{rel}","templated":true}]}}