{"id":97,"date":"2019-03-19T11:02:23","date_gmt":"2019-03-19T10:02:23","guid":{"rendered":"https:\/\/albert.przemyska.pl\/?page_id=97"},"modified":"2019-03-20T17:28:46","modified_gmt":"2019-03-20T16:28:46","slug":"parafia","status":"publish","type":"page","link":"https:\/\/albert.przemyska.pl\/?page_id=97","title":{"rendered":"PARAFIA"},"content":{"rendered":"\n<p><strong>Tutaj znajdziesz wa\u017cne informacje o naszej parafii, ale nie tylko.&nbsp;<br>Klikaj\u0105c&nbsp;na poszczeg\u00f3lne odno\u015bniki poni\u017cej znajdziesz wi\u0119cej informacji.<\/strong><\/p>\n\n\n\n<p><br><strong><a href=\"https:\/\/albert.przemyska.pl\/?page_id=107\">&#8211; OG\u00d3LNIE O PARAFII<\/a><\/strong><\/p>\n\n\n\n<p><strong><a href=\"https:\/\/albert.przemyska.pl\/?page_id=100\">&#8211; HISTORIA NASZEJ PARAFII<\/a><\/strong><\/p>\n\n\n\n<p><strong><a href=\"https:\/\/albert.przemyska.pl\/?page_id=111\">&#8211; ZASI\u0118G TERYTORIALNY NASZEJ PARAFII<\/a><\/strong><\/p>\n\n\n\n<p><strong><a href=\"https:\/\/albert.przemyska.pl\/?page_id=116\">&#8211; PARAFIALNE KONTO BANKOWE<\/a><\/strong><\/p>\n\n\n\n<p><strong><a href=\"https:\/\/albert.przemyska.pl\/?page_id=119\">&#8211; UROCZYSTE PO\u015aWI\u0118CENIE (TZW. KONSEKRACJA) NASZEJ \u015aWI\u0104TYNI<\/a><\/strong><\/p>\n\n\n\n<p><strong><a href=\"https:\/\/albert.przemyska.pl\/?page_id=122\">&#8211; GRAFIK KURS\u00d3W PRZEDMA\u0141\u017bE\u0143SKICH W NASZYM\u00a0MIE\u015aCIE<\/a><\/strong><\/p>\n\n\n\n<p><strong><a href=\"https:\/\/albert.przemyska.pl\/?page_id=129\">&#8211; NASZ DEKANAT &#8211; PRZEMY\u015aL II<\/a><\/strong><\/p>\n\n\n\n<p><strong><a href=\"https:\/\/albert.przemyska.pl\/?page_id=132\">&#8211; PODSTAWOWE MODLITWY<\/a><\/strong><\/p>\n","protected":false},"excerpt":{"rendered":"<p>Tutaj znajdziesz wa\u017cne informacje o naszej parafii, ale nie tylko.&nbsp;Klikaj\u0105c&nbsp;na poszczeg\u00f3lne odno\u015bniki poni\u017cej znajdziesz wi\u0119cej informacji. &#8211; OG\u00d3LNIE O PARAFII &#8211; HISTORIA NASZEJ PARAFII &#8211; ZASI\u0118G TERYTORIALNY NASZEJ PARAFII &#8211; PARAFIALNE KONTO BANKOWE &#8211; UROCZYSTE PO\u015aWI\u0118CENIE (TZW. KONSEKRACJA) NASZEJ \u015aWI\u0104TYNI &#8211; GRAFIK KURS\u00d3W PRZEDMA\u0141\u017bE\u0143SKICH W NASZYM\u00a0MIE\u015aCIE &#8211; NASZ DEKANAT &#8211; PRZEMY\u015aL II &#8211; PODSTAWOWE MODLITWY<\/p>\n","protected":false},"author":1,"featured_media":106,"parent":0,"menu_order":0,"comment_status":"closed","ping_status":"closed","template":"","meta":{"footnotes":""},"class_list":["post-97","page","type-page","status-publish","has-post-thumbnail","hentry"],"_links":{"self":[{"href":"https:\/\/albert.przemyska.pl\/index.php?rest_route=\/wp\/v2\/pages\/97","targetHints":{"allow":["GET"]}}],"collection":[{"href":"https:\/\/albert.przemyska.pl\/index.php?rest_route=\/wp\/v2\/pages"}],"about":[{"href":"https:\/\/albert.przemyska.pl\/index.php?rest_route=\/wp\/v2\/types\/page"}],"author":[{"embeddable":true,"href":"https:\/\/albert.przemyska.pl\/index.php?rest_route=\/wp\/v2\/users\/1"}],"replies":[{"embeddable":true,"href":"https:\/\/albert.przemyska.pl\/index.php?rest_route=%2Fwp%2Fv2%2Fcomments&post=97"}],"version-history":[{"count":4,"href":"https:\/\/albert.przemyska.pl\/index.php?rest_route=\/wp\/v2\/pages\/97\/revisions"}],"predecessor-version":[{"id":168,"href":"https:\/\/albert.przemyska.pl\/index.php?rest_route=\/wp\/v2\/pages\/97\/revisions\/168"}],"wp:featuredmedia":[{"embeddable":true,"href":"https:\/\/albert.przemyska.pl\/index.php?rest_route=\/wp\/v2\/media\/106"}],"wp:attachment":[{"href":"https:\/\/albert.przemyska.pl\/index.php?rest_route=%2Fwp%2Fv2%2Fmedia&parent=97"}],"curies":[{"name":"wp","href":"https:\/\/api.w.org\/{rel}","templated":true}]}}